{"id":912,"date":"2023-11-10T14:42:46","date_gmt":"2023-11-10T13:42:46","guid":{"rendered":"https:\/\/lesepinglees.fr\/?page_id=912"},"modified":"2026-04-03T19:15:12","modified_gmt":"2026-04-03T17:15:12","slug":"cours-la-decouverte-surjeteuse","status":"publish","type":"page","link":"https:\/\/lesepinglees.fr\/index.php\/cours-la-decouverte-surjeteuse\/","title":{"rendered":"Cours \u00ab\u00a0La D\u00e9couverte\u00a0\u00bb &#8211; Surjeteuse"},"content":{"rendered":"\n<div class=\"wp-block-cover\"><img loading=\"lazy\" decoding=\"async\" width=\"1903\" height=\"749\" class=\"wp-block-cover__image-background wp-image-629\" alt=\"\" src=\"https:\/\/lesepinglees.fr\/wp-content\/uploads\/2022\/08\/cropped-K9A8279-bleu.jpg\" data-object-fit=\"cover\" srcset=\"https:\/\/lesepinglees.fr\/wp-content\/uploads\/2022\/08\/cropped-K9A8279-bleu.jpg 1903w, https:\/\/lesepinglees.fr\/wp-content\/uploads\/2022\/08\/cropped-K9A8279-bleu-300x118.jpg 300w, https:\/\/lesepinglees.fr\/wp-content\/uploads\/2022\/08\/cropped-K9A8279-bleu-1024x403.jpg 1024w, https:\/\/lesepinglees.fr\/wp-content\/uploads\/2022\/08\/cropped-K9A8279-bleu-768x302.jpg 768w, https:\/\/lesepinglees.fr\/wp-content\/uploads\/2022\/08\/cropped-K9A8279-bleu-1536x605.jpg 1536w\" sizes=\"auto, (max-width: 1903px) 100vw, 1903px\" \/><span aria-hidden=\"true\" class=\"wp-block-cover__background has-background-dim\"><\/span><div class=\"wp-block-cover__inner-container is-layout-flow wp-block-cover-is-layout-flow\">\n<p class=\"has-text-align-center has-large-font-size\" style=\"text-transform:uppercase\"><\/p>\n<\/div><\/div>\n\n\n\n<p class=\"has-text-align-center\" style=\"font-size:30px;letter-spacing:5px;text-transform:uppercase\"><strong><strong>COURS \u00ab\u00a0LA d\u00e9couverte\u00a0\u00bb<\/strong><\/strong><\/p>\n\n\n\n<p class=\"has-text-align-center has-medium-font-size\" style=\"letter-spacing:5px;text-transform:uppercase\"><strong>surjeteuse familiale &#8211; <span>particulier &#8211; 2h &#8211; flexibilite<\/span><\/strong><\/p>\n\n\n\n<p>Tout le monde ne sait pas ce qu&rsquo;est une surjeteuse, mais quand on en a une, c&rsquo;est une machine qui peut \u00eatre un peu intimidante. En effet, une&nbsp;<strong>surjeteuse<\/strong>&nbsp;coupe proprement le bord du tissu, le pique et le surfile en m\u00eame temps, tout ca dans la m\u00eame op\u00e9ration.<\/p>\n\n\n\n<p>Il y a plusieurs raisons qui peuvent vous motiver \u00e0 prendre un cours :<\/p>\n\n\n\n<p>\u27a1\ufe0f Vous en avez achet\u00e9 une sur internet ou dans une chaine de magasin et vous ne savez pas \u00e0 l&rsquo;utiliser.<\/p>\n\n\n\n<p>\u27a1\ufe0f Elle va si vite en coupant le tissu qu&rsquo;elle vous fait peur.<\/p>\n\n\n\n<p>\u27a1\ufe0f L&rsquo;enfilage et les r\u00e9glages vous paraissent compliqu\u00e9s.<\/p>\n\n\n\n<p>\u27a1\ufe0f Vous ne savez pas positionner votre tissu correctement pour surjeter.<\/p>\n\n\n\n<div class=\"wp-block-columns is-layout-flex wp-container-core-columns-is-layout-9d6595d7 wp-block-columns-is-layout-flex\">\n<div class=\"wp-block-column is-layout-flow wp-block-column-is-layout-flow\">\n<p>\u2702\ufe0f Lors de ce cours de 2h, on fait le tour de la <strong>machine.<\/strong> On <strong>enfile <\/strong>les 4 c\u00f4nes de fils, on fait les <strong>r\u00e9glages <\/strong>de tensions et on fait des <strong>tests <\/strong>sur des chutes de tissus. On regarde aussi les diff\u00e9rents <strong>points qu&rsquo;elle propose<\/strong> et on fait un nuancier avec lequel vous repartirez. Que ce soit les mots \u00ab\u00a0surjet \u00e9troit\u00a0\u00bb, \u00ab\u00a0surjet large\u00a0\u00bb, \u00ab\u00a0roulott\u00e9\u00a0\u00bb, \u00ab\u00a0boucleur\u00a0\u00bb, ou encore \u00ab\u00a0diff\u00e9rentiel\u00a0\u00bb, votre surjeteuse n&rsquo;aura <strong>plus de secret<\/strong> pour vous et vous pourrez enfin vous en <strong>servir <\/strong>!<\/p>\n<\/div>\n\n\n\n<div class=\"wp-block-column is-layout-flow wp-block-column-is-layout-flow\">\n<figure class=\"wp-block-image size-full\"><img loading=\"lazy\" decoding=\"async\" width=\"1000\" height=\"750\" src=\"https:\/\/lesepinglees.fr\/wp-content\/uploads\/2022\/08\/K9A8449-1.jpg\" alt=\"\" class=\"wp-image-637\" srcset=\"https:\/\/lesepinglees.fr\/wp-content\/uploads\/2022\/08\/K9A8449-1.jpg 1000w, https:\/\/lesepinglees.fr\/wp-content\/uploads\/2022\/08\/K9A8449-1-300x225.jpg 300w, https:\/\/lesepinglees.fr\/wp-content\/uploads\/2022\/08\/K9A8449-1-768x576.jpg 768w\" sizes=\"auto, (max-width: 1000px) 100vw, 1000px\" \/><figcaption class=\"wp-element-caption\">Cours \u00ab\u00a0La D\u00e9couverte\u00a0\u00bb &#8211; Surjeteuse<\/figcaption><\/figure>\n<\/div>\n<\/div>\n\n\n\n<p>Ce cours se passe sur Hennebont, dans l&rsquo;atelier <strong>bien lumineux<\/strong> des Epingl\u00e9es avec sa grande table tr\u00e8s pratique pour travailler. <\/p>\n\n\n\n<p>La r\u00e9servation des cours se fait par <strong>t\u00e9l\u00e9phone <\/strong>ou par <strong>mail <\/strong>apr\u00e8s avoir discut\u00e9 de <strong>votre <\/strong>situation. Ensemble, on trouve un cr\u00e9neaux horaire qui <strong>vous convienne<\/strong>. Le ma\u00eetre mot est <strong>flexibilit\u00e9 <\/strong>!<\/p>\n\n\n\n<div style=\"height:100px\" aria-hidden=\"true\" class=\"wp-block-spacer\"><\/div>\n\n\n\n<div class=\"wp-block-columns is-layout-flex wp-container-core-columns-is-layout-9d6595d7 wp-block-columns-is-layout-flex\">\n<div class=\"wp-block-column is-layout-flow wp-block-column-is-layout-flow\">\n<div class=\"wp-block-buttons is-layout-flex wp-block-buttons-is-layout-flex\">\n<div class=\"wp-block-button\"><a class=\"wp-block-button__link has-white-color has-text-color has-background wp-element-button\" href=\"https:\/\/lesepinglees.fr\/index.php\/contact\/\" style=\"border-radius:0px;background-color:#eb695b\">CONTACT<\/a><\/div>\n<\/div>\n<\/div>\n\n\n\n<div class=\"wp-block-column is-layout-flow wp-block-column-is-layout-flow\">\n<div class=\"wp-block-buttons is-layout-flex wp-block-buttons-is-layout-flex\">\n<div class=\"wp-block-button\"><a class=\"wp-block-button__link has-white-color has-text-color has-background wp-element-button\" href=\"https:\/\/lesepinglees.fr\/index.php\/tarif\/\" style=\"border-radius:0px;background-color:#eb695b\">VOIR LES TARIFS<\/a><\/div>\n<\/div>\n<\/div>\n<\/div>\n","protected":false},"excerpt":{"rendered":"<p>COURS \u00ab\u00a0LA d\u00e9couverte\u00a0\u00bb surjeteuse familiale &#8211; particulier &#8211; 2h &#8211; flexibilite Tout le monde ne sait pas ce qu&rsquo;est une surjeteuse, mais quand on en a une, c&rsquo;est une machine qui peut \u00eatre un peu intimidante. En effet, une&nbsp;surjeteuse&nbsp;coupe proprement le bord du tissu, le pique et le surfile en m\u00eame temps, tout ca dans &hellip; <\/p>\n","protected":false},"author":1,"featured_media":0,"parent":0,"menu_order":0,"comment_status":"closed","ping_status":"closed","template":"","meta":{"footnotes":""},"class_list":["post-912","page","type-page","status-publish","hentry"],"yoast_head":"<!-- This site is optimized with the Yoast SEO plugin v27.4 - https:\/\/yoast.com\/product\/yoast-seo-wordpress\/ -->\n<title>Cours &quot;La D\u00e9couverte&quot; - Surjeteuse - Cours de couture dans le Morbihan<\/title>\n<meta name=\"robots\" content=\"index, follow, max-snippet:-1, max-image-preview:large, max-video-preview:-1\" \/>\n<link rel=\"canonical\" href=\"https:\/\/lesepinglees.fr\/index.php\/cours-la-decouverte-surjeteuse\/\" \/>\n<meta property=\"og:locale\" content=\"fr_FR\" \/>\n<meta property=\"og:type\" content=\"article\" \/>\n<meta property=\"og:title\" content=\"Cours &quot;La D\u00e9couverte&quot; - Surjeteuse - Cours de couture dans le Morbihan\" \/>\n<meta property=\"og:description\" content=\"COURS \u00ab\u00a0LA d\u00e9couverte\u00a0\u00bb surjeteuse familiale &#8211; particulier &#8211; 2h &#8211; flexibilite Tout le monde ne sait pas ce qu&rsquo;est une surjeteuse, mais quand on en a une, c&rsquo;est une machine qui peut \u00eatre un peu intimidante. En effet, une&nbsp;surjeteuse&nbsp;coupe proprement le bord du tissu, le pique et le surfile en m\u00eame temps, tout ca dans &hellip;\" \/>\n<meta property=\"og:url\" content=\"https:\/\/lesepinglees.fr\/index.php\/cours-la-decouverte-surjeteuse\/\" \/>\n<meta property=\"og:site_name\" content=\"Cours de couture dans le Morbihan\" \/>\n<meta property=\"article:modified_time\" content=\"2026-04-03T17:15:12+00:00\" \/>\n<meta property=\"og:image\" content=\"http:\/\/lesepinglees.fr\/wp-content\/uploads\/2022\/08\/cropped-K9A8279-bleu.jpg\" \/>\n<meta name=\"twitter:card\" content=\"summary_large_image\" \/>\n<meta name=\"twitter:label1\" content=\"Dur\u00e9e de lecture estim\u00e9e\" \/>\n\t<meta name=\"twitter:data1\" content=\"2 minutes\" \/>\n<script type=\"application\/ld+json\" class=\"yoast-schema-graph\">{\"@context\":\"https:\\\/\\\/schema.org\",\"@graph\":[{\"@type\":\"WebPage\",\"@id\":\"https:\\\/\\\/lesepinglees.fr\\\/index.php\\\/cours-la-decouverte-surjeteuse\\\/\",\"url\":\"https:\\\/\\\/lesepinglees.fr\\\/index.php\\\/cours-la-decouverte-surjeteuse\\\/\",\"name\":\"Cours \\\"La D\u00e9couverte\\\" - Surjeteuse - Cours de couture dans le Morbihan\",\"isPartOf\":{\"@id\":\"https:\\\/\\\/lesepinglees.fr\\\/#website\"},\"primaryImageOfPage\":{\"@id\":\"https:\\\/\\\/lesepinglees.fr\\\/index.php\\\/cours-la-decouverte-surjeteuse\\\/#primaryimage\"},\"image\":{\"@id\":\"https:\\\/\\\/lesepinglees.fr\\\/index.php\\\/cours-la-decouverte-surjeteuse\\\/#primaryimage\"},\"thumbnailUrl\":\"http:\\\/\\\/lesepinglees.fr\\\/wp-content\\\/uploads\\\/2022\\\/08\\\/cropped-K9A8279-bleu.jpg\",\"datePublished\":\"2023-11-10T13:42:46+00:00\",\"dateModified\":\"2026-04-03T17:15:12+00:00\",\"breadcrumb\":{\"@id\":\"https:\\\/\\\/lesepinglees.fr\\\/index.php\\\/cours-la-decouverte-surjeteuse\\\/#breadcrumb\"},\"inLanguage\":\"fr-FR\",\"potentialAction\":[{\"@type\":\"ReadAction\",\"target\":[\"https:\\\/\\\/lesepinglees.fr\\\/index.php\\\/cours-la-decouverte-surjeteuse\\\/\"]}]},{\"@type\":\"ImageObject\",\"inLanguage\":\"fr-FR\",\"@id\":\"https:\\\/\\\/lesepinglees.fr\\\/index.php\\\/cours-la-decouverte-surjeteuse\\\/#primaryimage\",\"url\":\"http:\\\/\\\/lesepinglees.fr\\\/wp-content\\\/uploads\\\/2022\\\/08\\\/cropped-K9A8279-bleu.jpg\",\"contentUrl\":\"http:\\\/\\\/lesepinglees.fr\\\/wp-content\\\/uploads\\\/2022\\\/08\\\/cropped-K9A8279-bleu.jpg\"},{\"@type\":\"BreadcrumbList\",\"@id\":\"https:\\\/\\\/lesepinglees.fr\\\/index.php\\\/cours-la-decouverte-surjeteuse\\\/#breadcrumb\",\"itemListElement\":[{\"@type\":\"ListItem\",\"position\":1,\"name\":\"Accueil\",\"item\":\"https:\\\/\\\/lesepinglees.fr\\\/\"},{\"@type\":\"ListItem\",\"position\":2,\"name\":\"Cours \u00ab\u00a0La D\u00e9couverte\u00a0\u00bb &#8211; Surjeteuse\"}]},{\"@type\":\"WebSite\",\"@id\":\"https:\\\/\\\/lesepinglees.fr\\\/#website\",\"url\":\"https:\\\/\\\/lesepinglees.fr\\\/\",\"name\":\"Cours de couture dans le Morbihan\",\"description\":\"Coudre sans mod\u00e9ration\",\"publisher\":{\"@id\":\"https:\\\/\\\/lesepinglees.fr\\\/#organization\"},\"potentialAction\":[{\"@type\":\"SearchAction\",\"target\":{\"@type\":\"EntryPoint\",\"urlTemplate\":\"https:\\\/\\\/lesepinglees.fr\\\/?s={search_term_string}\"},\"query-input\":{\"@type\":\"PropertyValueSpecification\",\"valueRequired\":true,\"valueName\":\"search_term_string\"}}],\"inLanguage\":\"fr-FR\"},{\"@type\":\"Organization\",\"@id\":\"https:\\\/\\\/lesepinglees.fr\\\/#organization\",\"name\":\"Cours de couture dans le Morbihan\",\"url\":\"https:\\\/\\\/lesepinglees.fr\\\/\",\"logo\":{\"@type\":\"ImageObject\",\"inLanguage\":\"fr-FR\",\"@id\":\"https:\\\/\\\/lesepinglees.fr\\\/#\\\/schema\\\/logo\\\/image\\\/\",\"url\":\"https:\\\/\\\/lesepinglees.fr\\\/wp-content\\\/uploads\\\/2022\\\/08\\\/cropped-cropped-Logo-Les-Epinglees-2.png\",\"contentUrl\":\"https:\\\/\\\/lesepinglees.fr\\\/wp-content\\\/uploads\\\/2022\\\/08\\\/cropped-cropped-Logo-Les-Epinglees-2.png\",\"width\":931,\"height\":333,\"caption\":\"Cours de couture dans le Morbihan\"},\"image\":{\"@id\":\"https:\\\/\\\/lesepinglees.fr\\\/#\\\/schema\\\/logo\\\/image\\\/\"}}]}<\/script>\n<!-- \/ Yoast SEO plugin. -->","yoast_head_json":{"title":"Cours \"La D\u00e9couverte\" - Surjeteuse - Cours de couture dans le Morbihan","robots":{"index":"index","follow":"follow","max-snippet":"max-snippet:-1","max-image-preview":"max-image-preview:large","max-video-preview":"max-video-preview:-1"},"canonical":"https:\/\/lesepinglees.fr\/index.php\/cours-la-decouverte-surjeteuse\/","og_locale":"fr_FR","og_type":"article","og_title":"Cours \"La D\u00e9couverte\" - Surjeteuse - Cours de couture dans le Morbihan","og_description":"COURS \u00ab\u00a0LA d\u00e9couverte\u00a0\u00bb surjeteuse familiale &#8211; particulier &#8211; 2h &#8211; flexibilite Tout le monde ne sait pas ce qu&rsquo;est une surjeteuse, mais quand on en a une, c&rsquo;est une machine qui peut \u00eatre un peu intimidante. En effet, une&nbsp;surjeteuse&nbsp;coupe proprement le bord du tissu, le pique et le surfile en m\u00eame temps, tout ca dans &hellip;","og_url":"https:\/\/lesepinglees.fr\/index.php\/cours-la-decouverte-surjeteuse\/","og_site_name":"Cours de couture dans le Morbihan","article_modified_time":"2026-04-03T17:15:12+00:00","og_image":[{"url":"http:\/\/lesepinglees.fr\/wp-content\/uploads\/2022\/08\/cropped-K9A8279-bleu.jpg","type":"","width":"","height":""}],"twitter_card":"summary_large_image","twitter_misc":{"Dur\u00e9e de lecture estim\u00e9e":"2 minutes"},"schema":{"@context":"https:\/\/schema.org","@graph":[{"@type":"WebPage","@id":"https:\/\/lesepinglees.fr\/index.php\/cours-la-decouverte-surjeteuse\/","url":"https:\/\/lesepinglees.fr\/index.php\/cours-la-decouverte-surjeteuse\/","name":"Cours \"La D\u00e9couverte\" - Surjeteuse - Cours de couture dans le Morbihan","isPartOf":{"@id":"https:\/\/lesepinglees.fr\/#website"},"primaryImageOfPage":{"@id":"https:\/\/lesepinglees.fr\/index.php\/cours-la-decouverte-surjeteuse\/#primaryimage"},"image":{"@id":"https:\/\/lesepinglees.fr\/index.php\/cours-la-decouverte-surjeteuse\/#primaryimage"},"thumbnailUrl":"http:\/\/lesepinglees.fr\/wp-content\/uploads\/2022\/08\/cropped-K9A8279-bleu.jpg","datePublished":"2023-11-10T13:42:46+00:00","dateModified":"2026-04-03T17:15:12+00:00","breadcrumb":{"@id":"https:\/\/lesepinglees.fr\/index.php\/cours-la-decouverte-surjeteuse\/#breadcrumb"},"inLanguage":"fr-FR","potentialAction":[{"@type":"ReadAction","target":["https:\/\/lesepinglees.fr\/index.php\/cours-la-decouverte-surjeteuse\/"]}]},{"@type":"ImageObject","inLanguage":"fr-FR","@id":"https:\/\/lesepinglees.fr\/index.php\/cours-la-decouverte-surjeteuse\/#primaryimage","url":"http:\/\/lesepinglees.fr\/wp-content\/uploads\/2022\/08\/cropped-K9A8279-bleu.jpg","contentUrl":"http:\/\/lesepinglees.fr\/wp-content\/uploads\/2022\/08\/cropped-K9A8279-bleu.jpg"},{"@type":"BreadcrumbList","@id":"https:\/\/lesepinglees.fr\/index.php\/cours-la-decouverte-surjeteuse\/#breadcrumb","itemListElement":[{"@type":"ListItem","position":1,"name":"Accueil","item":"https:\/\/lesepinglees.fr\/"},{"@type":"ListItem","position":2,"name":"Cours \u00ab\u00a0La D\u00e9couverte\u00a0\u00bb &#8211; Surjeteuse"}]},{"@type":"WebSite","@id":"https:\/\/lesepinglees.fr\/#website","url":"https:\/\/lesepinglees.fr\/","name":"Cours de couture dans le Morbihan","description":"Coudre sans mod\u00e9ration","publisher":{"@id":"https:\/\/lesepinglees.fr\/#organization"},"potentialAction":[{"@type":"SearchAction","target":{"@type":"EntryPoint","urlTemplate":"https:\/\/lesepinglees.fr\/?s={search_term_string}"},"query-input":{"@type":"PropertyValueSpecification","valueRequired":true,"valueName":"search_term_string"}}],"inLanguage":"fr-FR"},{"@type":"Organization","@id":"https:\/\/lesepinglees.fr\/#organization","name":"Cours de couture dans le Morbihan","url":"https:\/\/lesepinglees.fr\/","logo":{"@type":"ImageObject","inLanguage":"fr-FR","@id":"https:\/\/lesepinglees.fr\/#\/schema\/logo\/image\/","url":"https:\/\/lesepinglees.fr\/wp-content\/uploads\/2022\/08\/cropped-cropped-Logo-Les-Epinglees-2.png","contentUrl":"https:\/\/lesepinglees.fr\/wp-content\/uploads\/2022\/08\/cropped-cropped-Logo-Les-Epinglees-2.png","width":931,"height":333,"caption":"Cours de couture dans le Morbihan"},"image":{"@id":"https:\/\/lesepinglees.fr\/#\/schema\/logo\/image\/"}}]}},"_links":{"self":[{"href":"https:\/\/lesepinglees.fr\/index.php\/wp-json\/wp\/v2\/pages\/912","targetHints":{"allow":["GET"]}}],"collection":[{"href":"https:\/\/lesepinglees.fr\/index.php\/wp-json\/wp\/v2\/pages"}],"about":[{"href":"https:\/\/lesepinglees.fr\/index.php\/wp-json\/wp\/v2\/types\/page"}],"author":[{"embeddable":true,"href":"https:\/\/lesepinglees.fr\/index.php\/wp-json\/wp\/v2\/users\/1"}],"replies":[{"embeddable":true,"href":"https:\/\/lesepinglees.fr\/index.php\/wp-json\/wp\/v2\/comments?post=912"}],"version-history":[{"count":2,"href":"https:\/\/lesepinglees.fr\/index.php\/wp-json\/wp\/v2\/pages\/912\/revisions"}],"predecessor-version":[{"id":1416,"href":"https:\/\/lesepinglees.fr\/index.php\/wp-json\/wp\/v2\/pages\/912\/revisions\/1416"}],"wp:attachment":[{"href":"https:\/\/lesepinglees.fr\/index.php\/wp-json\/wp\/v2\/media?parent=912"}],"curies":[{"name":"wp","href":"https:\/\/api.w.org\/{rel}","templated":true}]}}