{"id":847,"date":"2023-06-06T15:31:26","date_gmt":"2023-06-06T13:31:26","guid":{"rendered":"https:\/\/lesepinglees.fr\/?page_id=847"},"modified":"2025-08-29T10:28:52","modified_gmt":"2025-08-29T08:28:52","slug":"cours-de-couture-en-petit-groupe-le-cinq-etoiles","status":"publish","type":"page","link":"https:\/\/lesepinglees.fr\/index.php\/cours-de-couture-en-petit-groupe-le-cinq-etoiles\/","title":{"rendered":"Cours de couture en petit groupe \u00ab\u00a0Le cinq \u00e9toiles\u00a0\u00bb"},"content":{"rendered":"<div class=\"wp-block-image\">\n<figure class=\"aligncenter size-large\"><img loading=\"lazy\" decoding=\"async\" width=\"1024\" height=\"403\" src=\"https:\/\/lesepinglees.fr\/wp-content\/uploads\/2022\/08\/cropped-K9A8279-bleu-1024x403.jpg\" alt=\"cours couture Hennebont atelier couture Morbihan\" class=\"wp-image-629\" srcset=\"https:\/\/lesepinglees.fr\/wp-content\/uploads\/2022\/08\/cropped-K9A8279-bleu-1024x403.jpg 1024w, https:\/\/lesepinglees.fr\/wp-content\/uploads\/2022\/08\/cropped-K9A8279-bleu-300x118.jpg 300w, https:\/\/lesepinglees.fr\/wp-content\/uploads\/2022\/08\/cropped-K9A8279-bleu-768x302.jpg 768w, https:\/\/lesepinglees.fr\/wp-content\/uploads\/2022\/08\/cropped-K9A8279-bleu-1536x605.jpg 1536w, https:\/\/lesepinglees.fr\/wp-content\/uploads\/2022\/08\/cropped-K9A8279-bleu.jpg 1903w\" sizes=\"auto, (max-width: 1024px) 100vw, 1024px\" \/><figcaption class=\"wp-element-caption\">cours couture en petit groupe sur Hennebont atelier couture Morbihan<\/figcaption><\/figure><\/div>\n\n\n<h1 class=\"wp-block-heading has-text-align-center\" style=\"font-size:30px;letter-spacing:5px;text-transform:uppercase\"><strong><strong>COURS de couture \u00ab\u00a0<strong><strong>le cinq \u00e9toiles<\/strong><\/strong>\u00ab\u00a0<\/strong><\/strong><\/h1>\n\n\n\n<p class=\"has-text-align-center has-medium-font-size\" style=\"letter-spacing:5px;text-transform:uppercase\"><strong><strong>COLLECTIF &#8211; 2h &#8211; limit\u00e9 \u00e0 5 personnes &#8211; A l&rsquo;ann\u00e9e<\/strong><\/strong><\/p>\n\n\n\n<p><\/p>\n\n\n\n<h2 class=\"wp-block-heading has-medium-font-size\" style=\"letter-spacing:2px;text-decoration:underline\">Des cours de couture en petit groupe \u00e0 Hennebont (Morbihan)<\/h2>\n\n\n\n<p>Vous cherchez un <strong>cours de couture en petit groupe pr\u00e8s de Lorient dans le Morbihan<\/strong>, \u00e0 la fois convivial, structur\u00e9 et stimulant\u202f? Le Cinq \u00c9toiles est fait pour vous\u202f!<br>Ce <strong>cours collectif<\/strong> se d\u00e9roule \u00e0 Hennebont, dans l\u2019atelier lumineux et tout \u00e9quip\u00e9 des <strong>\u00c9pingl\u00e9es<\/strong>, en petit groupe de <strong>5 participant\u00b7es maximum<\/strong>. Id\u00e9al pour progresser \u00e0 votre rythme dans une ambiance bienveillante.<\/p>\n\n\n\n<p>Chaque s\u00e9ance est l\u2019occasion de travailler sur <strong>votre projet personnel<\/strong>, avec les conseils techniques d\u2019<strong>Ad\u00e8le<\/strong>, passionn\u00e9e et p\u00e9dagogue.<\/p>\n\n\n\n<p><\/p>\n\n\n\n<h2 class=\"wp-block-heading has-medium-font-size\" style=\"letter-spacing:2px;text-decoration:underline\">Un apprentissage de la couture sur l\u2019ann\u00e9e<\/h2>\n\n\n\n<ul class=\"wp-block-list\">\n<li><strong>Fr\u00e9quence :<\/strong> 2 fois par mois<\/li>\n\n\n\n<li><strong>Dur\u00e9e :<\/strong> 2h par s\u00e9ance<\/li>\n\n\n\n<li><strong>P\u00e9riode :<\/strong> d\u2019octobre \u00e0 juin<\/li>\n<\/ul>\n\n\n\n<p>Ce format permet un <strong>apprentissage approfondi des techniques de couture<\/strong>, quel que soit votre niveau (d\u00e9butant\u00b7e ou confirm\u00e9\u00b7e).<br>Ce <strong>cours de couture en petit <\/strong>groupe favorise l\u2019\u00e9change, l\u2019entraide et un suivi personnalis\u00e9, pour que chacun\u00b7e d\u00e9veloppe son autonomie et sa cr\u00e9ativit\u00e9.<\/p>\n\n\n\n<p><\/p>\n\n\n\n<h2 class=\"wp-block-heading has-medium-font-size\" style=\"letter-spacing:2px;text-decoration:underline\">Un atelier de cours de couture \u00e9quip\u00e9 et inspirant<\/h2>\n\n\n\n<p>Le cours se d\u00e9roule dans l\u2019atelier lumineux des \u00c9pingl\u00e9es, sp\u00e9cialement am\u00e9nag\u00e9 pour l\u2019apprentissage :<\/p>\n\n\n\n<ul class=\"wp-block-list\">\n<li>Machines \u00e0 coudre <\/li>\n\n\n\n<li>Surjeteuses<\/li>\n\n\n\n<li>Recouvreuse<\/li>\n\n\n\n<li>Centrale vapeur<\/li>\n\n\n\n<li>Grande table de coupe \u00e0 hauteur (pour ne pas se faire mal au dos)<\/li>\n\n\n\n<li>Espace personnel pour installer sa machine \u00e0 coudre<\/li>\n\n\n\n<li>Biblioth\u00e8que et patronth\u00e8que \u00e0 disposition<\/li>\n\n\n\n<li>Et tout le n\u00e9cessaire pour coudre dans les meilleures conditions !<\/li>\n<\/ul>\n\n\n\n<p>Les <strong>projets de couture<\/strong> sont vari\u00e9s et adapt\u00e9s aux envies et au niveau de chacun\u00b7e. Vous pourrez cr\u00e9er vos v\u00eatements, accessoires ou objets d\u00e9co dans une ambiance d\u00e9tendue et motivante.<\/p>\n\n\n\n<p><\/p>\n\n\n\n<h2 class=\"wp-block-heading has-medium-font-size\" style=\"letter-spacing:2px;text-decoration:underline\">Pourquoi choisir \u00ab\u00a0Le Cinq \u00c9toiles\u00a0\u00bb ?<\/h2>\n\n\n\n<div class=\"wp-block-group\"><div class=\"wp-block-group__inner-container is-layout-flow wp-block-group-is-layout-flow\">\n<ul class=\"wp-block-list\">\n<li>Une <strong>r\u00e9gularit\u00e9 motivante<\/strong> : on se retrouve 2 fois par mois pour faire avancer ses projets<\/li>\n\n\n\n<li>Une <strong>ambiance d\u00e9tendue<\/strong>, o\u00f9 l\u2019on progresse en s\u2019inspirant les un\u00b7es des autres<\/li>\n\n\n\n<li>Un <strong>groupe restreint<\/strong>, pour un suivi vraiment personnalis\u00e9<\/li>\n\n\n\n<li>L\u2019occasion de <strong>partager des id\u00e9es<\/strong>, d\u00e9couvrir les r\u00e9alisations des autres et se perfectionner ensemble<\/li>\n<\/ul>\n<\/div><\/div>\n\n\n\n<p><\/p>\n\n\n\n<h2 class=\"wp-block-heading has-medium-font-size\" style=\"letter-spacing:2px;text-decoration:underline\">Cr\u00e9neaux 2025-2026<\/h2>\n\n\n\n<p><strong>\ud83e\uddf5 Cr\u00e9neaux disponibles :<\/strong><\/p>\n\n\n\n<ul class=\"wp-block-list\">\n<li><strong>Lundi :<\/strong> 14h \u2013 16h<\/li>\n\n\n\n<li><strong>Mardi :<\/strong> 14h \u2013 16h<\/li>\n\n\n\n<li><strong>Mardi :<\/strong> 18h30 \u2013 20h30 (2 groupes)<\/li>\n\n\n\n<li><strong>Jeudi :<\/strong> 14h \u2013 16h<\/li>\n<\/ul>\n\n\n\n<p><strong>\ud83d\udccd Lieu :<\/strong> Tous les cours ont lieu \u00e0 Hennebont, dans <strong>le bel atelier<\/strong> des Epingl\u00e9es \u2763\ufe0f<\/p>\n\n\n\n<p><strong>\u26a0\ufe0f Places tr\u00e8s limit\u00e9es !<\/strong><br>\u27a1\ufe0f Contactez-moi rapidement pour r\u00e9server votre place.<br>\ud83d\udcec Il est possible d\u2019int\u00e9grer le cours en cours d\u2019ann\u00e9e, selon les disponibilit\u00e9s.<\/p>\n\n\n\n<p><\/p>\n\n\n\n<p><\/p>\n\n\n\n<h2 class=\"wp-block-heading has-medium-font-size\" style=\"letter-spacing:2px;text-decoration:underline\">Cr\u00e9neaux 2025-2026<\/h2>\n\n\n\n<div class=\"wp-block-group\"><div class=\"wp-block-group__inner-container is-layout-flow wp-block-group-is-layout-flow\">\n<p><\/p>\n\n\n\n<figure class=\"wp-block-table\"><table><tbody><tr><td>Date<\/td><td class=\"has-text-align-center\" data-align=\"center\">Lundi <strong>APRES MIDI<\/strong> <\/td><td class=\"has-text-align-center\" data-align=\"center\">Mardi <strong>APRES MIDI<\/strong><\/td><td class=\"has-text-align-center\" data-align=\"center\">mardi <strong>SOIR<\/strong> &#8211; Gr 1<\/td><td class=\"has-text-align-center\" data-align=\"center\">mardi <strong>SOIR<\/strong> &#8211; Gr 2<\/td><td class=\"has-text-align-center\" data-align=\"center\">Jeudi <strong>APRES MIDI<\/strong><\/td><\/tr><tr><td>1er Trimestre<\/td><td class=\"has-text-align-center\" data-align=\"center\">6\/10, 13\/10<br>3\/11, 17\/11<br>1\/12, 15\/12<\/td><td class=\"has-text-align-center\" data-align=\"center\">7\/10, 14\/10<br>4\/11, 18\/11<br>2\/12, 16\/12<\/td><td class=\"has-text-align-center\" data-align=\"center\">9\/09, 7\/10<br>21\/10, 11\/11<br>25\/11, 9\/12<\/td><td class=\"has-text-align-center\" data-align=\"center\">30\/09, 14\/10<br>4\/11, 18\/11<br>2\/12, 16\/12<br><\/td><td class=\"has-text-align-center\" data-align=\"center\">9\/10, 16\/10<br>6\/11, 20\/11<br>4\/12, 18\/12<\/td><\/tr><tr><td>2eme Trimestre<\/td><td class=\"has-text-align-center\" data-align=\"center\">5\/01, 19\/01<br>2\/02, 9\/02<br>2\/03, 16\/03<\/td><td class=\"has-text-align-center\" data-align=\"center\">6\/01, 20\/01<br>3\/02, 10\/02<br>3\/03, 17\/03<\/td><td class=\"has-text-align-center\" data-align=\"center\">6\/01, 20\/01<br>3\/02, 17\/02<br>10\/03, 24\/03<\/td><td class=\"has-text-align-center\" data-align=\"center\">13\/01, 27\/01<br>10\/02, 3\/03<br>17\/03, 31\/03<\/td><td class=\"has-text-align-center\" data-align=\"center\">8\/01, 22\/01<br>5\/02, 12\/02<br>5\/03, 19\/03<\/td><\/tr><tr><td>3eme Trimestre<\/td><td class=\"has-text-align-center\" data-align=\"center\">30\/03, 27\/04<br>11\/05, 18\/05<br>8\/06, 22\/06<\/td><td class=\"has-text-align-center\" data-align=\"center\">7\/04, 28\/04<br>12\/05, 26\/05<br>9\/06, 23\/06<\/td><td class=\"has-text-align-center\" data-align=\"center\">7\/04, 28\/04<br>12\/05, 26\/05<br>9\/06, 23\/06<\/td><td class=\"has-text-align-center\" data-align=\"center\">14\/04, 05\/05<br>19\/05, 2\/06<br>16\/06, 30\/06<\/td><td class=\"has-text-align-center\" data-align=\"center\">9\/04, 30\/04<br>21\/05, 28\/05<br>11\/06, 25\/06<\/td><\/tr><\/tbody><\/table><\/figure>\n\n\n\n<p><\/p>\n\n\n\n<div class=\"wp-block-columns is-layout-flex wp-container-core-columns-is-layout-9d6595d7 wp-block-columns-is-layout-flex\">\n<div class=\"wp-block-column is-layout-flow wp-block-column-is-layout-flow\"><\/div>\n\n\n\n<div class=\"wp-block-column is-layout-flow wp-block-column-is-layout-flow\">\n<div class=\"wp-block-buttons is-layout-flex wp-block-buttons-is-layout-flex\">\n<div class=\"wp-block-button\"><a class=\"wp-block-button__link has-white-color has-text-color has-background wp-element-button\" href=\"https:\/\/lesepinglees.fr\/index.php\/tarif\/\" style=\"border-radius:0px;background-color:#eb695b\">VOIR LES TARIFS<\/a><\/div>\n<\/div>\n<\/div>\n<\/div>\n\n\n\n<p><\/p>\n\n\n\n<p><\/p>\n\n\n\n<p>Suivez nous sur les r\u00e9seaux : <a href=\"https:\/\/www.facebook.com\/lesepinglees\">Facebook <\/a>&#8211; <a href=\"https:\/\/www.instagram.com\/lesepinglees\/\">Instagram<\/a><\/p>\n<\/div><\/div>\n","protected":false},"excerpt":{"rendered":"<p>COURS de couture \u00ab\u00a0le cinq \u00e9toiles\u00ab\u00a0 COLLECTIF &#8211; 2h &#8211; limit\u00e9 \u00e0 5 personnes &#8211; A l&rsquo;ann\u00e9e Des cours de couture en petit groupe \u00e0 Hennebont (Morbihan) Vous cherchez un cours de couture en petit groupe pr\u00e8s de Lorient dans le Morbihan, \u00e0 la fois convivial, structur\u00e9 et stimulant\u202f? Le Cinq \u00c9toiles est fait pour &hellip; <\/p>\n","protected":false},"author":1,"featured_media":0,"parent":0,"menu_order":0,"comment_status":"closed","ping_status":"closed","template":"","meta":{"footnotes":""},"class_list":["post-847","page","type-page","status-publish","hentry"],"yoast_head":"<!-- This site is optimized with the Yoast SEO plugin v27.4 - https:\/\/yoast.com\/product\/yoast-seo-wordpress\/ -->\n<title>Cours de couture en petit groupe &quot;Le cinq \u00e9toiles&quot; - Cours de couture dans le Morbihan<\/title>\n<meta name=\"description\" content=\"Initiez-vous ou perfectionnez votre couture avec notre cours Le Cinq \u00c9toiles : projets vari\u00e9s, petit groupe, machines haut de gamme.\" \/>\n<meta name=\"robots\" content=\"index, follow, max-snippet:-1, max-image-preview:large, max-video-preview:-1\" \/>\n<link rel=\"canonical\" href=\"https:\/\/lesepinglees.fr\/index.php\/cours-de-couture-en-petit-groupe-le-cinq-etoiles\/\" \/>\n<meta property=\"og:locale\" content=\"fr_FR\" \/>\n<meta property=\"og:type\" content=\"article\" \/>\n<meta property=\"og:title\" content=\"Cours de couture en petit groupe &quot;Le cinq \u00e9toiles&quot; - Cours de couture dans le Morbihan\" \/>\n<meta property=\"og:description\" content=\"Initiez-vous ou perfectionnez votre couture avec notre cours Le Cinq \u00c9toiles : projets vari\u00e9s, petit groupe, machines haut de gamme.\" \/>\n<meta property=\"og:url\" content=\"https:\/\/lesepinglees.fr\/index.php\/cours-de-couture-en-petit-groupe-le-cinq-etoiles\/\" \/>\n<meta property=\"og:site_name\" content=\"Cours de couture dans le Morbihan\" \/>\n<meta property=\"article:modified_time\" content=\"2025-08-29T08:28:52+00:00\" \/>\n<meta property=\"og:image\" content=\"http:\/\/lesepinglees.fr\/wp-content\/uploads\/2022\/08\/cropped-K9A8279-bleu-1024x403.jpg\" \/>\n<meta name=\"twitter:card\" content=\"summary_large_image\" \/>\n<meta name=\"twitter:label1\" content=\"Dur\u00e9e de lecture estim\u00e9e\" \/>\n\t<meta name=\"twitter:data1\" content=\"3 minutes\" \/>\n<script type=\"application\/ld+json\" class=\"yoast-schema-graph\">{\"@context\":\"https:\\\/\\\/schema.org\",\"@graph\":[{\"@type\":\"WebPage\",\"@id\":\"https:\\\/\\\/lesepinglees.fr\\\/index.php\\\/cours-de-couture-en-petit-groupe-le-cinq-etoiles\\\/\",\"url\":\"https:\\\/\\\/lesepinglees.fr\\\/index.php\\\/cours-de-couture-en-petit-groupe-le-cinq-etoiles\\\/\",\"name\":\"Cours de couture en petit groupe \\\"Le cinq \u00e9toiles\\\" - Cours de couture dans le Morbihan\",\"isPartOf\":{\"@id\":\"https:\\\/\\\/lesepinglees.fr\\\/#website\"},\"primaryImageOfPage\":{\"@id\":\"https:\\\/\\\/lesepinglees.fr\\\/index.php\\\/cours-de-couture-en-petit-groupe-le-cinq-etoiles\\\/#primaryimage\"},\"image\":{\"@id\":\"https:\\\/\\\/lesepinglees.fr\\\/index.php\\\/cours-de-couture-en-petit-groupe-le-cinq-etoiles\\\/#primaryimage\"},\"thumbnailUrl\":\"http:\\\/\\\/lesepinglees.fr\\\/wp-content\\\/uploads\\\/2022\\\/08\\\/cropped-K9A8279-bleu-1024x403.jpg\",\"datePublished\":\"2023-06-06T13:31:26+00:00\",\"dateModified\":\"2025-08-29T08:28:52+00:00\",\"description\":\"Initiez-vous ou perfectionnez votre couture avec notre cours Le Cinq \u00c9toiles : projets vari\u00e9s, petit groupe, machines haut de gamme.\",\"breadcrumb\":{\"@id\":\"https:\\\/\\\/lesepinglees.fr\\\/index.php\\\/cours-de-couture-en-petit-groupe-le-cinq-etoiles\\\/#breadcrumb\"},\"inLanguage\":\"fr-FR\",\"potentialAction\":[{\"@type\":\"ReadAction\",\"target\":[\"https:\\\/\\\/lesepinglees.fr\\\/index.php\\\/cours-de-couture-en-petit-groupe-le-cinq-etoiles\\\/\"]}]},{\"@type\":\"ImageObject\",\"inLanguage\":\"fr-FR\",\"@id\":\"https:\\\/\\\/lesepinglees.fr\\\/index.php\\\/cours-de-couture-en-petit-groupe-le-cinq-etoiles\\\/#primaryimage\",\"url\":\"http:\\\/\\\/lesepinglees.fr\\\/wp-content\\\/uploads\\\/2022\\\/08\\\/cropped-K9A8279-bleu-1024x403.jpg\",\"contentUrl\":\"http:\\\/\\\/lesepinglees.fr\\\/wp-content\\\/uploads\\\/2022\\\/08\\\/cropped-K9A8279-bleu-1024x403.jpg\"},{\"@type\":\"BreadcrumbList\",\"@id\":\"https:\\\/\\\/lesepinglees.fr\\\/index.php\\\/cours-de-couture-en-petit-groupe-le-cinq-etoiles\\\/#breadcrumb\",\"itemListElement\":[{\"@type\":\"ListItem\",\"position\":1,\"name\":\"Accueil\",\"item\":\"https:\\\/\\\/lesepinglees.fr\\\/\"},{\"@type\":\"ListItem\",\"position\":2,\"name\":\"Cours de couture en petit groupe \u00ab\u00a0Le cinq \u00e9toiles\u00a0\u00bb\"}]},{\"@type\":\"WebSite\",\"@id\":\"https:\\\/\\\/lesepinglees.fr\\\/#website\",\"url\":\"https:\\\/\\\/lesepinglees.fr\\\/\",\"name\":\"Cours de couture dans le Morbihan\",\"description\":\"Coudre sans mod\u00e9ration\",\"publisher\":{\"@id\":\"https:\\\/\\\/lesepinglees.fr\\\/#organization\"},\"potentialAction\":[{\"@type\":\"SearchAction\",\"target\":{\"@type\":\"EntryPoint\",\"urlTemplate\":\"https:\\\/\\\/lesepinglees.fr\\\/?s={search_term_string}\"},\"query-input\":{\"@type\":\"PropertyValueSpecification\",\"valueRequired\":true,\"valueName\":\"search_term_string\"}}],\"inLanguage\":\"fr-FR\"},{\"@type\":\"Organization\",\"@id\":\"https:\\\/\\\/lesepinglees.fr\\\/#organization\",\"name\":\"Cours de couture dans le Morbihan\",\"url\":\"https:\\\/\\\/lesepinglees.fr\\\/\",\"logo\":{\"@type\":\"ImageObject\",\"inLanguage\":\"fr-FR\",\"@id\":\"https:\\\/\\\/lesepinglees.fr\\\/#\\\/schema\\\/logo\\\/image\\\/\",\"url\":\"https:\\\/\\\/lesepinglees.fr\\\/wp-content\\\/uploads\\\/2022\\\/08\\\/cropped-cropped-Logo-Les-Epinglees-2.png\",\"contentUrl\":\"https:\\\/\\\/lesepinglees.fr\\\/wp-content\\\/uploads\\\/2022\\\/08\\\/cropped-cropped-Logo-Les-Epinglees-2.png\",\"width\":931,\"height\":333,\"caption\":\"Cours de couture dans le Morbihan\"},\"image\":{\"@id\":\"https:\\\/\\\/lesepinglees.fr\\\/#\\\/schema\\\/logo\\\/image\\\/\"}}]}<\/script>\n<!-- \/ Yoast SEO plugin. -->","yoast_head_json":{"title":"Cours de couture en petit groupe \"Le cinq \u00e9toiles\" - Cours de couture dans le Morbihan","description":"Initiez-vous ou perfectionnez votre couture avec notre cours Le Cinq \u00c9toiles : projets vari\u00e9s, petit groupe, machines haut de gamme.","robots":{"index":"index","follow":"follow","max-snippet":"max-snippet:-1","max-image-preview":"max-image-preview:large","max-video-preview":"max-video-preview:-1"},"canonical":"https:\/\/lesepinglees.fr\/index.php\/cours-de-couture-en-petit-groupe-le-cinq-etoiles\/","og_locale":"fr_FR","og_type":"article","og_title":"Cours de couture en petit groupe \"Le cinq \u00e9toiles\" - Cours de couture dans le Morbihan","og_description":"Initiez-vous ou perfectionnez votre couture avec notre cours Le Cinq \u00c9toiles : projets vari\u00e9s, petit groupe, machines haut de gamme.","og_url":"https:\/\/lesepinglees.fr\/index.php\/cours-de-couture-en-petit-groupe-le-cinq-etoiles\/","og_site_name":"Cours de couture dans le Morbihan","article_modified_time":"2025-08-29T08:28:52+00:00","og_image":[{"url":"http:\/\/lesepinglees.fr\/wp-content\/uploads\/2022\/08\/cropped-K9A8279-bleu-1024x403.jpg","type":"","width":"","height":""}],"twitter_card":"summary_large_image","twitter_misc":{"Dur\u00e9e de lecture estim\u00e9e":"3 minutes"},"schema":{"@context":"https:\/\/schema.org","@graph":[{"@type":"WebPage","@id":"https:\/\/lesepinglees.fr\/index.php\/cours-de-couture-en-petit-groupe-le-cinq-etoiles\/","url":"https:\/\/lesepinglees.fr\/index.php\/cours-de-couture-en-petit-groupe-le-cinq-etoiles\/","name":"Cours de couture en petit groupe \"Le cinq \u00e9toiles\" - Cours de couture dans le Morbihan","isPartOf":{"@id":"https:\/\/lesepinglees.fr\/#website"},"primaryImageOfPage":{"@id":"https:\/\/lesepinglees.fr\/index.php\/cours-de-couture-en-petit-groupe-le-cinq-etoiles\/#primaryimage"},"image":{"@id":"https:\/\/lesepinglees.fr\/index.php\/cours-de-couture-en-petit-groupe-le-cinq-etoiles\/#primaryimage"},"thumbnailUrl":"http:\/\/lesepinglees.fr\/wp-content\/uploads\/2022\/08\/cropped-K9A8279-bleu-1024x403.jpg","datePublished":"2023-06-06T13:31:26+00:00","dateModified":"2025-08-29T08:28:52+00:00","description":"Initiez-vous ou perfectionnez votre couture avec notre cours Le Cinq \u00c9toiles : projets vari\u00e9s, petit groupe, machines haut de gamme.","breadcrumb":{"@id":"https:\/\/lesepinglees.fr\/index.php\/cours-de-couture-en-petit-groupe-le-cinq-etoiles\/#breadcrumb"},"inLanguage":"fr-FR","potentialAction":[{"@type":"ReadAction","target":["https:\/\/lesepinglees.fr\/index.php\/cours-de-couture-en-petit-groupe-le-cinq-etoiles\/"]}]},{"@type":"ImageObject","inLanguage":"fr-FR","@id":"https:\/\/lesepinglees.fr\/index.php\/cours-de-couture-en-petit-groupe-le-cinq-etoiles\/#primaryimage","url":"http:\/\/lesepinglees.fr\/wp-content\/uploads\/2022\/08\/cropped-K9A8279-bleu-1024x403.jpg","contentUrl":"http:\/\/lesepinglees.fr\/wp-content\/uploads\/2022\/08\/cropped-K9A8279-bleu-1024x403.jpg"},{"@type":"BreadcrumbList","@id":"https:\/\/lesepinglees.fr\/index.php\/cours-de-couture-en-petit-groupe-le-cinq-etoiles\/#breadcrumb","itemListElement":[{"@type":"ListItem","position":1,"name":"Accueil","item":"https:\/\/lesepinglees.fr\/"},{"@type":"ListItem","position":2,"name":"Cours de couture en petit groupe \u00ab\u00a0Le cinq \u00e9toiles\u00a0\u00bb"}]},{"@type":"WebSite","@id":"https:\/\/lesepinglees.fr\/#website","url":"https:\/\/lesepinglees.fr\/","name":"Cours de couture dans le Morbihan","description":"Coudre sans mod\u00e9ration","publisher":{"@id":"https:\/\/lesepinglees.fr\/#organization"},"potentialAction":[{"@type":"SearchAction","target":{"@type":"EntryPoint","urlTemplate":"https:\/\/lesepinglees.fr\/?s={search_term_string}"},"query-input":{"@type":"PropertyValueSpecification","valueRequired":true,"valueName":"search_term_string"}}],"inLanguage":"fr-FR"},{"@type":"Organization","@id":"https:\/\/lesepinglees.fr\/#organization","name":"Cours de couture dans le Morbihan","url":"https:\/\/lesepinglees.fr\/","logo":{"@type":"ImageObject","inLanguage":"fr-FR","@id":"https:\/\/lesepinglees.fr\/#\/schema\/logo\/image\/","url":"https:\/\/lesepinglees.fr\/wp-content\/uploads\/2022\/08\/cropped-cropped-Logo-Les-Epinglees-2.png","contentUrl":"https:\/\/lesepinglees.fr\/wp-content\/uploads\/2022\/08\/cropped-cropped-Logo-Les-Epinglees-2.png","width":931,"height":333,"caption":"Cours de couture dans le Morbihan"},"image":{"@id":"https:\/\/lesepinglees.fr\/#\/schema\/logo\/image\/"}}]}},"_links":{"self":[{"href":"https:\/\/lesepinglees.fr\/index.php\/wp-json\/wp\/v2\/pages\/847","targetHints":{"allow":["GET"]}}],"collection":[{"href":"https:\/\/lesepinglees.fr\/index.php\/wp-json\/wp\/v2\/pages"}],"about":[{"href":"https:\/\/lesepinglees.fr\/index.php\/wp-json\/wp\/v2\/types\/page"}],"author":[{"embeddable":true,"href":"https:\/\/lesepinglees.fr\/index.php\/wp-json\/wp\/v2\/users\/1"}],"replies":[{"embeddable":true,"href":"https:\/\/lesepinglees.fr\/index.php\/wp-json\/wp\/v2\/comments?post=847"}],"version-history":[{"count":33,"href":"https:\/\/lesepinglees.fr\/index.php\/wp-json\/wp\/v2\/pages\/847\/revisions"}],"predecessor-version":[{"id":1351,"href":"https:\/\/lesepinglees.fr\/index.php\/wp-json\/wp\/v2\/pages\/847\/revisions\/1351"}],"wp:attachment":[{"href":"https:\/\/lesepinglees.fr\/index.php\/wp-json\/wp\/v2\/media?parent=847"}],"curies":[{"name":"wp","href":"https:\/\/api.w.org\/{rel}","templated":true}]}}