{"id":708,"date":"2022-09-01T14:21:23","date_gmt":"2022-09-01T12:21:23","guid":{"rendered":"https:\/\/lesepinglees.fr\/?page_id=708"},"modified":"2025-10-11T11:25:52","modified_gmt":"2025-10-11T09:25:52","slug":"cours-enfant-ado","status":"publish","type":"page","link":"https:\/\/lesepinglees.fr\/index.php\/cours-enfant-ado\/","title":{"rendered":"Cours Enfant\/Ado \u00ab\u00a0Le P&rsquo;tit Chef\u00a0\u00bb"},"content":{"rendered":"\n<p><\/p>\n\n\n\n<figure class=\"wp-block-image size-large\"><img loading=\"lazy\" decoding=\"async\" width=\"1024\" height=\"403\" src=\"https:\/\/lesepinglees.fr\/wp-content\/uploads\/2022\/08\/cropped-K9A8279-bleu-1024x403.jpg\" alt=\"\" class=\"wp-image-629\" srcset=\"https:\/\/lesepinglees.fr\/wp-content\/uploads\/2022\/08\/cropped-K9A8279-bleu-1024x403.jpg 1024w, https:\/\/lesepinglees.fr\/wp-content\/uploads\/2022\/08\/cropped-K9A8279-bleu-300x118.jpg 300w, https:\/\/lesepinglees.fr\/wp-content\/uploads\/2022\/08\/cropped-K9A8279-bleu-768x302.jpg 768w, https:\/\/lesepinglees.fr\/wp-content\/uploads\/2022\/08\/cropped-K9A8279-bleu-1536x605.jpg 1536w, https:\/\/lesepinglees.fr\/wp-content\/uploads\/2022\/08\/cropped-K9A8279-bleu.jpg 1903w\" sizes=\"auto, (max-width: 1024px) 100vw, 1024px\" \/><\/figure>\n\n\n\n<p class=\"has-text-align-center\" style=\"font-size:30px;letter-spacing:5px;text-transform:uppercase\"><strong><strong>COURS \u00ab\u00a0le p&rsquo;tit chef\u00a0\u00bb<\/strong><\/strong><\/p>\n\n\n\n<p class=\"has-text-align-center has-medium-font-size\" style=\"letter-spacing:5px;text-transform:uppercase\"><strong><strong>COLLECTIF &#8211; 2h &#8211; limit\u00e9 \u00e0 4 jeunes &#8211; le mercredi<\/strong><\/strong><\/p>\n\n\n\n<div class=\"wp-block-group\"><div class=\"wp-block-group__inner-container is-layout-flow wp-block-group-is-layout-flow\">\n<p>Voil\u00e0 un cours mis en place sp\u00e9cialement pour les enfants et les ado.<\/p>\n\n\n\n<p>Ce cours est destin\u00e9 aux enfant \u00e0 partir de 8 ans et aux ado. Il a lieu le mercredi apr\u00e8s midi de 14h \u00e0 16h. Une fois par mois. Cours limit\u00e9 \u00e0 4 jeunes.<\/p>\n\n\n\n<p><strong>QUEL PROJET COUDRE ?<\/strong> 2 options : <\/p>\n\n\n\n<ul class=\"wp-block-list\">\n<li>Une liste de projet couture est mis \u00e0 leur disposition. L&rsquo;enfant ou le jeune peut choisir de coudre parmi ces projets.<\/li>\n\n\n\n<li>Projet libre. Dans ce cas, prendre contact avec moi au pr\u00e9alable afin de discuter de ce que vous souhaitez faire.<img decoding=\"async\" class=\"wp-image-8\" style=\"width: 20px;\" src=\"http:\/\/localhost:8080\/lesepinglees\/wp-content\/uploads\/2022\/02\/cropped-Favicon.png\" alt=\"\"><\/li>\n<\/ul>\n\n\n\n<p>Le petit mat\u00e9riel de couture et les machines \u00e0 coudre sont pr\u00eat\u00e9es. Pr\u00e9voir la mercerie.<\/p>\n\n\n\n<p><img decoding=\"async\" class=\"wp-image-8\" style=\"width: 20px;\" src=\"http:\/\/localhost:8080\/lesepinglees\/wp-content\/uploads\/2022\/02\/cropped-Favicon.png\" alt=\"\">Sur Hennebont, dans l&rsquo;atelier <strong>bien lumineux<\/strong> des Epingl\u00e9es avec ses grandes tables tr\u00e8s pratique pour travailler.<\/p>\n\n\n\n<p>Les cours sont \u00e0 l&rsquo;ann\u00e9e. Cela fait <strong>9 cours<\/strong> pour l&rsquo;ann\u00e9e scolaire d&rsquo;Octobre \u00e0 Juin.<\/p>\n\n\n\n<p> Une fois par mois, le jeune avance sur son en-cours. Selon le projet r\u00e9alis\u00e9, cela peut prendre plusieurs s\u00e9ances, du <strong>relevage du patron<\/strong> \u00e0 la <strong>confection<\/strong>, en passant par le <strong>d\u00e9coupage<\/strong>. Autant d&rsquo;\u00e9tapes qui apprennent la patience, la minutie\u2026 et la mise en pratique des cours de g\u00e9om\u00e9trie ! Le tout dans une <strong>ambiance conviviale et d\u00e9contract\u00e9e<\/strong>.<\/p>\n\n\n\n<p class=\"has-text-align-center\"><em>Pour l&rsquo;ann\u00e9e 2025\/202<\/em>6<\/p>\n\n\n\n<figure class=\"wp-block-table\"><table><tbody><tr><td>Date<\/td><td class=\"has-text-align-center\" data-align=\"center\">Mercredi &#8211; Gr 1<\/td><td class=\"has-text-align-center\" data-align=\"center\">Mercredi &#8211; Gr 2<\/td><\/tr><tr><td>1er Trimestre<\/td><td class=\"has-text-align-center\" data-align=\"center\"><br>1 Octobre<br>5 Novembre<br>3 D\u00e9cembre<\/td><td class=\"has-text-align-center\" data-align=\"center\">8 Octobre <br>12 Novembre <br>10 D\u00e9cembre<\/td><\/tr><tr><td>2eme Trimestre<\/td><td class=\"has-text-align-center\" data-align=\"center\">7 Janvier <br>4 F\u00e9vrier <br>4 Mars<\/td><td class=\"has-text-align-center\" data-align=\"center\">14 Janvier <br>11 F\u00e9vrier <br>11 Mars<\/td><\/tr><tr><td>3eme Trimestre<\/td><td class=\"has-text-align-center\" data-align=\"center\">1 Avril <br>6 Mai <br>3 Juin<\/td><td class=\"has-text-align-center\" data-align=\"center\">8 Avril <br>13 Mai <br>10 Juin<\/td><\/tr><\/tbody><\/table><\/figure>\n\n\n\n<p><\/p>\n\n\n\n<div style=\"height:100px\" aria-hidden=\"true\" class=\"wp-block-spacer\"><\/div>\n\n\n\n<div class=\"wp-block-columns is-layout-flex wp-container-core-columns-is-layout-9d6595d7 wp-block-columns-is-layout-flex\">\n<div class=\"wp-block-column is-layout-flow wp-block-column-is-layout-flow\"><\/div>\n\n\n\n<div class=\"wp-block-column is-layout-flow wp-block-column-is-layout-flow\">\n<div class=\"wp-block-buttons is-layout-flex wp-block-buttons-is-layout-flex\">\n<div class=\"wp-block-button\"><a class=\"wp-block-button__link has-white-color has-text-color has-background wp-element-button\" href=\"https:\/\/lesepinglees.fr\/index.php\/tarif\/\" style=\"border-radius:0px;background-color:#eb695b\">VOIR LES TARIFS<\/a><\/div>\n<\/div>\n<\/div>\n<\/div>\n\n\n\n<p><strong>Projet propos\u00e9s (d&rsquo;autres \u00e0 venir) : <\/strong> <\/p>\n\n\n\n<figure class=\"wp-block-gallery has-nested-images columns-default is-cropped wp-block-gallery-1 is-layout-flex wp-block-gallery-is-layout-flex\">\n<figure class=\"wp-block-image size-large is-style-rounded\"><img loading=\"lazy\" decoding=\"async\" width=\"639\" height=\"640\" data-id=\"731\" src=\"https:\/\/lesepinglees.fr\/wp-content\/uploads\/2022\/09\/IMG_4762.jpg\" alt=\"\" class=\"wp-image-731\" srcset=\"https:\/\/lesepinglees.fr\/wp-content\/uploads\/2022\/09\/IMG_4762.jpg 639w, https:\/\/lesepinglees.fr\/wp-content\/uploads\/2022\/09\/IMG_4762-300x300.jpg 300w, https:\/\/lesepinglees.fr\/wp-content\/uploads\/2022\/09\/IMG_4762-150x150.jpg 150w\" sizes=\"auto, (max-width: 639px) 100vw, 639px\" \/><figcaption class=\"wp-element-caption\">Prot\u00e8ge cahier<\/figcaption><\/figure>\n\n\n\n<figure class=\"wp-block-image size-full is-style-rounded\"><img loading=\"lazy\" decoding=\"async\" width=\"640\" height=\"640\" data-id=\"734\" src=\"https:\/\/lesepinglees.fr\/wp-content\/uploads\/2022\/09\/IMG_4844.jpg\" alt=\"\" class=\"wp-image-734\" srcset=\"https:\/\/lesepinglees.fr\/wp-content\/uploads\/2022\/09\/IMG_4844.jpg 640w, https:\/\/lesepinglees.fr\/wp-content\/uploads\/2022\/09\/IMG_4844-300x300.jpg 300w, https:\/\/lesepinglees.fr\/wp-content\/uploads\/2022\/09\/IMG_4844-150x150.jpg 150w\" sizes=\"auto, (max-width: 640px) 100vw, 640px\" \/><figcaption class=\"wp-element-caption\">Pochette doubl\u00e9e \u00e0 rabat<\/figcaption><\/figure>\n\n\n\n<figure class=\"wp-block-image size-large is-style-rounded\"><img loading=\"lazy\" decoding=\"async\" width=\"638\" height=\"640\" data-id=\"729\" src=\"https:\/\/lesepinglees.fr\/wp-content\/uploads\/2022\/09\/IMG_4758.jpg\" alt=\"\" class=\"wp-image-729\" srcset=\"https:\/\/lesepinglees.fr\/wp-content\/uploads\/2022\/09\/IMG_4758.jpg 638w, https:\/\/lesepinglees.fr\/wp-content\/uploads\/2022\/09\/IMG_4758-300x300.jpg 300w, https:\/\/lesepinglees.fr\/wp-content\/uploads\/2022\/09\/IMG_4758-150x150.jpg 150w\" sizes=\"auto, (max-width: 638px) 100vw, 638px\" \/><figcaption class=\"wp-element-caption\">Pochette berlingot<\/figcaption><\/figure>\n\n\n\n<figure class=\"wp-block-image size-large is-style-rounded\"><img loading=\"lazy\" decoding=\"async\" width=\"640\" height=\"640\" data-id=\"728\" src=\"https:\/\/lesepinglees.fr\/wp-content\/uploads\/2022\/09\/IMG_4757.jpg\" alt=\"\" class=\"wp-image-728\" srcset=\"https:\/\/lesepinglees.fr\/wp-content\/uploads\/2022\/09\/IMG_4757.jpg 640w, https:\/\/lesepinglees.fr\/wp-content\/uploads\/2022\/09\/IMG_4757-300x300.jpg 300w, https:\/\/lesepinglees.fr\/wp-content\/uploads\/2022\/09\/IMG_4757-150x150.jpg 150w\" sizes=\"auto, (max-width: 640px) 100vw, 640px\" \/><figcaption class=\"wp-element-caption\">Trousse haute<\/figcaption><\/figure>\n\n\n\n<figure class=\"wp-block-image size-large is-style-rounded\"><img loading=\"lazy\" decoding=\"async\" width=\"640\" height=\"640\" data-id=\"727\" src=\"https:\/\/lesepinglees.fr\/wp-content\/uploads\/2022\/09\/IMG_4756.jpg\" alt=\"\" class=\"wp-image-727\" srcset=\"https:\/\/lesepinglees.fr\/wp-content\/uploads\/2022\/09\/IMG_4756.jpg 640w, https:\/\/lesepinglees.fr\/wp-content\/uploads\/2022\/09\/IMG_4756-300x300.jpg 300w, https:\/\/lesepinglees.fr\/wp-content\/uploads\/2022\/09\/IMG_4756-150x150.jpg 150w\" sizes=\"auto, (max-width: 640px) 100vw, 640px\" \/><figcaption class=\"wp-element-caption\">Porte carte<\/figcaption><\/figure>\n\n\n\n<figure class=\"wp-block-image size-large is-style-rounded\"><img loading=\"lazy\" decoding=\"async\" width=\"640\" height=\"640\" data-id=\"726\" src=\"https:\/\/lesepinglees.fr\/wp-content\/uploads\/2022\/09\/IMG_4753.jpg\" alt=\"\" class=\"wp-image-726\" srcset=\"https:\/\/lesepinglees.fr\/wp-content\/uploads\/2022\/09\/IMG_4753.jpg 640w, https:\/\/lesepinglees.fr\/wp-content\/uploads\/2022\/09\/IMG_4753-300x300.jpg 300w, https:\/\/lesepinglees.fr\/wp-content\/uploads\/2022\/09\/IMG_4753-150x150.jpg 150w\" sizes=\"auto, (max-width: 640px) 100vw, 640px\" \/><figcaption class=\"wp-element-caption\">Bouillotte s\u00e8che &#8211; Diff\u00e9rente forme<\/figcaption><\/figure>\n\n\n\n<figure class=\"wp-block-image size-large is-style-rounded\"><img loading=\"lazy\" decoding=\"async\" width=\"640\" height=\"640\" data-id=\"725\" src=\"https:\/\/lesepinglees.fr\/wp-content\/uploads\/2022\/09\/IMG_4752.jpg\" alt=\"\" class=\"wp-image-725\" srcset=\"https:\/\/lesepinglees.fr\/wp-content\/uploads\/2022\/09\/IMG_4752.jpg 640w, https:\/\/lesepinglees.fr\/wp-content\/uploads\/2022\/09\/IMG_4752-300x300.jpg 300w, https:\/\/lesepinglees.fr\/wp-content\/uploads\/2022\/09\/IMG_4752-150x150.jpg 150w\" sizes=\"auto, (max-width: 640px) 100vw, 640px\" \/><figcaption class=\"wp-element-caption\">Pochon (\u00e0 maillot ?)<\/figcaption><\/figure>\n\n\n\n<figure class=\"wp-block-image size-large is-style-rounded\"><img loading=\"lazy\" decoding=\"async\" width=\"638\" height=\"640\" data-id=\"724\" src=\"https:\/\/lesepinglees.fr\/wp-content\/uploads\/2022\/09\/IMG_4751.jpg\" alt=\"\" class=\"wp-image-724\" srcset=\"https:\/\/lesepinglees.fr\/wp-content\/uploads\/2022\/09\/IMG_4751.jpg 638w, https:\/\/lesepinglees.fr\/wp-content\/uploads\/2022\/09\/IMG_4751-300x300.jpg 300w, https:\/\/lesepinglees.fr\/wp-content\/uploads\/2022\/09\/IMG_4751-150x150.jpg 150w\" sizes=\"auto, (max-width: 638px) 100vw, 638px\" \/><figcaption class=\"wp-element-caption\">Mini range mouchoir<\/figcaption><\/figure>\n\n\n\n<figure class=\"wp-block-image size-large is-style-rounded\"><img loading=\"lazy\" decoding=\"async\" width=\"640\" height=\"640\" data-id=\"723\" src=\"https:\/\/lesepinglees.fr\/wp-content\/uploads\/2022\/09\/IMG_4750.jpg\" alt=\"\" class=\"wp-image-723\" srcset=\"https:\/\/lesepinglees.fr\/wp-content\/uploads\/2022\/09\/IMG_4750.jpg 640w, https:\/\/lesepinglees.fr\/wp-content\/uploads\/2022\/09\/IMG_4750-300x300.jpg 300w, https:\/\/lesepinglees.fr\/wp-content\/uploads\/2022\/09\/IMG_4750-150x150.jpg 150w\" sizes=\"auto, (max-width: 640px) 100vw, 640px\" \/><figcaption class=\"wp-element-caption\">VIde poche<\/figcaption><\/figure>\n\n\n\n<figure class=\"wp-block-image size-large is-style-rounded\"><img loading=\"lazy\" decoding=\"async\" width=\"640\" height=\"640\" data-id=\"722\" src=\"https:\/\/lesepinglees.fr\/wp-content\/uploads\/2022\/09\/IMG_4749.jpg\" alt=\"\" class=\"wp-image-722\" srcset=\"https:\/\/lesepinglees.fr\/wp-content\/uploads\/2022\/09\/IMG_4749.jpg 640w, https:\/\/lesepinglees.fr\/wp-content\/uploads\/2022\/09\/IMG_4749-300x300.jpg 300w, https:\/\/lesepinglees.fr\/wp-content\/uploads\/2022\/09\/IMG_4749-150x150.jpg 150w\" sizes=\"auto, (max-width: 640px) 100vw, 640px\" \/><figcaption class=\"wp-element-caption\">Housse de coussin<\/figcaption><\/figure>\n\n\n\n<figure class=\"wp-block-image size-large is-style-rounded\"><img loading=\"lazy\" decoding=\"async\" width=\"640\" height=\"640\" data-id=\"721\" src=\"https:\/\/lesepinglees.fr\/wp-content\/uploads\/2022\/09\/IMG_4747.jpg\" alt=\"\" class=\"wp-image-721\" srcset=\"https:\/\/lesepinglees.fr\/wp-content\/uploads\/2022\/09\/IMG_4747.jpg 640w, https:\/\/lesepinglees.fr\/wp-content\/uploads\/2022\/09\/IMG_4747-300x300.jpg 300w, https:\/\/lesepinglees.fr\/wp-content\/uploads\/2022\/09\/IMG_4747-150x150.jpg 150w\" sizes=\"auto, (max-width: 640px) 100vw, 640px\" \/><figcaption class=\"wp-element-caption\">Trousse \u00e0 crayon<\/figcaption><\/figure>\n\n\n\n<figure class=\"wp-block-image size-large is-style-rounded\"><img loading=\"lazy\" decoding=\"async\" width=\"638\" height=\"640\" data-id=\"720\" src=\"https:\/\/lesepinglees.fr\/wp-content\/uploads\/2022\/09\/IMG_4742.jpg\" alt=\"\" class=\"wp-image-720\" srcset=\"https:\/\/lesepinglees.fr\/wp-content\/uploads\/2022\/09\/IMG_4742.jpg 638w, https:\/\/lesepinglees.fr\/wp-content\/uploads\/2022\/09\/IMG_4742-300x300.jpg 300w, https:\/\/lesepinglees.fr\/wp-content\/uploads\/2022\/09\/IMG_4742-150x150.jpg 150w\" sizes=\"auto, (max-width: 638px) 100vw, 638px\" \/><figcaption class=\"wp-element-caption\">Charlotte de cuisine<\/figcaption><\/figure>\n\n\n\n<figure class=\"wp-block-image size-large is-style-rounded\"><img loading=\"lazy\" decoding=\"async\" width=\"640\" height=\"640\" data-id=\"719\" src=\"https:\/\/lesepinglees.fr\/wp-content\/uploads\/2022\/09\/IMG_4765.jpg\" alt=\"\" class=\"wp-image-719\" srcset=\"https:\/\/lesepinglees.fr\/wp-content\/uploads\/2022\/09\/IMG_4765.jpg 640w, https:\/\/lesepinglees.fr\/wp-content\/uploads\/2022\/09\/IMG_4765-300x300.jpg 300w, https:\/\/lesepinglees.fr\/wp-content\/uploads\/2022\/09\/IMG_4765-150x150.jpg 150w\" sizes=\"auto, (max-width: 640px) 100vw, 640px\" \/><figcaption class=\"wp-element-caption\">Masque de nuit &#8211; Diff\u00e9rente forme<\/figcaption><\/figure>\n\n\n\n<figure class=\"wp-block-image size-large is-style-rounded\"><img loading=\"lazy\" decoding=\"async\" width=\"640\" height=\"640\" data-id=\"736\" src=\"https:\/\/lesepinglees.fr\/wp-content\/uploads\/2022\/09\/IMG_4846.jpg\" alt=\"\" class=\"wp-image-736\" srcset=\"https:\/\/lesepinglees.fr\/wp-content\/uploads\/2022\/09\/IMG_4846.jpg 640w, https:\/\/lesepinglees.fr\/wp-content\/uploads\/2022\/09\/IMG_4846-300x300.jpg 300w, https:\/\/lesepinglees.fr\/wp-content\/uploads\/2022\/09\/IMG_4846-150x150.jpg 150w\" sizes=\"auto, (max-width: 640px) 100vw, 640px\" \/><figcaption class=\"wp-element-caption\">Doudou Baleine<\/figcaption><\/figure>\n<\/figure>\n\n\n\n<div class=\"wp-block-columns is-layout-flex wp-container-core-columns-is-layout-9d6595d7 wp-block-columns-is-layout-flex\">\n<div class=\"wp-block-column is-layout-flow wp-block-column-is-layout-flow\">\n<div class=\"wp-block-buttons is-layout-flex wp-block-buttons-is-layout-flex\">\n<div class=\"wp-block-button\"><a class=\"wp-block-button__link has-white-color has-text-color has-background wp-element-button\" href=\"https:\/\/widget.fitogram.pro\/les-epinglees\/?w=\/studio\" style=\"border-radius:0px;background-color:#eb695b\" target=\"_blank\" rel=\"noreferrer noopener\">RESERVER<\/a><\/div>\n<\/div>\n<\/div>\n\n\n\n<div class=\"wp-block-column is-layout-flow wp-block-column-is-layout-flow\">\n<div class=\"wp-block-buttons is-layout-flex wp-block-buttons-is-layout-flex\">\n<div class=\"wp-block-button\"><a class=\"wp-block-button__link has-white-color has-text-color has-background wp-element-button\" href=\"https:\/\/lesepinglees.fr\/index.php\/tarif\/\" style=\"border-radius:0px;background-color:#eb695b\">VOIR LES TARIFS<\/a><\/div>\n<\/div>\n<\/div>\n<\/div>\n<\/div><\/div>\n","protected":false},"excerpt":{"rendered":"<p>COURS \u00ab\u00a0le p&rsquo;tit chef\u00a0\u00bb COLLECTIF &#8211; 2h &#8211; limit\u00e9 \u00e0 4 jeunes &#8211; le mercredi Voil\u00e0 un cours mis en place sp\u00e9cialement pour les enfants et les ado. Ce cours est destin\u00e9 aux enfant \u00e0 partir de 8 ans et aux ado. Il a lieu le mercredi apr\u00e8s midi de 14h \u00e0 16h. Une fois &hellip; <\/p>\n","protected":false},"author":1,"featured_media":0,"parent":0,"menu_order":0,"comment_status":"closed","ping_status":"closed","template":"","meta":{"footnotes":""},"class_list":["post-708","page","type-page","status-publish","hentry"],"yoast_head":"<!-- This site is optimized with the Yoast SEO plugin v27.4 - https:\/\/yoast.com\/product\/yoast-seo-wordpress\/ -->\n<title>Cours Enfant\/Ado &quot;Le P&#039;tit Chef&quot; - Cours de couture dans le Morbihan<\/title>\n<meta name=\"robots\" content=\"index, follow, max-snippet:-1, max-image-preview:large, max-video-preview:-1\" \/>\n<link rel=\"canonical\" href=\"https:\/\/lesepinglees.fr\/index.php\/cours-enfant-ado\/\" \/>\n<meta property=\"og:locale\" content=\"fr_FR\" \/>\n<meta property=\"og:type\" content=\"article\" \/>\n<meta property=\"og:title\" content=\"Cours Enfant\/Ado &quot;Le P&#039;tit Chef&quot; - Cours de couture dans le Morbihan\" \/>\n<meta property=\"og:description\" content=\"COURS \u00ab\u00a0le p&rsquo;tit chef\u00a0\u00bb COLLECTIF &#8211; 2h &#8211; limit\u00e9 \u00e0 4 jeunes &#8211; le mercredi Voil\u00e0 un cours mis en place sp\u00e9cialement pour les enfants et les ado. Ce cours est destin\u00e9 aux enfant \u00e0 partir de 8 ans et aux ado. Il a lieu le mercredi apr\u00e8s midi de 14h \u00e0 16h. Une fois &hellip;\" \/>\n<meta property=\"og:url\" content=\"https:\/\/lesepinglees.fr\/index.php\/cours-enfant-ado\/\" \/>\n<meta property=\"og:site_name\" content=\"Cours de couture dans le Morbihan\" \/>\n<meta property=\"article:modified_time\" content=\"2025-10-11T09:25:52+00:00\" \/>\n<meta property=\"og:image\" content=\"http:\/\/lesepinglees.fr\/wp-content\/uploads\/2022\/08\/cropped-K9A8279-bleu-1024x403.jpg\" \/>\n<meta name=\"twitter:card\" content=\"summary_large_image\" \/>\n<meta name=\"twitter:label1\" content=\"Dur\u00e9e de lecture estim\u00e9e\" \/>\n\t<meta name=\"twitter:data1\" content=\"5 minutes\" \/>\n<script type=\"application\/ld+json\" class=\"yoast-schema-graph\">{\"@context\":\"https:\\\/\\\/schema.org\",\"@graph\":[{\"@type\":\"WebPage\",\"@id\":\"https:\\\/\\\/lesepinglees.fr\\\/index.php\\\/cours-enfant-ado\\\/\",\"url\":\"https:\\\/\\\/lesepinglees.fr\\\/index.php\\\/cours-enfant-ado\\\/\",\"name\":\"Cours Enfant\\\/Ado \\\"Le P'tit Chef\\\" - Cours de couture dans le Morbihan\",\"isPartOf\":{\"@id\":\"https:\\\/\\\/lesepinglees.fr\\\/#website\"},\"primaryImageOfPage\":{\"@id\":\"https:\\\/\\\/lesepinglees.fr\\\/index.php\\\/cours-enfant-ado\\\/#primaryimage\"},\"image\":{\"@id\":\"https:\\\/\\\/lesepinglees.fr\\\/index.php\\\/cours-enfant-ado\\\/#primaryimage\"},\"thumbnailUrl\":\"http:\\\/\\\/lesepinglees.fr\\\/wp-content\\\/uploads\\\/2022\\\/08\\\/cropped-K9A8279-bleu-1024x403.jpg\",\"datePublished\":\"2022-09-01T12:21:23+00:00\",\"dateModified\":\"2025-10-11T09:25:52+00:00\",\"breadcrumb\":{\"@id\":\"https:\\\/\\\/lesepinglees.fr\\\/index.php\\\/cours-enfant-ado\\\/#breadcrumb\"},\"inLanguage\":\"fr-FR\",\"potentialAction\":[{\"@type\":\"ReadAction\",\"target\":[\"https:\\\/\\\/lesepinglees.fr\\\/index.php\\\/cours-enfant-ado\\\/\"]}]},{\"@type\":\"ImageObject\",\"inLanguage\":\"fr-FR\",\"@id\":\"https:\\\/\\\/lesepinglees.fr\\\/index.php\\\/cours-enfant-ado\\\/#primaryimage\",\"url\":\"http:\\\/\\\/lesepinglees.fr\\\/wp-content\\\/uploads\\\/2022\\\/08\\\/cropped-K9A8279-bleu-1024x403.jpg\",\"contentUrl\":\"http:\\\/\\\/lesepinglees.fr\\\/wp-content\\\/uploads\\\/2022\\\/08\\\/cropped-K9A8279-bleu-1024x403.jpg\"},{\"@type\":\"BreadcrumbList\",\"@id\":\"https:\\\/\\\/lesepinglees.fr\\\/index.php\\\/cours-enfant-ado\\\/#breadcrumb\",\"itemListElement\":[{\"@type\":\"ListItem\",\"position\":1,\"name\":\"Accueil\",\"item\":\"https:\\\/\\\/lesepinglees.fr\\\/\"},{\"@type\":\"ListItem\",\"position\":2,\"name\":\"Cours Enfant\\\/Ado \u00ab\u00a0Le P&rsquo;tit Chef\u00a0\u00bb\"}]},{\"@type\":\"WebSite\",\"@id\":\"https:\\\/\\\/lesepinglees.fr\\\/#website\",\"url\":\"https:\\\/\\\/lesepinglees.fr\\\/\",\"name\":\"Cours de couture dans le Morbihan\",\"description\":\"Coudre sans mod\u00e9ration\",\"publisher\":{\"@id\":\"https:\\\/\\\/lesepinglees.fr\\\/#organization\"},\"potentialAction\":[{\"@type\":\"SearchAction\",\"target\":{\"@type\":\"EntryPoint\",\"urlTemplate\":\"https:\\\/\\\/lesepinglees.fr\\\/?s={search_term_string}\"},\"query-input\":{\"@type\":\"PropertyValueSpecification\",\"valueRequired\":true,\"valueName\":\"search_term_string\"}}],\"inLanguage\":\"fr-FR\"},{\"@type\":\"Organization\",\"@id\":\"https:\\\/\\\/lesepinglees.fr\\\/#organization\",\"name\":\"Cours de couture dans le Morbihan\",\"url\":\"https:\\\/\\\/lesepinglees.fr\\\/\",\"logo\":{\"@type\":\"ImageObject\",\"inLanguage\":\"fr-FR\",\"@id\":\"https:\\\/\\\/lesepinglees.fr\\\/#\\\/schema\\\/logo\\\/image\\\/\",\"url\":\"https:\\\/\\\/lesepinglees.fr\\\/wp-content\\\/uploads\\\/2022\\\/08\\\/cropped-cropped-Logo-Les-Epinglees-2.png\",\"contentUrl\":\"https:\\\/\\\/lesepinglees.fr\\\/wp-content\\\/uploads\\\/2022\\\/08\\\/cropped-cropped-Logo-Les-Epinglees-2.png\",\"width\":931,\"height\":333,\"caption\":\"Cours de couture dans le Morbihan\"},\"image\":{\"@id\":\"https:\\\/\\\/lesepinglees.fr\\\/#\\\/schema\\\/logo\\\/image\\\/\"}}]}<\/script>\n<!-- \/ Yoast SEO plugin. -->","yoast_head_json":{"title":"Cours Enfant\/Ado \"Le P'tit Chef\" - Cours de couture dans le Morbihan","robots":{"index":"index","follow":"follow","max-snippet":"max-snippet:-1","max-image-preview":"max-image-preview:large","max-video-preview":"max-video-preview:-1"},"canonical":"https:\/\/lesepinglees.fr\/index.php\/cours-enfant-ado\/","og_locale":"fr_FR","og_type":"article","og_title":"Cours Enfant\/Ado \"Le P'tit Chef\" - Cours de couture dans le Morbihan","og_description":"COURS \u00ab\u00a0le p&rsquo;tit chef\u00a0\u00bb COLLECTIF &#8211; 2h &#8211; limit\u00e9 \u00e0 4 jeunes &#8211; le mercredi Voil\u00e0 un cours mis en place sp\u00e9cialement pour les enfants et les ado. Ce cours est destin\u00e9 aux enfant \u00e0 partir de 8 ans et aux ado. Il a lieu le mercredi apr\u00e8s midi de 14h \u00e0 16h. Une fois &hellip;","og_url":"https:\/\/lesepinglees.fr\/index.php\/cours-enfant-ado\/","og_site_name":"Cours de couture dans le Morbihan","article_modified_time":"2025-10-11T09:25:52+00:00","og_image":[{"url":"http:\/\/lesepinglees.fr\/wp-content\/uploads\/2022\/08\/cropped-K9A8279-bleu-1024x403.jpg","type":"","width":"","height":""}],"twitter_card":"summary_large_image","twitter_misc":{"Dur\u00e9e de lecture estim\u00e9e":"5 minutes"},"schema":{"@context":"https:\/\/schema.org","@graph":[{"@type":"WebPage","@id":"https:\/\/lesepinglees.fr\/index.php\/cours-enfant-ado\/","url":"https:\/\/lesepinglees.fr\/index.php\/cours-enfant-ado\/","name":"Cours Enfant\/Ado \"Le P'tit Chef\" - Cours de couture dans le Morbihan","isPartOf":{"@id":"https:\/\/lesepinglees.fr\/#website"},"primaryImageOfPage":{"@id":"https:\/\/lesepinglees.fr\/index.php\/cours-enfant-ado\/#primaryimage"},"image":{"@id":"https:\/\/lesepinglees.fr\/index.php\/cours-enfant-ado\/#primaryimage"},"thumbnailUrl":"http:\/\/lesepinglees.fr\/wp-content\/uploads\/2022\/08\/cropped-K9A8279-bleu-1024x403.jpg","datePublished":"2022-09-01T12:21:23+00:00","dateModified":"2025-10-11T09:25:52+00:00","breadcrumb":{"@id":"https:\/\/lesepinglees.fr\/index.php\/cours-enfant-ado\/#breadcrumb"},"inLanguage":"fr-FR","potentialAction":[{"@type":"ReadAction","target":["https:\/\/lesepinglees.fr\/index.php\/cours-enfant-ado\/"]}]},{"@type":"ImageObject","inLanguage":"fr-FR","@id":"https:\/\/lesepinglees.fr\/index.php\/cours-enfant-ado\/#primaryimage","url":"http:\/\/lesepinglees.fr\/wp-content\/uploads\/2022\/08\/cropped-K9A8279-bleu-1024x403.jpg","contentUrl":"http:\/\/lesepinglees.fr\/wp-content\/uploads\/2022\/08\/cropped-K9A8279-bleu-1024x403.jpg"},{"@type":"BreadcrumbList","@id":"https:\/\/lesepinglees.fr\/index.php\/cours-enfant-ado\/#breadcrumb","itemListElement":[{"@type":"ListItem","position":1,"name":"Accueil","item":"https:\/\/lesepinglees.fr\/"},{"@type":"ListItem","position":2,"name":"Cours Enfant\/Ado \u00ab\u00a0Le P&rsquo;tit Chef\u00a0\u00bb"}]},{"@type":"WebSite","@id":"https:\/\/lesepinglees.fr\/#website","url":"https:\/\/lesepinglees.fr\/","name":"Cours de couture dans le Morbihan","description":"Coudre sans mod\u00e9ration","publisher":{"@id":"https:\/\/lesepinglees.fr\/#organization"},"potentialAction":[{"@type":"SearchAction","target":{"@type":"EntryPoint","urlTemplate":"https:\/\/lesepinglees.fr\/?s={search_term_string}"},"query-input":{"@type":"PropertyValueSpecification","valueRequired":true,"valueName":"search_term_string"}}],"inLanguage":"fr-FR"},{"@type":"Organization","@id":"https:\/\/lesepinglees.fr\/#organization","name":"Cours de couture dans le Morbihan","url":"https:\/\/lesepinglees.fr\/","logo":{"@type":"ImageObject","inLanguage":"fr-FR","@id":"https:\/\/lesepinglees.fr\/#\/schema\/logo\/image\/","url":"https:\/\/lesepinglees.fr\/wp-content\/uploads\/2022\/08\/cropped-cropped-Logo-Les-Epinglees-2.png","contentUrl":"https:\/\/lesepinglees.fr\/wp-content\/uploads\/2022\/08\/cropped-cropped-Logo-Les-Epinglees-2.png","width":931,"height":333,"caption":"Cours de couture dans le Morbihan"},"image":{"@id":"https:\/\/lesepinglees.fr\/#\/schema\/logo\/image\/"}}]}},"_links":{"self":[{"href":"https:\/\/lesepinglees.fr\/index.php\/wp-json\/wp\/v2\/pages\/708","targetHints":{"allow":["GET"]}}],"collection":[{"href":"https:\/\/lesepinglees.fr\/index.php\/wp-json\/wp\/v2\/pages"}],"about":[{"href":"https:\/\/lesepinglees.fr\/index.php\/wp-json\/wp\/v2\/types\/page"}],"author":[{"embeddable":true,"href":"https:\/\/lesepinglees.fr\/index.php\/wp-json\/wp\/v2\/users\/1"}],"replies":[{"embeddable":true,"href":"https:\/\/lesepinglees.fr\/index.php\/wp-json\/wp\/v2\/comments?post=708"}],"version-history":[{"count":20,"href":"https:\/\/lesepinglees.fr\/index.php\/wp-json\/wp\/v2\/pages\/708\/revisions"}],"predecessor-version":[{"id":1401,"href":"https:\/\/lesepinglees.fr\/index.php\/wp-json\/wp\/v2\/pages\/708\/revisions\/1401"}],"wp:attachment":[{"href":"https:\/\/lesepinglees.fr\/index.php\/wp-json\/wp\/v2\/media?parent=708"}],"curies":[{"name":"wp","href":"https:\/\/api.w.org\/{rel}","templated":true}]}}