{"id":455,"date":"2022-03-17T18:15:29","date_gmt":"2022-03-17T17:15:29","guid":{"rendered":"http:\/\/localhost:8080\/lesepinglees\/?page_id=455"},"modified":"2025-01-24T17:31:06","modified_gmt":"2025-01-24T16:31:06","slug":"le-quatre-mains","status":"publish","type":"page","link":"https:\/\/lesepinglees.fr\/index.php\/le-quatre-mains\/","title":{"rendered":"Cours \u00ab\u00a0Le quatre mains\u00a0\u00bb"},"content":{"rendered":"\n<figure class=\"wp-block-image size-large\"><img loading=\"lazy\" decoding=\"async\" width=\"1024\" height=\"403\" src=\"https:\/\/lesepinglees.fr\/wp-content\/uploads\/2022\/08\/cropped-K9A8279-bleu-1024x403.jpg\" alt=\"\" class=\"wp-image-629\" srcset=\"https:\/\/lesepinglees.fr\/wp-content\/uploads\/2022\/08\/cropped-K9A8279-bleu-1024x403.jpg 1024w, https:\/\/lesepinglees.fr\/wp-content\/uploads\/2022\/08\/cropped-K9A8279-bleu-300x118.jpg 300w, https:\/\/lesepinglees.fr\/wp-content\/uploads\/2022\/08\/cropped-K9A8279-bleu-768x302.jpg 768w, https:\/\/lesepinglees.fr\/wp-content\/uploads\/2022\/08\/cropped-K9A8279-bleu-1536x605.jpg 1536w, https:\/\/lesepinglees.fr\/wp-content\/uploads\/2022\/08\/cropped-K9A8279-bleu.jpg 1903w\" sizes=\"auto, (max-width: 1024px) 100vw, 1024px\" \/><\/figure>\n\n\n\n<p class=\"has-text-align-center\" style=\"font-size:30px;letter-spacing:5px;text-transform:uppercase\"><strong><strong>COURS \u00ab\u00a0Le quatre mains\u00a0\u00bb<\/strong><\/strong><\/p>\n\n\n\n<p class=\"has-text-align-center has-medium-font-size\" style=\"letter-spacing:5px;text-transform:uppercase\"><strong><strong>DUO (ou plus )- 2h<\/strong><\/strong>&#8211; <strong>flexibilite<\/strong><\/p>\n\n\n\n<div class=\"wp-block-group\"><div class=\"wp-block-group__inner-container is-layout-flow wp-block-group-is-layout-flow\">\n<p>Cet atelier est un moment de <strong>partage <\/strong>et de <strong>convivialit\u00e9<\/strong> \u00e0 effectuer avec une copine, un conjoint, votre ou vos enfant(s) (petit enfant, neveux ou ni\u00e8ce, etc&#8230; ). Un cours <strong>particulier <\/strong>mais &#8230; \u00e0 2 ou 3 !<\/p>\n\n\n\n<p>Lors de cette s\u00e9ance, vous pourrez coudre le projet de <strong>votre choix<\/strong>, chacun le sien.<\/p>\n\n\n\n<p>Ce cours se passe sur Hennebont, dans l\u2019atelier\u00a0<strong>bien lumineux<\/strong>\u00a0des Epingl\u00e9es avec ses grandes tables tr\u00e8s pratique pour travailler. Des machines \u00e0 coudre et tout le petit mat\u00e9riel de couture sont \u00e9galement disponible.<\/p>\n\n\n\n<p>La r\u00e9servation des cours se fait par&nbsp;<strong>t\u00e9l\u00e9phone&nbsp;<\/strong>ou par&nbsp;<strong>mail&nbsp;<\/strong>apr\u00e8s avoir discut\u00e9 de&nbsp;<strong>votre&nbsp;<\/strong>situation. Ensemble, on trouve un cr\u00e9neaux horaire qui&nbsp;<strong>vous convienne<\/strong>. Le ma\u00eetre mot est&nbsp;<strong>flexibilit\u00e9&nbsp;<\/strong>!<\/p>\n\n\n\n<p><\/p>\n\n\n\n<div style=\"height:100px\" aria-hidden=\"true\" class=\"wp-block-spacer\"><\/div>\n\n\n\n<div class=\"wp-block-columns is-layout-flex wp-container-core-columns-is-layout-9d6595d7 wp-block-columns-is-layout-flex\">\n<div class=\"wp-block-column is-layout-flow wp-block-column-is-layout-flow\">\n<div class=\"wp-block-buttons is-layout-flex wp-block-buttons-is-layout-flex\">\n<div class=\"wp-block-button\"><a class=\"wp-block-button__link has-white-color has-text-color has-background wp-element-button\" href=\"https:\/\/widget.fitogram.pro\/les-epinglees\/?w=\/studio\" style=\"border-radius:0px;background-color:#eb695b\" target=\"_blank\" rel=\"noreferrer noopener\">RESERVER<\/a><\/div>\n<\/div>\n<\/div>\n\n\n\n<div class=\"wp-block-column is-layout-flow wp-block-column-is-layout-flow\">\n<div class=\"wp-block-buttons is-layout-flex wp-block-buttons-is-layout-flex\">\n<div class=\"wp-block-button\"><a class=\"wp-block-button__link has-white-color has-text-color has-background wp-element-button\" href=\"https:\/\/lesepinglees.fr\/index.php\/tarif\/\" style=\"border-radius:0px;background-color:#eb695b\">VOIR LES TARIFS<\/a><\/div>\n<\/div>\n<\/div>\n<\/div>\n<\/div><\/div>\n","protected":false},"excerpt":{"rendered":"<p>COURS \u00ab\u00a0Le quatre mains\u00a0\u00bb DUO (ou plus )- 2h&#8211; flexibilite Cet atelier est un moment de partage et de convivialit\u00e9 \u00e0 effectuer avec une copine, un conjoint, votre ou vos enfant(s) (petit enfant, neveux ou ni\u00e8ce, etc&#8230; ). Un cours particulier mais &#8230; \u00e0 2 ou 3 ! Lors de cette s\u00e9ance, vous pourrez coudre &hellip; <\/p>\n","protected":false},"author":1,"featured_media":0,"parent":0,"menu_order":0,"comment_status":"closed","ping_status":"closed","template":"","meta":{"footnotes":""},"class_list":["post-455","page","type-page","status-publish","hentry"],"yoast_head":"<!-- This site is optimized with the Yoast SEO plugin v27.4 - https:\/\/yoast.com\/product\/yoast-seo-wordpress\/ -->\n<title>Cours &quot;Le quatre mains&quot; - Cours de couture dans le Morbihan<\/title>\n<meta name=\"robots\" content=\"index, follow, max-snippet:-1, max-image-preview:large, max-video-preview:-1\" \/>\n<link rel=\"canonical\" href=\"https:\/\/lesepinglees.fr\/index.php\/le-quatre-mains\/\" \/>\n<meta property=\"og:locale\" content=\"fr_FR\" \/>\n<meta property=\"og:type\" content=\"article\" \/>\n<meta property=\"og:title\" content=\"Cours &quot;Le quatre mains&quot; - Cours de couture dans le Morbihan\" \/>\n<meta property=\"og:description\" content=\"COURS \u00ab\u00a0Le quatre mains\u00a0\u00bb DUO (ou plus )- 2h&#8211; flexibilite Cet atelier est un moment de partage et de convivialit\u00e9 \u00e0 effectuer avec une copine, un conjoint, votre ou vos enfant(s) (petit enfant, neveux ou ni\u00e8ce, etc&#8230; ). Un cours particulier mais &#8230; \u00e0 2 ou 3 ! Lors de cette s\u00e9ance, vous pourrez coudre &hellip;\" \/>\n<meta property=\"og:url\" content=\"https:\/\/lesepinglees.fr\/index.php\/le-quatre-mains\/\" \/>\n<meta property=\"og:site_name\" content=\"Cours de couture dans le Morbihan\" \/>\n<meta property=\"article:modified_time\" content=\"2025-01-24T16:31:06+00:00\" \/>\n<meta property=\"og:image\" content=\"http:\/\/lesepinglees.fr\/wp-content\/uploads\/2022\/08\/cropped-K9A8279-bleu-1024x403.jpg\" \/>\n<meta name=\"twitter:card\" content=\"summary_large_image\" \/>\n<meta name=\"twitter:label1\" content=\"Dur\u00e9e de lecture estim\u00e9e\" \/>\n\t<meta name=\"twitter:data1\" content=\"1 minute\" \/>\n<script type=\"application\/ld+json\" class=\"yoast-schema-graph\">{\"@context\":\"https:\\\/\\\/schema.org\",\"@graph\":[{\"@type\":\"WebPage\",\"@id\":\"https:\\\/\\\/lesepinglees.fr\\\/index.php\\\/le-quatre-mains\\\/\",\"url\":\"https:\\\/\\\/lesepinglees.fr\\\/index.php\\\/le-quatre-mains\\\/\",\"name\":\"Cours \\\"Le quatre mains\\\" - Cours de couture dans le Morbihan\",\"isPartOf\":{\"@id\":\"https:\\\/\\\/lesepinglees.fr\\\/#website\"},\"primaryImageOfPage\":{\"@id\":\"https:\\\/\\\/lesepinglees.fr\\\/index.php\\\/le-quatre-mains\\\/#primaryimage\"},\"image\":{\"@id\":\"https:\\\/\\\/lesepinglees.fr\\\/index.php\\\/le-quatre-mains\\\/#primaryimage\"},\"thumbnailUrl\":\"http:\\\/\\\/lesepinglees.fr\\\/wp-content\\\/uploads\\\/2022\\\/08\\\/cropped-K9A8279-bleu-1024x403.jpg\",\"datePublished\":\"2022-03-17T17:15:29+00:00\",\"dateModified\":\"2025-01-24T16:31:06+00:00\",\"breadcrumb\":{\"@id\":\"https:\\\/\\\/lesepinglees.fr\\\/index.php\\\/le-quatre-mains\\\/#breadcrumb\"},\"inLanguage\":\"fr-FR\",\"potentialAction\":[{\"@type\":\"ReadAction\",\"target\":[\"https:\\\/\\\/lesepinglees.fr\\\/index.php\\\/le-quatre-mains\\\/\"]}]},{\"@type\":\"ImageObject\",\"inLanguage\":\"fr-FR\",\"@id\":\"https:\\\/\\\/lesepinglees.fr\\\/index.php\\\/le-quatre-mains\\\/#primaryimage\",\"url\":\"http:\\\/\\\/lesepinglees.fr\\\/wp-content\\\/uploads\\\/2022\\\/08\\\/cropped-K9A8279-bleu-1024x403.jpg\",\"contentUrl\":\"http:\\\/\\\/lesepinglees.fr\\\/wp-content\\\/uploads\\\/2022\\\/08\\\/cropped-K9A8279-bleu-1024x403.jpg\"},{\"@type\":\"BreadcrumbList\",\"@id\":\"https:\\\/\\\/lesepinglees.fr\\\/index.php\\\/le-quatre-mains\\\/#breadcrumb\",\"itemListElement\":[{\"@type\":\"ListItem\",\"position\":1,\"name\":\"Accueil\",\"item\":\"https:\\\/\\\/lesepinglees.fr\\\/\"},{\"@type\":\"ListItem\",\"position\":2,\"name\":\"Cours \u00ab\u00a0Le quatre mains\u00a0\u00bb\"}]},{\"@type\":\"WebSite\",\"@id\":\"https:\\\/\\\/lesepinglees.fr\\\/#website\",\"url\":\"https:\\\/\\\/lesepinglees.fr\\\/\",\"name\":\"Cours de couture dans le Morbihan\",\"description\":\"Coudre sans mod\u00e9ration\",\"publisher\":{\"@id\":\"https:\\\/\\\/lesepinglees.fr\\\/#organization\"},\"potentialAction\":[{\"@type\":\"SearchAction\",\"target\":{\"@type\":\"EntryPoint\",\"urlTemplate\":\"https:\\\/\\\/lesepinglees.fr\\\/?s={search_term_string}\"},\"query-input\":{\"@type\":\"PropertyValueSpecification\",\"valueRequired\":true,\"valueName\":\"search_term_string\"}}],\"inLanguage\":\"fr-FR\"},{\"@type\":\"Organization\",\"@id\":\"https:\\\/\\\/lesepinglees.fr\\\/#organization\",\"name\":\"Cours de couture dans le Morbihan\",\"url\":\"https:\\\/\\\/lesepinglees.fr\\\/\",\"logo\":{\"@type\":\"ImageObject\",\"inLanguage\":\"fr-FR\",\"@id\":\"https:\\\/\\\/lesepinglees.fr\\\/#\\\/schema\\\/logo\\\/image\\\/\",\"url\":\"https:\\\/\\\/lesepinglees.fr\\\/wp-content\\\/uploads\\\/2022\\\/08\\\/cropped-cropped-Logo-Les-Epinglees-2.png\",\"contentUrl\":\"https:\\\/\\\/lesepinglees.fr\\\/wp-content\\\/uploads\\\/2022\\\/08\\\/cropped-cropped-Logo-Les-Epinglees-2.png\",\"width\":931,\"height\":333,\"caption\":\"Cours de couture dans le Morbihan\"},\"image\":{\"@id\":\"https:\\\/\\\/lesepinglees.fr\\\/#\\\/schema\\\/logo\\\/image\\\/\"}}]}<\/script>\n<!-- \/ Yoast SEO plugin. -->","yoast_head_json":{"title":"Cours \"Le quatre mains\" - Cours de couture dans le Morbihan","robots":{"index":"index","follow":"follow","max-snippet":"max-snippet:-1","max-image-preview":"max-image-preview:large","max-video-preview":"max-video-preview:-1"},"canonical":"https:\/\/lesepinglees.fr\/index.php\/le-quatre-mains\/","og_locale":"fr_FR","og_type":"article","og_title":"Cours \"Le quatre mains\" - Cours de couture dans le Morbihan","og_description":"COURS \u00ab\u00a0Le quatre mains\u00a0\u00bb DUO (ou plus )- 2h&#8211; flexibilite Cet atelier est un moment de partage et de convivialit\u00e9 \u00e0 effectuer avec une copine, un conjoint, votre ou vos enfant(s) (petit enfant, neveux ou ni\u00e8ce, etc&#8230; ). Un cours particulier mais &#8230; \u00e0 2 ou 3 ! Lors de cette s\u00e9ance, vous pourrez coudre &hellip;","og_url":"https:\/\/lesepinglees.fr\/index.php\/le-quatre-mains\/","og_site_name":"Cours de couture dans le Morbihan","article_modified_time":"2025-01-24T16:31:06+00:00","og_image":[{"url":"http:\/\/lesepinglees.fr\/wp-content\/uploads\/2022\/08\/cropped-K9A8279-bleu-1024x403.jpg","type":"","width":"","height":""}],"twitter_card":"summary_large_image","twitter_misc":{"Dur\u00e9e de lecture estim\u00e9e":"1 minute"},"schema":{"@context":"https:\/\/schema.org","@graph":[{"@type":"WebPage","@id":"https:\/\/lesepinglees.fr\/index.php\/le-quatre-mains\/","url":"https:\/\/lesepinglees.fr\/index.php\/le-quatre-mains\/","name":"Cours \"Le quatre mains\" - Cours de couture dans le Morbihan","isPartOf":{"@id":"https:\/\/lesepinglees.fr\/#website"},"primaryImageOfPage":{"@id":"https:\/\/lesepinglees.fr\/index.php\/le-quatre-mains\/#primaryimage"},"image":{"@id":"https:\/\/lesepinglees.fr\/index.php\/le-quatre-mains\/#primaryimage"},"thumbnailUrl":"http:\/\/lesepinglees.fr\/wp-content\/uploads\/2022\/08\/cropped-K9A8279-bleu-1024x403.jpg","datePublished":"2022-03-17T17:15:29+00:00","dateModified":"2025-01-24T16:31:06+00:00","breadcrumb":{"@id":"https:\/\/lesepinglees.fr\/index.php\/le-quatre-mains\/#breadcrumb"},"inLanguage":"fr-FR","potentialAction":[{"@type":"ReadAction","target":["https:\/\/lesepinglees.fr\/index.php\/le-quatre-mains\/"]}]},{"@type":"ImageObject","inLanguage":"fr-FR","@id":"https:\/\/lesepinglees.fr\/index.php\/le-quatre-mains\/#primaryimage","url":"http:\/\/lesepinglees.fr\/wp-content\/uploads\/2022\/08\/cropped-K9A8279-bleu-1024x403.jpg","contentUrl":"http:\/\/lesepinglees.fr\/wp-content\/uploads\/2022\/08\/cropped-K9A8279-bleu-1024x403.jpg"},{"@type":"BreadcrumbList","@id":"https:\/\/lesepinglees.fr\/index.php\/le-quatre-mains\/#breadcrumb","itemListElement":[{"@type":"ListItem","position":1,"name":"Accueil","item":"https:\/\/lesepinglees.fr\/"},{"@type":"ListItem","position":2,"name":"Cours \u00ab\u00a0Le quatre mains\u00a0\u00bb"}]},{"@type":"WebSite","@id":"https:\/\/lesepinglees.fr\/#website","url":"https:\/\/lesepinglees.fr\/","name":"Cours de couture dans le Morbihan","description":"Coudre sans mod\u00e9ration","publisher":{"@id":"https:\/\/lesepinglees.fr\/#organization"},"potentialAction":[{"@type":"SearchAction","target":{"@type":"EntryPoint","urlTemplate":"https:\/\/lesepinglees.fr\/?s={search_term_string}"},"query-input":{"@type":"PropertyValueSpecification","valueRequired":true,"valueName":"search_term_string"}}],"inLanguage":"fr-FR"},{"@type":"Organization","@id":"https:\/\/lesepinglees.fr\/#organization","name":"Cours de couture dans le Morbihan","url":"https:\/\/lesepinglees.fr\/","logo":{"@type":"ImageObject","inLanguage":"fr-FR","@id":"https:\/\/lesepinglees.fr\/#\/schema\/logo\/image\/","url":"https:\/\/lesepinglees.fr\/wp-content\/uploads\/2022\/08\/cropped-cropped-Logo-Les-Epinglees-2.png","contentUrl":"https:\/\/lesepinglees.fr\/wp-content\/uploads\/2022\/08\/cropped-cropped-Logo-Les-Epinglees-2.png","width":931,"height":333,"caption":"Cours de couture dans le Morbihan"},"image":{"@id":"https:\/\/lesepinglees.fr\/#\/schema\/logo\/image\/"}}]}},"_links":{"self":[{"href":"https:\/\/lesepinglees.fr\/index.php\/wp-json\/wp\/v2\/pages\/455","targetHints":{"allow":["GET"]}}],"collection":[{"href":"https:\/\/lesepinglees.fr\/index.php\/wp-json\/wp\/v2\/pages"}],"about":[{"href":"https:\/\/lesepinglees.fr\/index.php\/wp-json\/wp\/v2\/types\/page"}],"author":[{"embeddable":true,"href":"https:\/\/lesepinglees.fr\/index.php\/wp-json\/wp\/v2\/users\/1"}],"replies":[{"embeddable":true,"href":"https:\/\/lesepinglees.fr\/index.php\/wp-json\/wp\/v2\/comments?post=455"}],"version-history":[{"count":6,"href":"https:\/\/lesepinglees.fr\/index.php\/wp-json\/wp\/v2\/pages\/455\/revisions"}],"predecessor-version":[{"id":1295,"href":"https:\/\/lesepinglees.fr\/index.php\/wp-json\/wp\/v2\/pages\/455\/revisions\/1295"}],"wp:attachment":[{"href":"https:\/\/lesepinglees.fr\/index.php\/wp-json\/wp\/v2\/media?parent=455"}],"curies":[{"name":"wp","href":"https:\/\/api.w.org\/{rel}","templated":true}]}}