{"id":28,"date":"2022-02-27T18:20:46","date_gmt":"2022-02-27T17:20:46","guid":{"rendered":"http:\/\/localhost:8080\/lesepinglees\/?page_id=28"},"modified":"2022-08-02T08:08:00","modified_gmt":"2022-08-02T06:08:00","slug":"vos-avis","status":"publish","type":"page","link":"https:\/\/lesepinglees.fr\/index.php\/vos-avis\/","title":{"rendered":"Vos avis"},"content":{"rendered":"\n<p>Vous \u00eates venus chez Les Epingl\u00e9es  pour prendre des cours de couture. D\u00e9butant ou initi\u00e9, ces ateliers et cours vous ont plus et vous nous l&rsquo;avez dit. Merci de votre retour et de votre fid\u00e9lit\u00e9.<\/p>\n\n\n\n<div class=\"wp-block-columns is-layout-flex wp-container-core-columns-is-layout-9d6595d7 wp-block-columns-is-layout-flex\">\n<div class=\"wp-block-column is-layout-flow wp-block-column-is-layout-flow\">\n<div class=\"wp-block-group\"><div class=\"wp-block-group__inner-container is-layout-flow wp-block-group-is-layout-flow\">\n<div class=\"wp-block-columns is-layout-flex wp-container-core-columns-is-layout-9d6595d7 wp-block-columns-is-layout-flex\">\n<div class=\"wp-block-column is-layout-flow wp-block-column-is-layout-flow\"><\/div>\n\n\n\n<div class=\"wp-block-column is-layout-flow wp-block-column-is-layout-flow\"><\/div>\n<\/div>\n<\/div><\/div>\n\n\n\n<h2 class=\"wp-block-heading\">Avis Facebook<\/h2>\n\n\n\n<p><a href=\"https:\/\/www.facebook.com\/lesepinglees\/reviews\/?ref=page_internal\" target=\"_blank\" rel=\"noreferrer noopener\">Laisser votre avis sur Facebook<\/a><\/p>\n\n\n\n<p>\u2763\ufe0f Je recommande vivement les \u00e9pingl\u00e9es. Un super lieu avec un bel espace, id\u00e9al pour s&rsquo;\u00e9taler et coudre sous les conseils d&rsquo;Ad\u00e8le. Que vous soyez d\u00e9butante (ou plus exp\u00e9riment\u00e9e) il ne faut pas h\u00e9siter \u00e0 y aller. J&rsquo;ai pu y coudre un super sweat pour mon Beau Gosse alors que je n&rsquo;avais jamais touch\u00e9 \u00e0 du sweat. Avec un petit espace de vente o\u00f9 l&rsquo;on trouve du petit pan <img loading=\"lazy\" decoding=\"async\" height=\"16\" width=\"16\" alt=\"\ud83d\ude0d\" src=\"https:\/\/static.xx.fbcdn.net\/images\/emoji.php\/v9\/t2\/1\/16\/1f60d.png\">, le cadre est vraiment id\u00e9al. (<strong>MK<\/strong>)<\/p>\n\n\n\n<p>\u2763\ufe0f Les filles au top et super r\u00e9active. j ai commander des pr\u00e9noms en flex pour des cadeaux de No\u00ebl. elles ont \u00e9t\u00e9 de tr\u00e8s bon conseils et a l&rsquo;\u00e9coute de mon projet. merci encore. (<strong>MT<\/strong>)<\/p>\n\n\n\n<p>\u2763\ufe0f Quel plaisir de participer au cours collectif chez Les Epingl\u00e9es ; Grande grande d\u00e9butante je suis ressorti avec une pochette , un coussin et un \u00e9dredon. M\u00e9lanie est tr\u00e8s p\u00e9dagogue et patiente. Je recommande vivement <img loading=\"lazy\" decoding=\"async\" height=\"16\" width=\"16\" alt=\"\ud83d\ude42\" src=\"https:\/\/static.xx.fbcdn.net\/images\/emoji.php\/v9\/t4c\/1\/16\/1f642.png\"> (<strong>ALB<\/strong>)<\/p>\n\n\n\n<p>\u2763\ufe0f Merci aux \u00e9pingl\u00e9es d&rsquo;exister ! Quand je vois les commentaires des couturi\u00e8res au niveau national qui nous envient notre espace couture, je me dis que oui nous sommes chanceuses ! merci (<strong>SR<\/strong>)<\/p>\n\n\n\n<p>\u2763\ufe0fQue dire&#8230; Deux nanas p\u00e9tillantes et passionn\u00e9es, elles sont \u00e0 l \u00e9coute de tout ce qui peux se faire en couture et \u00e7a donne envie&#8230; Je recommande fortement (<strong>RE<\/strong>)<\/p>\n\n\n\n<h2 class=\"wp-block-heading\">Avis Google sur nos cours de couture<\/h2>\n\n\n\n<p><a href=\"http:\/\/search.google.com\/local\/writereview?placeid=ChIJKx8g9gVcEEgRf2MSR2Hg09g\" target=\"_blank\" rel=\"noreferrer noopener\">Laisser votre avis sur Google<\/a><\/p>\n\n\n\n<p>\u2763\ufe0fJe recommande cet atelier de couture. Grande d\u00e9butante , avec la p\u00e9dagogie de M\u00e9lanie et ces conseils , J&rsquo;ai r\u00e9alis\u00e9 un \u00e9dredon et un coussin : Parfait pour d\u00e9corer la nouvelle Maison ! Quel chance nous avons d&rsquo;avoir ceci \u00e0 Lorient. Je vais continuer d&rsquo;y aller r\u00e9guli\u00e8rement pour confectionner de jolies choses : Lingettes , pochettes, sac ! Un grand merci (<strong>ALB<\/strong>)<\/p>\n\n\n\n<p>\u2763\ufe0fC&rsquo;est un vrai plaisir de venir coudre chez les Epingl\u00e9es. Les locaux sont agr\u00e9ables et bien agenc\u00e9s, l&rsquo;accueil est chaleureux, le mat\u00e9riel \u00e0 disposition facilite la vie, les conseils sont tr\u00e8s pros. C&rsquo;est le lieu id\u00e9al pour toutes les couturi\u00e8res. (<strong>DT<\/strong>)<\/p>\n\n\n\n<p>\u2763\ufe0fUn atelier de couture \u00e0 taille humaine, super clair et o\u00f9 j&rsquo;ai trouv\u00e9 plein de conseils chaleureux de la part d&rsquo;Ad\u00e8le et de M\u00e9lanie. Elles m&rsquo;ont accompagn\u00e9es dans mon projet et appris plein de \u00ab\u00a0petits trucs\u00a0\u00bb qui m&rsquo;ont facilit\u00e9 la couture. En plus on trouve dans le magasin tout ce qu&rsquo;il faut si on a oubli\u00e9 quelque chose ! J&rsquo;attends les prochaines vacances pour y retourner avec plaisir ! (<strong>AT<\/strong>)<\/p>\n\n\n\n<p>\u2763\ufe0fAd\u00e8le et M\u00e9lanie sont accueillante et de tr\u00e8s bons conseils pour les cr\u00e9ations que je confectionne. Gr\u00e2ce \u00e0 elles je me lance dans l&rsquo;obtention du CAP couture.<br>J&rsquo;aime aller (pas assez souvent \u00e0 mon go\u00fbt) venir les retrouver et d&rsquo;utiliser les diff\u00e9rentes machines que je ne poss\u00e8de pas.<br>C&rsquo;est un endroit spacieux, agr\u00e9ablement agenc\u00e9. C&rsquo;est pour moi un vrai moment de plaisir et d&rsquo;\u00e9change. Merci \u00e0 elles (<strong>JC<\/strong>)<\/p>\n\n\n\n<p>\u2763\ufe0fMerci Les Epingl\u00e9es ! J\u2019ai \u00e9norm\u00e9ment appr\u00e9ci\u00e9 l\u2019atelier Dodynette \ud83e\udd17 Comptez sur moi pour d\u2019autres ateliers et quelques passages au Bar \u00e0 coudre !! Merci merci \u00e0 vous \ud83d\ude0a (<strong>JM<\/strong>)<\/p>\n\n\n\n<p>\u2763\ufe0fUn lieu sympa, convivial. Le mat\u00e9riel est top pour progresser et les conseils aussi !<br>La table pour huit permet de retrouver les copines et le bar \u00e0 coudre de prendre du temps pour soi pour coudre (<strong>RB<\/strong>)<\/p>\n\n\n\n<p>\u2763\ufe0fLieu tr\u00e8s agr\u00e9able et tr\u00e8s bien \u00e9quip\u00e9. Les \u00e9pingl\u00e9es sont de tr\u00e8s bons profs. Tr\u00e8s patientes et p\u00e9dagogues c&rsquo;est un plaisir d&rsquo;y aller! Je recommande vivement. (<strong>GM<\/strong>)<\/p>\n\n\n\n<p>\u2763\ufe0fLieu tr\u00e8s bien pens\u00e9 agr\u00e9able, chaleureux et surtout tr\u00e8s bien \u00e9quip\u00e9. Nickel pour se lancer et progresser. N&rsquo;h\u00e9sitez pas \u00e0 venir vous inscrire.<br>Merci \u00e0 Ad\u00e8le et M\u00e9lanie pour cette belle id\u00e9e (<strong>ND<\/strong>)<\/p>\n\n\n\n<p>\u2763\ufe0fSuper moment de partage avec ma fille et sa copine pour confectionner une pochette selon leurs besoins et leurs envies.<br>Je recommande aux mamans d&rsquo;essayer un cours \u00e0 4 mains.(<strong>MLL<\/strong>)<\/p>\n\n\n\n<p>\u2763\ufe0fSuper accueil, lieux tr\u00e8s sympa , du bon mat\u00e9riel et des conseils au top pour apprendre \u00e0 son rythme la couture et surtout prendre du plaisir \u00e0 r\u00e9aliser soi m\u00eame \ud83d\ude42 (<strong>AG<\/strong>)<\/p>\n\n\n\n<p>\u2763\ufe0fLieu tr\u00e8s agr\u00e9able et super bien \u00e9quip\u00e9. De tr\u00e8s bons conseils !! A bient\u00f4t. (<strong>FC<\/strong>)<\/p>\n\n\n\n<p>\u2763\ufe0fUn lieu convivial o\u00f9 l on peut coudre et papoter. J y vais aussi avec ma petite fille, elle y apprend les bases techniques de la couture et prend confiance en elle. Ma fille gr\u00e2ce aux bons cadeaux que je lui offre a mis un doigt dans la couture et je pense bient\u00f4t le bras avec l aide chaleureux de M\u00e9lanie et Ad\u00e8le. Je conseil ce bar \u00e0 coudre sans mod\u00e9ration! (<strong>MLT<\/strong>)<\/p>\n\n\n\n<p>\u2763\ufe0fLieu agr\u00e9able et tr\u00e8s bien \u00e9tudi\u00e9 pour effectuer nos projets couture. Ad\u00e8le et M\u00e9lanie enrichissent ces cours de couture par leur enthousiasme et leur professionnalisme. Bravo les filles !!! (<strong>GLG<\/strong>)<\/p>\n\n\n\n<p>\u2763\ufe0fCours de couture donn\u00e9s et partag\u00e9s dans une bonne ambiance. Les animatrices sont comp\u00e9tentes et de bons conseils. Vous voulez faire de la couture alors rejoignez nous. (<strong>SS<\/strong>)<\/p>\n\n\n\n<p>\u2763\ufe0fJ&rsquo;adore venir \u00e0 l&rsquo;atelier pour travailler sur des accessoires ou des v\u00eatements. Il y a tout le mat\u00e9riel, de bons conseils et une bonne ambiance avec les copines ! On progresse et on s&rsquo;amuse. (<strong>SC<\/strong>)<\/p>\n\n\n\n<p>\u2763\ufe0fUn tr\u00e8s joli et tr\u00e8s agr\u00e9able local, avec plein de machines qu&rsquo;on a envie d&rsquo;essayer. Aussi, le concept avec les diff\u00e9rents ateliers (individuel, en groupe, avec son enfant, sans son enfant) est super !!! j ai h\u00e2te d essayer aussi les \u00ab\u00a0incontournables\u00a0\u00bb. Ad\u00e8le et M\u00e9lanie, continuez \u00e0 avoir des super id\u00e9es !!! ca nous aide vraiment \u00e0 progresser et ca donne plein d&rsquo;id\u00e9es de projets. (<strong>MD<\/strong>)<\/p>\n\n\n\n<p>\u2763\ufe0fEn plus d&rsquo;une belle salle de couture et de super machines, j&rsquo;ai trouv\u00e9 aux Epingl\u00e9es des conseils de qualit\u00e9 pour mon projet couture, le tout dans une ambiance d\u00e9tendue et sympathique.<br>Ad\u00e8le et M\u00e9lanie ont toujours le smile et \u00e7a donne envie de revenir ! (<strong>KG<\/strong>)<\/p>\n\n\n\n<p>\u2763\ufe0fAd\u00e8le est super a notre \u00e9coute et donne de son temps<br>merci beaucoup et au plaisir de revenir (<strong>TDC<\/strong>)<\/p>\n\n\n\n<p>\u2763\ufe0fTr\u00e8s bel espace de travail, animatrices au top et surtout super ambiance. A recommander (<strong>JCC<\/strong>)<\/p>\n<\/div>\n<\/div>\n\n\n\n<h2 class=\"wp-block-heading\">Avis Page Jaunes sur nos cours de couture<\/h2>\n\n\n\n<p><a href=\"https:\/\/www.pagesjaunes.fr\/pros\/52895385#\" target=\"_blank\" rel=\"noreferrer noopener\">Laisser votre avis sur le Pages Jaunes<\/a><\/p>\n\n\n\n<p>\u2763\ufe0fSuper premi\u00e8re journ\u00e9e \u00e0 l&rsquo;atelier Les Epingl\u00e9es Convivialit\u00e9, \u00e9quipement et savoir-faire, la qualit\u00e9 est au rendez-vous. Vivement la prochaine (<strong>AB<\/strong>)<\/p>\n\n\n\n<p>N&rsquo;h\u00e9sitez pas \u00e0 nous <a href=\"https:\/\/lesepinglees.fr\/index.php\/contact\/\">contacter<\/a> pour plus d&rsquo;information<\/p>\n","protected":false},"excerpt":{"rendered":"<p>Vous \u00eates venus chez Les Epingl\u00e9es pour prendre des cours de couture. D\u00e9butant ou initi\u00e9, ces ateliers et cours vous ont plus et vous nous l&rsquo;avez dit. Merci de votre retour et de votre fid\u00e9lit\u00e9. Avis Facebook Laisser votre avis sur Facebook \u2763\ufe0f Je recommande vivement les \u00e9pingl\u00e9es. Un super lieu avec un bel espace, &hellip; <\/p>\n","protected":false},"author":1,"featured_media":0,"parent":0,"menu_order":0,"comment_status":"closed","ping_status":"closed","template":"","meta":{"footnotes":""},"class_list":["post-28","page","type-page","status-publish","hentry"],"yoast_head":"<!-- This site is optimized with the Yoast SEO plugin v27.4 - https:\/\/yoast.com\/product\/yoast-seo-wordpress\/ -->\n<title>Vos avis sur nos cours de couture Lorient Lanester - Cours de couture dans le Morbihan<\/title>\n<meta name=\"description\" content=\"Vous avez aim\u00e9 votre exp\u00e9rience en tant qu&#039;adulte ou enfant de cours de couture chez Les Epingl\u00e9es. Vous nous avez donn\u00e9 votre avis.\" \/>\n<meta name=\"robots\" content=\"index, follow, max-snippet:-1, max-image-preview:large, max-video-preview:-1\" \/>\n<link rel=\"canonical\" href=\"https:\/\/lesepinglees.fr\/index.php\/vos-avis\/\" \/>\n<meta property=\"og:locale\" content=\"fr_FR\" \/>\n<meta property=\"og:type\" content=\"article\" \/>\n<meta property=\"og:title\" content=\"Vos avis sur nos cours de couture Lorient Lanester - Cours de couture dans le Morbihan\" \/>\n<meta property=\"og:description\" content=\"Vous avez aim\u00e9 votre exp\u00e9rience en tant qu&#039;adulte ou enfant de cours de couture chez Les Epingl\u00e9es. Vous nous avez donn\u00e9 votre avis.\" \/>\n<meta property=\"og:url\" content=\"https:\/\/lesepinglees.fr\/index.php\/vos-avis\/\" \/>\n<meta property=\"og:site_name\" content=\"Cours de couture dans le Morbihan\" \/>\n<meta property=\"article:modified_time\" content=\"2022-08-02T06:08:00+00:00\" \/>\n<meta property=\"og:image\" content=\"https:\/\/static.xx.fbcdn.net\/images\/emoji.php\/v9\/t2\/1\/16\/1f60d.png\" \/>\n<meta name=\"twitter:card\" content=\"summary_large_image\" \/>\n<meta name=\"twitter:label1\" content=\"Dur\u00e9e de lecture estim\u00e9e\" \/>\n\t<meta name=\"twitter:data1\" content=\"6 minutes\" \/>\n<script type=\"application\/ld+json\" class=\"yoast-schema-graph\">{\"@context\":\"https:\\\/\\\/schema.org\",\"@graph\":[{\"@type\":\"WebPage\",\"@id\":\"https:\\\/\\\/lesepinglees.fr\\\/index.php\\\/vos-avis\\\/\",\"url\":\"https:\\\/\\\/lesepinglees.fr\\\/index.php\\\/vos-avis\\\/\",\"name\":\"Vos avis sur nos cours de couture Lorient Lanester - Cours de couture dans le Morbihan\",\"isPartOf\":{\"@id\":\"https:\\\/\\\/lesepinglees.fr\\\/#website\"},\"primaryImageOfPage\":{\"@id\":\"https:\\\/\\\/lesepinglees.fr\\\/index.php\\\/vos-avis\\\/#primaryimage\"},\"image\":{\"@id\":\"https:\\\/\\\/lesepinglees.fr\\\/index.php\\\/vos-avis\\\/#primaryimage\"},\"thumbnailUrl\":\"https:\\\/\\\/static.xx.fbcdn.net\\\/images\\\/emoji.php\\\/v9\\\/t2\\\/1\\\/16\\\/1f60d.png\",\"datePublished\":\"2022-02-27T17:20:46+00:00\",\"dateModified\":\"2022-08-02T06:08:00+00:00\",\"description\":\"Vous avez aim\u00e9 votre exp\u00e9rience en tant qu'adulte ou enfant de cours de couture chez Les Epingl\u00e9es. Vous nous avez donn\u00e9 votre avis.\",\"breadcrumb\":{\"@id\":\"https:\\\/\\\/lesepinglees.fr\\\/index.php\\\/vos-avis\\\/#breadcrumb\"},\"inLanguage\":\"fr-FR\",\"potentialAction\":[{\"@type\":\"ReadAction\",\"target\":[\"https:\\\/\\\/lesepinglees.fr\\\/index.php\\\/vos-avis\\\/\"]}]},{\"@type\":\"ImageObject\",\"inLanguage\":\"fr-FR\",\"@id\":\"https:\\\/\\\/lesepinglees.fr\\\/index.php\\\/vos-avis\\\/#primaryimage\",\"url\":\"https:\\\/\\\/static.xx.fbcdn.net\\\/images\\\/emoji.php\\\/v9\\\/t2\\\/1\\\/16\\\/1f60d.png\",\"contentUrl\":\"https:\\\/\\\/static.xx.fbcdn.net\\\/images\\\/emoji.php\\\/v9\\\/t2\\\/1\\\/16\\\/1f60d.png\"},{\"@type\":\"BreadcrumbList\",\"@id\":\"https:\\\/\\\/lesepinglees.fr\\\/index.php\\\/vos-avis\\\/#breadcrumb\",\"itemListElement\":[{\"@type\":\"ListItem\",\"position\":1,\"name\":\"Accueil\",\"item\":\"https:\\\/\\\/lesepinglees.fr\\\/\"},{\"@type\":\"ListItem\",\"position\":2,\"name\":\"Vos avis\"}]},{\"@type\":\"WebSite\",\"@id\":\"https:\\\/\\\/lesepinglees.fr\\\/#website\",\"url\":\"https:\\\/\\\/lesepinglees.fr\\\/\",\"name\":\"Cours de couture dans le Morbihan\",\"description\":\"Coudre sans mod\u00e9ration\",\"publisher\":{\"@id\":\"https:\\\/\\\/lesepinglees.fr\\\/#organization\"},\"potentialAction\":[{\"@type\":\"SearchAction\",\"target\":{\"@type\":\"EntryPoint\",\"urlTemplate\":\"https:\\\/\\\/lesepinglees.fr\\\/?s={search_term_string}\"},\"query-input\":{\"@type\":\"PropertyValueSpecification\",\"valueRequired\":true,\"valueName\":\"search_term_string\"}}],\"inLanguage\":\"fr-FR\"},{\"@type\":\"Organization\",\"@id\":\"https:\\\/\\\/lesepinglees.fr\\\/#organization\",\"name\":\"Cours de couture dans le Morbihan\",\"url\":\"https:\\\/\\\/lesepinglees.fr\\\/\",\"logo\":{\"@type\":\"ImageObject\",\"inLanguage\":\"fr-FR\",\"@id\":\"https:\\\/\\\/lesepinglees.fr\\\/#\\\/schema\\\/logo\\\/image\\\/\",\"url\":\"https:\\\/\\\/lesepinglees.fr\\\/wp-content\\\/uploads\\\/2022\\\/08\\\/cropped-cropped-Logo-Les-Epinglees-2.png\",\"contentUrl\":\"https:\\\/\\\/lesepinglees.fr\\\/wp-content\\\/uploads\\\/2022\\\/08\\\/cropped-cropped-Logo-Les-Epinglees-2.png\",\"width\":931,\"height\":333,\"caption\":\"Cours de couture dans le Morbihan\"},\"image\":{\"@id\":\"https:\\\/\\\/lesepinglees.fr\\\/#\\\/schema\\\/logo\\\/image\\\/\"}}]}<\/script>\n<!-- \/ Yoast SEO plugin. -->","yoast_head_json":{"title":"Vos avis sur nos cours de couture Lorient Lanester - Cours de couture dans le Morbihan","description":"Vous avez aim\u00e9 votre exp\u00e9rience en tant qu'adulte ou enfant de cours de couture chez Les Epingl\u00e9es. Vous nous avez donn\u00e9 votre avis.","robots":{"index":"index","follow":"follow","max-snippet":"max-snippet:-1","max-image-preview":"max-image-preview:large","max-video-preview":"max-video-preview:-1"},"canonical":"https:\/\/lesepinglees.fr\/index.php\/vos-avis\/","og_locale":"fr_FR","og_type":"article","og_title":"Vos avis sur nos cours de couture Lorient Lanester - Cours de couture dans le Morbihan","og_description":"Vous avez aim\u00e9 votre exp\u00e9rience en tant qu'adulte ou enfant de cours de couture chez Les Epingl\u00e9es. Vous nous avez donn\u00e9 votre avis.","og_url":"https:\/\/lesepinglees.fr\/index.php\/vos-avis\/","og_site_name":"Cours de couture dans le Morbihan","article_modified_time":"2022-08-02T06:08:00+00:00","og_image":[{"url":"https:\/\/static.xx.fbcdn.net\/images\/emoji.php\/v9\/t2\/1\/16\/1f60d.png","type":"","width":"","height":""}],"twitter_card":"summary_large_image","twitter_misc":{"Dur\u00e9e de lecture estim\u00e9e":"6 minutes"},"schema":{"@context":"https:\/\/schema.org","@graph":[{"@type":"WebPage","@id":"https:\/\/lesepinglees.fr\/index.php\/vos-avis\/","url":"https:\/\/lesepinglees.fr\/index.php\/vos-avis\/","name":"Vos avis sur nos cours de couture Lorient Lanester - Cours de couture dans le Morbihan","isPartOf":{"@id":"https:\/\/lesepinglees.fr\/#website"},"primaryImageOfPage":{"@id":"https:\/\/lesepinglees.fr\/index.php\/vos-avis\/#primaryimage"},"image":{"@id":"https:\/\/lesepinglees.fr\/index.php\/vos-avis\/#primaryimage"},"thumbnailUrl":"https:\/\/static.xx.fbcdn.net\/images\/emoji.php\/v9\/t2\/1\/16\/1f60d.png","datePublished":"2022-02-27T17:20:46+00:00","dateModified":"2022-08-02T06:08:00+00:00","description":"Vous avez aim\u00e9 votre exp\u00e9rience en tant qu'adulte ou enfant de cours de couture chez Les Epingl\u00e9es. Vous nous avez donn\u00e9 votre avis.","breadcrumb":{"@id":"https:\/\/lesepinglees.fr\/index.php\/vos-avis\/#breadcrumb"},"inLanguage":"fr-FR","potentialAction":[{"@type":"ReadAction","target":["https:\/\/lesepinglees.fr\/index.php\/vos-avis\/"]}]},{"@type":"ImageObject","inLanguage":"fr-FR","@id":"https:\/\/lesepinglees.fr\/index.php\/vos-avis\/#primaryimage","url":"https:\/\/static.xx.fbcdn.net\/images\/emoji.php\/v9\/t2\/1\/16\/1f60d.png","contentUrl":"https:\/\/static.xx.fbcdn.net\/images\/emoji.php\/v9\/t2\/1\/16\/1f60d.png"},{"@type":"BreadcrumbList","@id":"https:\/\/lesepinglees.fr\/index.php\/vos-avis\/#breadcrumb","itemListElement":[{"@type":"ListItem","position":1,"name":"Accueil","item":"https:\/\/lesepinglees.fr\/"},{"@type":"ListItem","position":2,"name":"Vos avis"}]},{"@type":"WebSite","@id":"https:\/\/lesepinglees.fr\/#website","url":"https:\/\/lesepinglees.fr\/","name":"Cours de couture dans le Morbihan","description":"Coudre sans mod\u00e9ration","publisher":{"@id":"https:\/\/lesepinglees.fr\/#organization"},"potentialAction":[{"@type":"SearchAction","target":{"@type":"EntryPoint","urlTemplate":"https:\/\/lesepinglees.fr\/?s={search_term_string}"},"query-input":{"@type":"PropertyValueSpecification","valueRequired":true,"valueName":"search_term_string"}}],"inLanguage":"fr-FR"},{"@type":"Organization","@id":"https:\/\/lesepinglees.fr\/#organization","name":"Cours de couture dans le Morbihan","url":"https:\/\/lesepinglees.fr\/","logo":{"@type":"ImageObject","inLanguage":"fr-FR","@id":"https:\/\/lesepinglees.fr\/#\/schema\/logo\/image\/","url":"https:\/\/lesepinglees.fr\/wp-content\/uploads\/2022\/08\/cropped-cropped-Logo-Les-Epinglees-2.png","contentUrl":"https:\/\/lesepinglees.fr\/wp-content\/uploads\/2022\/08\/cropped-cropped-Logo-Les-Epinglees-2.png","width":931,"height":333,"caption":"Cours de couture dans le Morbihan"},"image":{"@id":"https:\/\/lesepinglees.fr\/#\/schema\/logo\/image\/"}}]}},"_links":{"self":[{"href":"https:\/\/lesepinglees.fr\/index.php\/wp-json\/wp\/v2\/pages\/28","targetHints":{"allow":["GET"]}}],"collection":[{"href":"https:\/\/lesepinglees.fr\/index.php\/wp-json\/wp\/v2\/pages"}],"about":[{"href":"https:\/\/lesepinglees.fr\/index.php\/wp-json\/wp\/v2\/types\/page"}],"author":[{"embeddable":true,"href":"https:\/\/lesepinglees.fr\/index.php\/wp-json\/wp\/v2\/users\/1"}],"replies":[{"embeddable":true,"href":"https:\/\/lesepinglees.fr\/index.php\/wp-json\/wp\/v2\/comments?post=28"}],"version-history":[{"count":3,"href":"https:\/\/lesepinglees.fr\/index.php\/wp-json\/wp\/v2\/pages\/28\/revisions"}],"predecessor-version":[{"id":704,"href":"https:\/\/lesepinglees.fr\/index.php\/wp-json\/wp\/v2\/pages\/28\/revisions\/704"}],"wp:attachment":[{"href":"https:\/\/lesepinglees.fr\/index.php\/wp-json\/wp\/v2\/media?parent=28"}],"curies":[{"name":"wp","href":"https:\/\/api.w.org\/{rel}","templated":true}]}}