{"id":212,"date":"2022-03-02T15:40:57","date_gmt":"2022-03-02T14:40:57","guid":{"rendered":"http:\/\/localhost:8080\/lesepinglees\/?page_id=212"},"modified":"2025-04-14T15:55:17","modified_gmt":"2025-04-14T13:55:17","slug":"machines","status":"publish","type":"page","link":"https:\/\/lesepinglees.fr\/index.php\/machines\/","title":{"rendered":"Machines de l&rsquo;atelier"},"content":{"rendered":"\n<p class=\"has-text-align-center has-medium-font-size\" style=\"letter-spacing:5px;text-transform:uppercase\"><strong><strong>Machine \u00e0 coudre m\u00e9canique <\/strong><\/strong><\/p>\n\n\n\n<div class=\"wp-block-group\"><div class=\"wp-block-group__inner-container is-layout-flow wp-block-group-is-layout-flow\">\n<p><\/p>\n\n\n\n<div class=\"wp-block-media-text is-stacked-on-mobile\" style=\"grid-template-columns:31% auto\"><figure class=\"wp-block-media-text__media\"><img loading=\"lazy\" decoding=\"async\" width=\"500\" height=\"500\" src=\"https:\/\/lesepinglees.fr\/wp-content\/uploads\/2024\/12\/Machine-mecanique.jpg\" alt=\"\" class=\"wp-image-1218 size-full\" srcset=\"https:\/\/lesepinglees.fr\/wp-content\/uploads\/2024\/12\/Machine-mecanique.jpg 500w, https:\/\/lesepinglees.fr\/wp-content\/uploads\/2024\/12\/Machine-mecanique-300x300.jpg 300w, https:\/\/lesepinglees.fr\/wp-content\/uploads\/2024\/12\/Machine-mecanique-150x150.jpg 150w\" sizes=\"auto, (max-width: 500px) 100vw, 500px\" \/><\/figure><div class=\"wp-block-media-text__content\">\n<p>Les Epingl\u00e9es poss\u00e8dent 3 machines \u00e0 coudre m\u00e9canique de diff\u00e9rentes marques.<\/p>\n\n\n\n<p><\/p>\n<\/div><\/div>\n\n\n\n<p>Ces machines sont disponibles \u00e0 l&rsquo;atelier pendant vos cours. Vous devez pr\u00e9voir votre fil et vos aiguilles sp\u00e9cifiques selon votre projet. La mercerie des Epingl\u00e9es vend des aiguilles de la marque SCHMETZ. <\/p>\n\n\n\n<div style=\"height:100px\" aria-hidden=\"true\" class=\"wp-block-spacer\"><\/div>\n<\/div><\/div>\n\n\n\n<p class=\"has-text-align-center has-medium-font-size\" style=\"letter-spacing:5px;text-transform:uppercase\"><strong><strong>Machine \u00e0 coudre \u00e9lectronique<\/strong><\/strong><\/p>\n\n\n\n<div class=\"wp-block-group\"><div class=\"wp-block-group__inner-container is-layout-flow wp-block-group-is-layout-flow\">\n<p><\/p>\n\n\n\n<div class=\"wp-block-media-text is-stacked-on-mobile\" style=\"grid-template-columns:31% auto\"><figure class=\"wp-block-media-text__media\"><img loading=\"lazy\" decoding=\"async\" width=\"500\" height=\"500\" src=\"https:\/\/lesepinglees.fr\/wp-content\/uploads\/2024\/12\/Machine-electronique.jpg\" alt=\"\" class=\"wp-image-1217 size-full\" srcset=\"https:\/\/lesepinglees.fr\/wp-content\/uploads\/2024\/12\/Machine-electronique.jpg 500w, https:\/\/lesepinglees.fr\/wp-content\/uploads\/2024\/12\/Machine-electronique-300x300.jpg 300w, https:\/\/lesepinglees.fr\/wp-content\/uploads\/2024\/12\/Machine-electronique-150x150.jpg 150w\" sizes=\"auto, (max-width: 500px) 100vw, 500px\" \/><\/figure><div class=\"wp-block-media-text__content\">\n<p>Les Epingl\u00e9es poss\u00e8dent 4 machines \u00e0 coudre \u00e9lectroniques de diff\u00e9rentes marques.<\/p>\n<\/div><\/div>\n\n\n\n<p>Ces machines sont disponibles \u00e0 l&rsquo;atelier pendant vos cours. Vous devez pr\u00e9voir votre fil et vos aiguilles sp\u00e9cifiques selon votre projet. La mercerie des Epingl\u00e9es vend des aiguilles de la marque SCHMETZ. <\/p>\n\n\n\n<div style=\"height:100px\" aria-hidden=\"true\" class=\"wp-block-spacer\"><\/div>\n<\/div><\/div>\n\n\n\n<p class=\"has-text-align-center has-medium-font-size\" style=\"letter-spacing:5px;text-transform:uppercase\"><strong><strong>Surjeteuse Babylock <\/strong><\/strong><\/p>\n\n\n\n<div class=\"wp-block-group\"><div class=\"wp-block-group__inner-container is-layout-flow wp-block-group-is-layout-flow\">\n<p><\/p>\n\n\n\n<div class=\"wp-block-media-text is-stacked-on-mobile\" style=\"grid-template-columns:31% auto\"><figure class=\"wp-block-media-text__media\"><img loading=\"lazy\" decoding=\"async\" width=\"500\" height=\"500\" src=\"https:\/\/lesepinglees.fr\/wp-content\/uploads\/2024\/12\/Surjeteuse.jpg\" alt=\"\" class=\"wp-image-1222 size-full\" srcset=\"https:\/\/lesepinglees.fr\/wp-content\/uploads\/2024\/12\/Surjeteuse.jpg 500w, https:\/\/lesepinglees.fr\/wp-content\/uploads\/2024\/12\/Surjeteuse-300x300.jpg 300w, https:\/\/lesepinglees.fr\/wp-content\/uploads\/2024\/12\/Surjeteuse-150x150.jpg 150w\" sizes=\"auto, (max-width: 500px) 100vw, 500px\" \/><\/figure><div class=\"wp-block-media-text__content\">\n<p>Les Epingl\u00e9es poss\u00e8dent deux surjeteuses de la marque Babylock. Ce sont des machines haut de gamme sans r\u00e9glage et \u00e0 enfilage rapide.<\/p>\n<\/div><\/div>\n\n\n\n<p>Ces machines sont disponibles \u00e0 l&rsquo;atelier pendant vos cours. Pour ces machines, 3 ou 4 c\u00f4nes de fils sont n\u00e9cessaire. Soit vous avez les v\u00f4tres, soit les Epingl\u00e9es vous en mettent \u00e0 disposition moyennant une petite contrepartie.<\/p>\n\n\n\n<p>Voir le cours <a href=\"https:\/\/lesepinglees.fr\/index.php\/cours-la-decouverte-surjeteuse\/\">La D\u00e9couverte<\/a> sp\u00e9cifique<\/p>\n\n\n\n<div style=\"height:100px\" aria-hidden=\"true\" class=\"wp-block-spacer\"><\/div>\n<\/div><\/div>\n\n\n\n<p class=\"has-text-align-center has-medium-font-size\" style=\"letter-spacing:5px;text-transform:uppercase\"><strong><strong>recouvreuse Babylock <\/strong><\/strong><\/p>\n\n\n\n<div class=\"wp-block-group\"><div class=\"wp-block-group__inner-container is-layout-flow wp-block-group-is-layout-flow\">\n<p><\/p>\n\n\n\n<div class=\"wp-block-media-text is-stacked-on-mobile\" style=\"grid-template-columns:31% auto\"><figure class=\"wp-block-media-text__media\"><img loading=\"lazy\" decoding=\"async\" width=\"500\" height=\"500\" src=\"https:\/\/lesepinglees.fr\/wp-content\/uploads\/2024\/12\/Recouvreuse.jpg\" alt=\"\" class=\"wp-image-1221 size-full\" srcset=\"https:\/\/lesepinglees.fr\/wp-content\/uploads\/2024\/12\/Recouvreuse.jpg 500w, https:\/\/lesepinglees.fr\/wp-content\/uploads\/2024\/12\/Recouvreuse-300x300.jpg 300w, https:\/\/lesepinglees.fr\/wp-content\/uploads\/2024\/12\/Recouvreuse-150x150.jpg 150w\" sizes=\"auto, (max-width: 500px) 100vw, 500px\" \/><\/figure><div class=\"wp-block-media-text__content\">\n<p>Les Epingl\u00e9es poss\u00e8dent deux recouvreuses de la marque Babylock. Ce sont des machines haut de gamme sans r\u00e9glage et \u00e0 enfilage rapide.<\/p>\n<\/div><\/div>\n\n\n\n<p>Ces machines sont disponibles \u00e0 l&rsquo;atelier pendant vos cours. Pour ces machines, 3  c\u00f4nes de fils sont n\u00e9cessaire. Soit vous avez les v\u00f4tres, soit les Epingl\u00e9es vous en mettent \u00e0 disposition moyennant une petite contrepartie.<\/p>\n\n\n\n<div style=\"height:100px\" aria-hidden=\"true\" class=\"wp-block-spacer\"><\/div>\n<\/div><\/div>\n\n\n\n<p class=\"has-text-align-center has-medium-font-size\" style=\"letter-spacing:5px;text-transform:uppercase\"><strong><strong>Piqueuse plate<\/strong><\/strong><\/p>\n\n\n\n<div class=\"wp-block-group\"><div class=\"wp-block-group__inner-container is-layout-flow wp-block-group-is-layout-flow\">\n<p><\/p>\n\n\n\n<div class=\"wp-block-media-text is-stacked-on-mobile\" style=\"grid-template-columns:31% auto\"><figure class=\"wp-block-media-text__media\"><img loading=\"lazy\" decoding=\"async\" width=\"500\" height=\"500\" src=\"https:\/\/lesepinglees.fr\/wp-content\/uploads\/2024\/12\/Piqueuse.jpg\" alt=\"\" class=\"wp-image-1219 size-full\" srcset=\"https:\/\/lesepinglees.fr\/wp-content\/uploads\/2024\/12\/Piqueuse.jpg 500w, https:\/\/lesepinglees.fr\/wp-content\/uploads\/2024\/12\/Piqueuse-300x300.jpg 300w, https:\/\/lesepinglees.fr\/wp-content\/uploads\/2024\/12\/Piqueuse-150x150.jpg 150w\" sizes=\"auto, (max-width: 500px) 100vw, 500px\" \/><\/figure><div class=\"wp-block-media-text__content\">\n<p>Les Epingl\u00e9es poss\u00e8dent deux machines \u00e0 coudre industrielles. Une simple entrainement et une double entrainement.<\/p>\n<\/div><\/div>\n\n\n\n<p>Ces machines sont disponibles, notamment si vous passez votre CAP M\u00e9tiers de la Mode et que vous avez besoin de vous  entrainer pour \u00eatre pr\u00eat(e) pour le jour de l&rsquo;examen.<\/p>\n<\/div><\/div>\n\n\n\n<p>Vous avez besoin d&rsquo;une machine puissante pour r\u00e9parer ou coudre quelques chose d&rsquo;\u00e9pais ou qui n\u00e9cessite une telle machine, elles sont \u00e9galement disponibles \u00e0 la location sur place pour votre utilisation personnelle.<\/p>\n\n\n\n<div class=\"wp-block-group\"><div class=\"wp-block-group__inner-container is-layout-flow wp-block-group-is-layout-flow\">\n<p>Voir le cours <a href=\"https:\/\/lesepinglees.fr\/index.php\/cours-la-decouverte-piqueuse-plate\/\">La D\u00e9couverte<\/a> sp\u00e9cifique<\/p>\n\n\n\n<div style=\"height:100px\" aria-hidden=\"true\" class=\"wp-block-spacer\"><\/div>\n<\/div><\/div>\n\n\n\n<p class=\"has-text-align-center has-medium-font-size\" style=\"letter-spacing:5px;text-transform:uppercase\"><strong><strong>presse<\/strong><\/strong><\/p>\n\n\n\n<div class=\"wp-block-group\"><div class=\"wp-block-group__inner-container is-layout-flow wp-block-group-is-layout-flow\">\n<p><\/p>\n\n\n\n<div class=\"wp-block-media-text is-stacked-on-mobile\" style=\"grid-template-columns:31% auto\"><figure class=\"wp-block-media-text__media\"><img loading=\"lazy\" decoding=\"async\" width=\"500\" height=\"500\" src=\"https:\/\/lesepinglees.fr\/wp-content\/uploads\/2024\/12\/Press.jpg\" alt=\"\" class=\"wp-image-1220 size-full\" srcset=\"https:\/\/lesepinglees.fr\/wp-content\/uploads\/2024\/12\/Press.jpg 500w, https:\/\/lesepinglees.fr\/wp-content\/uploads\/2024\/12\/Press-300x300.jpg 300w, https:\/\/lesepinglees.fr\/wp-content\/uploads\/2024\/12\/Press-150x150.jpg 150w\" sizes=\"auto, (max-width: 500px) 100vw, 500px\" \/><\/figure><div class=\"wp-block-media-text__content\">\n<p>Les Epingl\u00e9es poss\u00e8dent une presse manuelle pour coller vos thermocollant ou faire votre flockage de textile de mani\u00e8re beaucoup plus durable et rapide.<\/p>\n<\/div><\/div>\n\n\n\n<p>Cette machine est disponible \u00e0 l&rsquo;atelier pendant vos cours. Cependant, \u00e9tant donn\u00e9 le temps de chauffe de cette machine, une contrepartie vous sera demand\u00e9e pour l&rsquo;utilisation.<\/p>\n\n\n\n<div style=\"height:100px\" aria-hidden=\"true\" class=\"wp-block-spacer\"><\/div>\n\n\n\n<p class=\"has-text-align-center has-medium-font-size\" style=\"letter-spacing:5px;text-transform:uppercase\"><strong><strong>cricut<\/strong><\/strong><\/p>\n\n\n\n<div class=\"wp-block-group\"><div class=\"wp-block-group__inner-container is-layout-flow wp-block-group-is-layout-flow\">\n<p><\/p>\n\n\n\n<div class=\"wp-block-media-text is-stacked-on-mobile\" style=\"grid-template-columns:31% auto\"><figure class=\"wp-block-media-text__media\"><img loading=\"lazy\" decoding=\"async\" width=\"500\" height=\"500\" src=\"https:\/\/lesepinglees.fr\/wp-content\/uploads\/2024\/12\/Cricut.jpg\" alt=\"\" class=\"wp-image-1216 size-full\" srcset=\"https:\/\/lesepinglees.fr\/wp-content\/uploads\/2024\/12\/Cricut.jpg 500w, https:\/\/lesepinglees.fr\/wp-content\/uploads\/2024\/12\/Cricut-300x300.jpg 300w, https:\/\/lesepinglees.fr\/wp-content\/uploads\/2024\/12\/Cricut-150x150.jpg 150w\" sizes=\"auto, (max-width: 500px) 100vw, 500px\" \/><\/figure><div class=\"wp-block-media-text__content\">\n<p>Les Epingl\u00e9es poss\u00e8dent une Cricut Maker 3. Un investissement devenu possible gr\u00e2ce \u00e0 vos dons du financement participatif.<\/p>\n<\/div><\/div>\n\n\n\n<p>Cette machine est disponible \u00e0 l&rsquo;atelier pendant vos cours pour persolaliser vos cr\u00e9ation. <\/p>\n\n\n\n<p>Un service de cr\u00e9ation est \u00e9galement mis en place dans la mercerie des Epingl\u00e9es.<\/p>\n\n\n\n<div style=\"height:100px\" aria-hidden=\"true\" class=\"wp-block-spacer\"><\/div>\n<\/div><\/div>\n<\/div><\/div>\n","protected":false},"excerpt":{"rendered":"<p>Machine \u00e0 coudre m\u00e9canique Les Epingl\u00e9es poss\u00e8dent 3 machines \u00e0 coudre m\u00e9canique de diff\u00e9rentes marques. Ces machines sont disponibles \u00e0 l&rsquo;atelier pendant vos cours. Vous devez pr\u00e9voir votre fil et vos aiguilles sp\u00e9cifiques selon votre projet. La mercerie des Epingl\u00e9es vend des aiguilles de la marque SCHMETZ. Machine \u00e0 coudre \u00e9lectronique Les Epingl\u00e9es poss\u00e8dent 4 &hellip; <\/p>\n","protected":false},"author":1,"featured_media":0,"parent":0,"menu_order":0,"comment_status":"closed","ping_status":"closed","template":"","meta":{"footnotes":""},"class_list":["post-212","page","type-page","status-publish","hentry"],"yoast_head":"<!-- This site is optimized with the Yoast SEO plugin v27.4 - https:\/\/yoast.com\/product\/yoast-seo-wordpress\/ -->\n<title>Machines de l&#039;atelier - Cours de couture dans le Morbihan<\/title>\n<meta name=\"robots\" content=\"index, follow, max-snippet:-1, max-image-preview:large, max-video-preview:-1\" \/>\n<link rel=\"canonical\" href=\"https:\/\/lesepinglees.fr\/index.php\/machines\/\" \/>\n<meta property=\"og:locale\" content=\"fr_FR\" \/>\n<meta property=\"og:type\" content=\"article\" \/>\n<meta property=\"og:title\" content=\"Machines de l&#039;atelier - Cours de couture dans le Morbihan\" \/>\n<meta property=\"og:description\" content=\"Machine \u00e0 coudre m\u00e9canique Les Epingl\u00e9es poss\u00e8dent 3 machines \u00e0 coudre m\u00e9canique de diff\u00e9rentes marques. Ces machines sont disponibles \u00e0 l&rsquo;atelier pendant vos cours. Vous devez pr\u00e9voir votre fil et vos aiguilles sp\u00e9cifiques selon votre projet. La mercerie des Epingl\u00e9es vend des aiguilles de la marque SCHMETZ. Machine \u00e0 coudre \u00e9lectronique Les Epingl\u00e9es poss\u00e8dent 4 &hellip;\" \/>\n<meta property=\"og:url\" content=\"https:\/\/lesepinglees.fr\/index.php\/machines\/\" \/>\n<meta property=\"og:site_name\" content=\"Cours de couture dans le Morbihan\" \/>\n<meta property=\"article:modified_time\" content=\"2025-04-14T13:55:17+00:00\" \/>\n<meta property=\"og:image\" content=\"https:\/\/lesepinglees.fr\/wp-content\/uploads\/2024\/12\/Machine-mecanique.jpg\" \/>\n\t<meta property=\"og:image:width\" content=\"500\" \/>\n\t<meta property=\"og:image:height\" content=\"500\" \/>\n\t<meta property=\"og:image:type\" content=\"image\/jpeg\" \/>\n<meta name=\"twitter:card\" content=\"summary_large_image\" \/>\n<meta name=\"twitter:label1\" content=\"Dur\u00e9e de lecture estim\u00e9e\" \/>\n\t<meta name=\"twitter:data1\" content=\"4 minutes\" \/>\n<script type=\"application\/ld+json\" class=\"yoast-schema-graph\">{\"@context\":\"https:\\\/\\\/schema.org\",\"@graph\":[{\"@type\":\"WebPage\",\"@id\":\"https:\\\/\\\/lesepinglees.fr\\\/index.php\\\/machines\\\/\",\"url\":\"https:\\\/\\\/lesepinglees.fr\\\/index.php\\\/machines\\\/\",\"name\":\"Machines de l'atelier - Cours de couture dans le Morbihan\",\"isPartOf\":{\"@id\":\"https:\\\/\\\/lesepinglees.fr\\\/#website\"},\"primaryImageOfPage\":{\"@id\":\"https:\\\/\\\/lesepinglees.fr\\\/index.php\\\/machines\\\/#primaryimage\"},\"image\":{\"@id\":\"https:\\\/\\\/lesepinglees.fr\\\/index.php\\\/machines\\\/#primaryimage\"},\"thumbnailUrl\":\"https:\\\/\\\/lesepinglees.fr\\\/wp-content\\\/uploads\\\/2024\\\/12\\\/Machine-mecanique.jpg\",\"datePublished\":\"2022-03-02T14:40:57+00:00\",\"dateModified\":\"2025-04-14T13:55:17+00:00\",\"breadcrumb\":{\"@id\":\"https:\\\/\\\/lesepinglees.fr\\\/index.php\\\/machines\\\/#breadcrumb\"},\"inLanguage\":\"fr-FR\",\"potentialAction\":[{\"@type\":\"ReadAction\",\"target\":[\"https:\\\/\\\/lesepinglees.fr\\\/index.php\\\/machines\\\/\"]}]},{\"@type\":\"ImageObject\",\"inLanguage\":\"fr-FR\",\"@id\":\"https:\\\/\\\/lesepinglees.fr\\\/index.php\\\/machines\\\/#primaryimage\",\"url\":\"https:\\\/\\\/lesepinglees.fr\\\/wp-content\\\/uploads\\\/2024\\\/12\\\/Machine-mecanique.jpg\",\"contentUrl\":\"https:\\\/\\\/lesepinglees.fr\\\/wp-content\\\/uploads\\\/2024\\\/12\\\/Machine-mecanique.jpg\",\"width\":500,\"height\":500},{\"@type\":\"BreadcrumbList\",\"@id\":\"https:\\\/\\\/lesepinglees.fr\\\/index.php\\\/machines\\\/#breadcrumb\",\"itemListElement\":[{\"@type\":\"ListItem\",\"position\":1,\"name\":\"Accueil\",\"item\":\"https:\\\/\\\/lesepinglees.fr\\\/\"},{\"@type\":\"ListItem\",\"position\":2,\"name\":\"Machines de l&rsquo;atelier\"}]},{\"@type\":\"WebSite\",\"@id\":\"https:\\\/\\\/lesepinglees.fr\\\/#website\",\"url\":\"https:\\\/\\\/lesepinglees.fr\\\/\",\"name\":\"Cours de couture dans le Morbihan\",\"description\":\"Coudre sans mod\u00e9ration\",\"publisher\":{\"@id\":\"https:\\\/\\\/lesepinglees.fr\\\/#organization\"},\"potentialAction\":[{\"@type\":\"SearchAction\",\"target\":{\"@type\":\"EntryPoint\",\"urlTemplate\":\"https:\\\/\\\/lesepinglees.fr\\\/?s={search_term_string}\"},\"query-input\":{\"@type\":\"PropertyValueSpecification\",\"valueRequired\":true,\"valueName\":\"search_term_string\"}}],\"inLanguage\":\"fr-FR\"},{\"@type\":\"Organization\",\"@id\":\"https:\\\/\\\/lesepinglees.fr\\\/#organization\",\"name\":\"Cours de couture dans le Morbihan\",\"url\":\"https:\\\/\\\/lesepinglees.fr\\\/\",\"logo\":{\"@type\":\"ImageObject\",\"inLanguage\":\"fr-FR\",\"@id\":\"https:\\\/\\\/lesepinglees.fr\\\/#\\\/schema\\\/logo\\\/image\\\/\",\"url\":\"https:\\\/\\\/lesepinglees.fr\\\/wp-content\\\/uploads\\\/2022\\\/08\\\/cropped-cropped-Logo-Les-Epinglees-2.png\",\"contentUrl\":\"https:\\\/\\\/lesepinglees.fr\\\/wp-content\\\/uploads\\\/2022\\\/08\\\/cropped-cropped-Logo-Les-Epinglees-2.png\",\"width\":931,\"height\":333,\"caption\":\"Cours de couture dans le Morbihan\"},\"image\":{\"@id\":\"https:\\\/\\\/lesepinglees.fr\\\/#\\\/schema\\\/logo\\\/image\\\/\"}}]}<\/script>\n<!-- \/ Yoast SEO plugin. -->","yoast_head_json":{"title":"Machines de l'atelier - Cours de couture dans le Morbihan","robots":{"index":"index","follow":"follow","max-snippet":"max-snippet:-1","max-image-preview":"max-image-preview:large","max-video-preview":"max-video-preview:-1"},"canonical":"https:\/\/lesepinglees.fr\/index.php\/machines\/","og_locale":"fr_FR","og_type":"article","og_title":"Machines de l'atelier - Cours de couture dans le Morbihan","og_description":"Machine \u00e0 coudre m\u00e9canique Les Epingl\u00e9es poss\u00e8dent 3 machines \u00e0 coudre m\u00e9canique de diff\u00e9rentes marques. Ces machines sont disponibles \u00e0 l&rsquo;atelier pendant vos cours. Vous devez pr\u00e9voir votre fil et vos aiguilles sp\u00e9cifiques selon votre projet. La mercerie des Epingl\u00e9es vend des aiguilles de la marque SCHMETZ. Machine \u00e0 coudre \u00e9lectronique Les Epingl\u00e9es poss\u00e8dent 4 &hellip;","og_url":"https:\/\/lesepinglees.fr\/index.php\/machines\/","og_site_name":"Cours de couture dans le Morbihan","article_modified_time":"2025-04-14T13:55:17+00:00","og_image":[{"width":500,"height":500,"url":"https:\/\/lesepinglees.fr\/wp-content\/uploads\/2024\/12\/Machine-mecanique.jpg","type":"image\/jpeg"}],"twitter_card":"summary_large_image","twitter_misc":{"Dur\u00e9e de lecture estim\u00e9e":"4 minutes"},"schema":{"@context":"https:\/\/schema.org","@graph":[{"@type":"WebPage","@id":"https:\/\/lesepinglees.fr\/index.php\/machines\/","url":"https:\/\/lesepinglees.fr\/index.php\/machines\/","name":"Machines de l'atelier - Cours de couture dans le Morbihan","isPartOf":{"@id":"https:\/\/lesepinglees.fr\/#website"},"primaryImageOfPage":{"@id":"https:\/\/lesepinglees.fr\/index.php\/machines\/#primaryimage"},"image":{"@id":"https:\/\/lesepinglees.fr\/index.php\/machines\/#primaryimage"},"thumbnailUrl":"https:\/\/lesepinglees.fr\/wp-content\/uploads\/2024\/12\/Machine-mecanique.jpg","datePublished":"2022-03-02T14:40:57+00:00","dateModified":"2025-04-14T13:55:17+00:00","breadcrumb":{"@id":"https:\/\/lesepinglees.fr\/index.php\/machines\/#breadcrumb"},"inLanguage":"fr-FR","potentialAction":[{"@type":"ReadAction","target":["https:\/\/lesepinglees.fr\/index.php\/machines\/"]}]},{"@type":"ImageObject","inLanguage":"fr-FR","@id":"https:\/\/lesepinglees.fr\/index.php\/machines\/#primaryimage","url":"https:\/\/lesepinglees.fr\/wp-content\/uploads\/2024\/12\/Machine-mecanique.jpg","contentUrl":"https:\/\/lesepinglees.fr\/wp-content\/uploads\/2024\/12\/Machine-mecanique.jpg","width":500,"height":500},{"@type":"BreadcrumbList","@id":"https:\/\/lesepinglees.fr\/index.php\/machines\/#breadcrumb","itemListElement":[{"@type":"ListItem","position":1,"name":"Accueil","item":"https:\/\/lesepinglees.fr\/"},{"@type":"ListItem","position":2,"name":"Machines de l&rsquo;atelier"}]},{"@type":"WebSite","@id":"https:\/\/lesepinglees.fr\/#website","url":"https:\/\/lesepinglees.fr\/","name":"Cours de couture dans le Morbihan","description":"Coudre sans mod\u00e9ration","publisher":{"@id":"https:\/\/lesepinglees.fr\/#organization"},"potentialAction":[{"@type":"SearchAction","target":{"@type":"EntryPoint","urlTemplate":"https:\/\/lesepinglees.fr\/?s={search_term_string}"},"query-input":{"@type":"PropertyValueSpecification","valueRequired":true,"valueName":"search_term_string"}}],"inLanguage":"fr-FR"},{"@type":"Organization","@id":"https:\/\/lesepinglees.fr\/#organization","name":"Cours de couture dans le Morbihan","url":"https:\/\/lesepinglees.fr\/","logo":{"@type":"ImageObject","inLanguage":"fr-FR","@id":"https:\/\/lesepinglees.fr\/#\/schema\/logo\/image\/","url":"https:\/\/lesepinglees.fr\/wp-content\/uploads\/2022\/08\/cropped-cropped-Logo-Les-Epinglees-2.png","contentUrl":"https:\/\/lesepinglees.fr\/wp-content\/uploads\/2022\/08\/cropped-cropped-Logo-Les-Epinglees-2.png","width":931,"height":333,"caption":"Cours de couture dans le Morbihan"},"image":{"@id":"https:\/\/lesepinglees.fr\/#\/schema\/logo\/image\/"}}]}},"_links":{"self":[{"href":"https:\/\/lesepinglees.fr\/index.php\/wp-json\/wp\/v2\/pages\/212","targetHints":{"allow":["GET"]}}],"collection":[{"href":"https:\/\/lesepinglees.fr\/index.php\/wp-json\/wp\/v2\/pages"}],"about":[{"href":"https:\/\/lesepinglees.fr\/index.php\/wp-json\/wp\/v2\/types\/page"}],"author":[{"embeddable":true,"href":"https:\/\/lesepinglees.fr\/index.php\/wp-json\/wp\/v2\/users\/1"}],"replies":[{"embeddable":true,"href":"https:\/\/lesepinglees.fr\/index.php\/wp-json\/wp\/v2\/comments?post=212"}],"version-history":[{"count":7,"href":"https:\/\/lesepinglees.fr\/index.php\/wp-json\/wp\/v2\/pages\/212\/revisions"}],"predecessor-version":[{"id":1308,"href":"https:\/\/lesepinglees.fr\/index.php\/wp-json\/wp\/v2\/pages\/212\/revisions\/1308"}],"wp:attachment":[{"href":"https:\/\/lesepinglees.fr\/index.php\/wp-json\/wp\/v2\/media?parent=212"}],"curies":[{"name":"wp","href":"https:\/\/api.w.org\/{rel}","templated":true}]}}