{"id":208,"date":"2022-03-02T15:40:23","date_gmt":"2022-03-02T14:40:23","guid":{"rendered":"http:\/\/localhost:8080\/lesepinglees\/?page_id=208"},"modified":"2025-10-04T07:39:38","modified_gmt":"2025-10-04T05:39:38","slug":"carte-cadeaux","status":"publish","type":"page","link":"https:\/\/lesepinglees.fr\/index.php\/carte-cadeaux\/","title":{"rendered":"Carte cadeaux"},"content":{"rendered":"\n<p class=\"has-text-align-center\" style=\"font-size:30px;letter-spacing:5px;text-transform:uppercase\"><strong>CARTE cadeaux<\/strong><\/p>\n\n\n\n<p class=\"has-text-align-center has-medium-font-size\" style=\"letter-spacing:5px;text-transform:uppercase\"><strong>Cours <strong>&#8211; montant de votre c<\/strong>hoix &#8211; F<strong><strong>LEXIBILIT\u00c9<\/strong><\/strong><\/strong><\/p>\n\n\n\n<p><\/p>\n\n\n\n<div class=\"wp-block-media-text alignwide has-media-on-the-right is-stacked-on-mobile\" style=\"grid-template-columns:auto 27%\"><div class=\"wp-block-media-text__content\">\n<p>Que ce soit pour un anniversaire, pour Noel, pour la f\u00eate des m\u00e8re, pour la saint valentin ou pour tout autre occasion, offrir une carte cadeau pour des cours de couture fera toujours plaisir.<\/p>\n\n\n\n<p>La carte peut \u00eatre utilis\u00e9e pour toutes les prestations propos\u00e9es par Les Epingl\u00e9es (abonnement \u00e0 l&rsquo;ann\u00e9e au cours collectif <strong>Le Cinq \u00e9toiles<\/strong>, cours <strong>La D\u00e9couverte<\/strong>, cours particuliers <strong>Le T\u00eate \u00e0 t\u00eate<\/strong>, Cours <strong>Le Quatre main<\/strong>s, cours <strong>Le Petit chef<\/strong>, stage adulte ou enfant ou encore un <strong>Plat du jour<\/strong>.<\/p>\n\n\n\n<p>Du montant de votre choix, contactez-moi afin que l&rsquo;on puisse discuter ensemble de votre projet de cadeaux. La carte vous est ensuite envoy\u00e9e au format PDF et imprimable depuis chez vous.<\/p>\n<\/div><figure class=\"wp-block-media-text__media\"><img loading=\"lazy\" decoding=\"async\" width=\"317\" height=\"317\" src=\"https:\/\/lesepinglees.fr\/wp-content\/uploads\/2022\/08\/carte-cadeau.png\" alt=\"\" class=\"wp-image-616 size-full\" srcset=\"https:\/\/lesepinglees.fr\/wp-content\/uploads\/2022\/08\/carte-cadeau.png 317w, https:\/\/lesepinglees.fr\/wp-content\/uploads\/2022\/08\/carte-cadeau-300x300.png 300w, https:\/\/lesepinglees.fr\/wp-content\/uploads\/2022\/08\/carte-cadeau-150x150.png 150w\" sizes=\"auto, (max-width: 317px) 100vw, 317px\" \/><\/figure><\/div>\n\n\n\n<p><\/p>\n","protected":false},"excerpt":{"rendered":"<p>CARTE cadeaux Cours &#8211; montant de votre choix &#8211; FLEXIBILIT\u00c9 Que ce soit pour un anniversaire, pour Noel, pour la f\u00eate des m\u00e8re, pour la saint valentin ou pour tout autre occasion, offrir une carte cadeau pour des cours de couture fera toujours plaisir. La carte peut \u00eatre utilis\u00e9e pour toutes les prestations propos\u00e9es par &hellip; <\/p>\n","protected":false},"author":1,"featured_media":0,"parent":0,"menu_order":0,"comment_status":"closed","ping_status":"closed","template":"","meta":{"footnotes":""},"class_list":["post-208","page","type-page","status-publish","hentry"],"yoast_head":"<!-- This site is optimized with the Yoast SEO plugin v27.4 - https:\/\/yoast.com\/product\/yoast-seo-wordpress\/ -->\n<title>Carte cadeaux - Cours de couture dans le Morbihan<\/title>\n<meta name=\"robots\" content=\"index, follow, max-snippet:-1, max-image-preview:large, max-video-preview:-1\" \/>\n<link rel=\"canonical\" href=\"https:\/\/lesepinglees.fr\/index.php\/carte-cadeaux\/\" \/>\n<meta property=\"og:locale\" content=\"fr_FR\" \/>\n<meta property=\"og:type\" content=\"article\" \/>\n<meta property=\"og:title\" content=\"Carte cadeaux - Cours de couture dans le Morbihan\" \/>\n<meta property=\"og:description\" content=\"CARTE cadeaux Cours &#8211; montant de votre choix &#8211; FLEXIBILIT\u00c9 Que ce soit pour un anniversaire, pour Noel, pour la f\u00eate des m\u00e8re, pour la saint valentin ou pour tout autre occasion, offrir une carte cadeau pour des cours de couture fera toujours plaisir. La carte peut \u00eatre utilis\u00e9e pour toutes les prestations propos\u00e9es par &hellip;\" \/>\n<meta property=\"og:url\" content=\"https:\/\/lesepinglees.fr\/index.php\/carte-cadeaux\/\" \/>\n<meta property=\"og:site_name\" content=\"Cours de couture dans le Morbihan\" \/>\n<meta property=\"article:modified_time\" content=\"2025-10-04T05:39:38+00:00\" \/>\n<meta property=\"og:image\" content=\"http:\/\/lesepinglees.fr\/wp-content\/uploads\/2022\/08\/carte-cadeau.png\" \/>\n<meta name=\"twitter:card\" content=\"summary_large_image\" \/>\n<meta name=\"twitter:label1\" content=\"Dur\u00e9e de lecture estim\u00e9e\" \/>\n\t<meta name=\"twitter:data1\" content=\"1 minute\" \/>\n<script type=\"application\/ld+json\" class=\"yoast-schema-graph\">{\"@context\":\"https:\\\/\\\/schema.org\",\"@graph\":[{\"@type\":\"WebPage\",\"@id\":\"https:\\\/\\\/lesepinglees.fr\\\/index.php\\\/carte-cadeaux\\\/\",\"url\":\"https:\\\/\\\/lesepinglees.fr\\\/index.php\\\/carte-cadeaux\\\/\",\"name\":\"Carte cadeaux - Cours de couture dans le Morbihan\",\"isPartOf\":{\"@id\":\"https:\\\/\\\/lesepinglees.fr\\\/#website\"},\"primaryImageOfPage\":{\"@id\":\"https:\\\/\\\/lesepinglees.fr\\\/index.php\\\/carte-cadeaux\\\/#primaryimage\"},\"image\":{\"@id\":\"https:\\\/\\\/lesepinglees.fr\\\/index.php\\\/carte-cadeaux\\\/#primaryimage\"},\"thumbnailUrl\":\"http:\\\/\\\/lesepinglees.fr\\\/wp-content\\\/uploads\\\/2022\\\/08\\\/carte-cadeau.png\",\"datePublished\":\"2022-03-02T14:40:23+00:00\",\"dateModified\":\"2025-10-04T05:39:38+00:00\",\"breadcrumb\":{\"@id\":\"https:\\\/\\\/lesepinglees.fr\\\/index.php\\\/carte-cadeaux\\\/#breadcrumb\"},\"inLanguage\":\"fr-FR\",\"potentialAction\":[{\"@type\":\"ReadAction\",\"target\":[\"https:\\\/\\\/lesepinglees.fr\\\/index.php\\\/carte-cadeaux\\\/\"]}]},{\"@type\":\"ImageObject\",\"inLanguage\":\"fr-FR\",\"@id\":\"https:\\\/\\\/lesepinglees.fr\\\/index.php\\\/carte-cadeaux\\\/#primaryimage\",\"url\":\"http:\\\/\\\/lesepinglees.fr\\\/wp-content\\\/uploads\\\/2022\\\/08\\\/carte-cadeau.png\",\"contentUrl\":\"http:\\\/\\\/lesepinglees.fr\\\/wp-content\\\/uploads\\\/2022\\\/08\\\/carte-cadeau.png\"},{\"@type\":\"BreadcrumbList\",\"@id\":\"https:\\\/\\\/lesepinglees.fr\\\/index.php\\\/carte-cadeaux\\\/#breadcrumb\",\"itemListElement\":[{\"@type\":\"ListItem\",\"position\":1,\"name\":\"Accueil\",\"item\":\"https:\\\/\\\/lesepinglees.fr\\\/\"},{\"@type\":\"ListItem\",\"position\":2,\"name\":\"Carte cadeaux\"}]},{\"@type\":\"WebSite\",\"@id\":\"https:\\\/\\\/lesepinglees.fr\\\/#website\",\"url\":\"https:\\\/\\\/lesepinglees.fr\\\/\",\"name\":\"Cours de couture dans le Morbihan\",\"description\":\"Coudre sans mod\u00e9ration\",\"publisher\":{\"@id\":\"https:\\\/\\\/lesepinglees.fr\\\/#organization\"},\"potentialAction\":[{\"@type\":\"SearchAction\",\"target\":{\"@type\":\"EntryPoint\",\"urlTemplate\":\"https:\\\/\\\/lesepinglees.fr\\\/?s={search_term_string}\"},\"query-input\":{\"@type\":\"PropertyValueSpecification\",\"valueRequired\":true,\"valueName\":\"search_term_string\"}}],\"inLanguage\":\"fr-FR\"},{\"@type\":\"Organization\",\"@id\":\"https:\\\/\\\/lesepinglees.fr\\\/#organization\",\"name\":\"Cours de couture dans le Morbihan\",\"url\":\"https:\\\/\\\/lesepinglees.fr\\\/\",\"logo\":{\"@type\":\"ImageObject\",\"inLanguage\":\"fr-FR\",\"@id\":\"https:\\\/\\\/lesepinglees.fr\\\/#\\\/schema\\\/logo\\\/image\\\/\",\"url\":\"https:\\\/\\\/lesepinglees.fr\\\/wp-content\\\/uploads\\\/2022\\\/08\\\/cropped-cropped-Logo-Les-Epinglees-2.png\",\"contentUrl\":\"https:\\\/\\\/lesepinglees.fr\\\/wp-content\\\/uploads\\\/2022\\\/08\\\/cropped-cropped-Logo-Les-Epinglees-2.png\",\"width\":931,\"height\":333,\"caption\":\"Cours de couture dans le Morbihan\"},\"image\":{\"@id\":\"https:\\\/\\\/lesepinglees.fr\\\/#\\\/schema\\\/logo\\\/image\\\/\"}}]}<\/script>\n<!-- \/ Yoast SEO plugin. -->","yoast_head_json":{"title":"Carte cadeaux - Cours de couture dans le Morbihan","robots":{"index":"index","follow":"follow","max-snippet":"max-snippet:-1","max-image-preview":"max-image-preview:large","max-video-preview":"max-video-preview:-1"},"canonical":"https:\/\/lesepinglees.fr\/index.php\/carte-cadeaux\/","og_locale":"fr_FR","og_type":"article","og_title":"Carte cadeaux - Cours de couture dans le Morbihan","og_description":"CARTE cadeaux Cours &#8211; montant de votre choix &#8211; FLEXIBILIT\u00c9 Que ce soit pour un anniversaire, pour Noel, pour la f\u00eate des m\u00e8re, pour la saint valentin ou pour tout autre occasion, offrir une carte cadeau pour des cours de couture fera toujours plaisir. La carte peut \u00eatre utilis\u00e9e pour toutes les prestations propos\u00e9es par &hellip;","og_url":"https:\/\/lesepinglees.fr\/index.php\/carte-cadeaux\/","og_site_name":"Cours de couture dans le Morbihan","article_modified_time":"2025-10-04T05:39:38+00:00","og_image":[{"url":"http:\/\/lesepinglees.fr\/wp-content\/uploads\/2022\/08\/carte-cadeau.png","type":"","width":"","height":""}],"twitter_card":"summary_large_image","twitter_misc":{"Dur\u00e9e de lecture estim\u00e9e":"1 minute"},"schema":{"@context":"https:\/\/schema.org","@graph":[{"@type":"WebPage","@id":"https:\/\/lesepinglees.fr\/index.php\/carte-cadeaux\/","url":"https:\/\/lesepinglees.fr\/index.php\/carte-cadeaux\/","name":"Carte cadeaux - Cours de couture dans le Morbihan","isPartOf":{"@id":"https:\/\/lesepinglees.fr\/#website"},"primaryImageOfPage":{"@id":"https:\/\/lesepinglees.fr\/index.php\/carte-cadeaux\/#primaryimage"},"image":{"@id":"https:\/\/lesepinglees.fr\/index.php\/carte-cadeaux\/#primaryimage"},"thumbnailUrl":"http:\/\/lesepinglees.fr\/wp-content\/uploads\/2022\/08\/carte-cadeau.png","datePublished":"2022-03-02T14:40:23+00:00","dateModified":"2025-10-04T05:39:38+00:00","breadcrumb":{"@id":"https:\/\/lesepinglees.fr\/index.php\/carte-cadeaux\/#breadcrumb"},"inLanguage":"fr-FR","potentialAction":[{"@type":"ReadAction","target":["https:\/\/lesepinglees.fr\/index.php\/carte-cadeaux\/"]}]},{"@type":"ImageObject","inLanguage":"fr-FR","@id":"https:\/\/lesepinglees.fr\/index.php\/carte-cadeaux\/#primaryimage","url":"http:\/\/lesepinglees.fr\/wp-content\/uploads\/2022\/08\/carte-cadeau.png","contentUrl":"http:\/\/lesepinglees.fr\/wp-content\/uploads\/2022\/08\/carte-cadeau.png"},{"@type":"BreadcrumbList","@id":"https:\/\/lesepinglees.fr\/index.php\/carte-cadeaux\/#breadcrumb","itemListElement":[{"@type":"ListItem","position":1,"name":"Accueil","item":"https:\/\/lesepinglees.fr\/"},{"@type":"ListItem","position":2,"name":"Carte cadeaux"}]},{"@type":"WebSite","@id":"https:\/\/lesepinglees.fr\/#website","url":"https:\/\/lesepinglees.fr\/","name":"Cours de couture dans le Morbihan","description":"Coudre sans mod\u00e9ration","publisher":{"@id":"https:\/\/lesepinglees.fr\/#organization"},"potentialAction":[{"@type":"SearchAction","target":{"@type":"EntryPoint","urlTemplate":"https:\/\/lesepinglees.fr\/?s={search_term_string}"},"query-input":{"@type":"PropertyValueSpecification","valueRequired":true,"valueName":"search_term_string"}}],"inLanguage":"fr-FR"},{"@type":"Organization","@id":"https:\/\/lesepinglees.fr\/#organization","name":"Cours de couture dans le Morbihan","url":"https:\/\/lesepinglees.fr\/","logo":{"@type":"ImageObject","inLanguage":"fr-FR","@id":"https:\/\/lesepinglees.fr\/#\/schema\/logo\/image\/","url":"https:\/\/lesepinglees.fr\/wp-content\/uploads\/2022\/08\/cropped-cropped-Logo-Les-Epinglees-2.png","contentUrl":"https:\/\/lesepinglees.fr\/wp-content\/uploads\/2022\/08\/cropped-cropped-Logo-Les-Epinglees-2.png","width":931,"height":333,"caption":"Cours de couture dans le Morbihan"},"image":{"@id":"https:\/\/lesepinglees.fr\/#\/schema\/logo\/image\/"}}]}},"_links":{"self":[{"href":"https:\/\/lesepinglees.fr\/index.php\/wp-json\/wp\/v2\/pages\/208","targetHints":{"allow":["GET"]}}],"collection":[{"href":"https:\/\/lesepinglees.fr\/index.php\/wp-json\/wp\/v2\/pages"}],"about":[{"href":"https:\/\/lesepinglees.fr\/index.php\/wp-json\/wp\/v2\/types\/page"}],"author":[{"embeddable":true,"href":"https:\/\/lesepinglees.fr\/index.php\/wp-json\/wp\/v2\/users\/1"}],"replies":[{"embeddable":true,"href":"https:\/\/lesepinglees.fr\/index.php\/wp-json\/wp\/v2\/comments?post=208"}],"version-history":[{"count":3,"href":"https:\/\/lesepinglees.fr\/index.php\/wp-json\/wp\/v2\/pages\/208\/revisions"}],"predecessor-version":[{"id":1397,"href":"https:\/\/lesepinglees.fr\/index.php\/wp-json\/wp\/v2\/pages\/208\/revisions\/1397"}],"wp:attachment":[{"href":"https:\/\/lesepinglees.fr\/index.php\/wp-json\/wp\/v2\/media?parent=208"}],"curies":[{"name":"wp","href":"https:\/\/api.w.org\/{rel}","templated":true}]}}