{"id":113,"date":"2022-02-28T11:08:24","date_gmt":"2022-02-28T10:08:24","guid":{"rendered":"http:\/\/localhost:8080\/lesepinglees\/?page_id=113"},"modified":"2022-02-28T11:08:24","modified_gmt":"2022-02-28T10:08:24","slug":"on-parle-des-epinglees","status":"publish","type":"page","link":"https:\/\/lesepinglees.fr\/index.php\/on-parle-des-epinglees\/","title":{"rendered":"On parle des Epingl\u00e9es"},"content":{"rendered":"\n<p>Retrouvez ici tous les articles de presse, podcast ou reportage TV. Tout est  ici !<\/p>\n\n\n\n<div class=\"wp-block-columns is-layout-flex wp-container-core-columns-is-layout-9d6595d7 wp-block-columns-is-layout-flex\">\n<div class=\"wp-block-column is-layout-flow wp-block-column-is-layout-flow\" style=\"flex-basis:100%\">\n<div class=\"wp-block-columns is-layout-flex wp-container-core-columns-is-layout-9d6595d7 wp-block-columns-is-layout-flex\">\n<div class=\"wp-block-column is-layout-flow wp-block-column-is-layout-flow\" style=\"flex-basis:100%\">\n<div class=\"wp-block-columns is-layout-flex wp-container-core-columns-is-layout-9d6595d7 wp-block-columns-is-layout-flex\">\n<div class=\"wp-block-column is-layout-flow wp-block-column-is-layout-flow\">\n<figure class=\"wp-block-embed is-type-video is-provider-youtube wp-block-embed-youtube wp-embed-aspect-16-9 wp-has-aspect-ratio\"><div class=\"wp-block-embed__wrapper\">\n<iframe loading=\"lazy\" title=\"Les Epingl\u00e9es Morbihan (56) - Reportage France 3\" width=\"770\" height=\"433\" src=\"https:\/\/www.youtube.com\/embed\/-FDACAD1-kM?start=94&#038;feature=oembed\" frameborder=\"0\" allow=\"accelerometer; autoplay; clipboard-write; encrypted-media; gyroscope; picture-in-picture\" allowfullscreen><\/iframe>\n<\/div><\/figure>\n<\/div>\n\n\n\n<div class=\"wp-block-column is-layout-flow wp-block-column-is-layout-flow\">\n<h2 class=\"wp-block-heading\">France 3<\/h2>\n\n\n\n<p>Le 21\/02\/2020<\/p>\n\n\n\n<p>D\u00e9couvrez le reportage de France 3<\/p>\n<\/div>\n<\/div>\n<\/div>\n<\/div>\n<\/div>\n<\/div>\n\n\n\n<div class=\"wp-block-atomic-blocks-ab-columns ab-layout-columns-2 ab-2-col-equal\"><div class=\"ab-layout-column-wrap ab-block-layout-column-gap-2 ab-is-responsive-column\">\n\n<div class=\"wp-block-atomic-blocks-ab-column ab-block-layout-column\"><div class=\"ab-block-layout-column-inner\">\n\n<figure class=\"wp-block-image is-resized\"><img loading=\"lazy\" decoding=\"async\" src=\"https:\/\/lesepinglees.fr\/wp-content\/uploads\/2019\/12\/NXYC8326-1024x1024.jpg\" alt=\"Oc\u00e9ane FM\" class=\"wp-image-3068\" width=\"512\" height=\"512\"><figcaption> Les \u00c9pingl\u00e9es &#8211; M\u00e9lanie &amp; Ad\u00e8le<\/figcaption><\/figure>\n\n<\/div><\/div>\n\n\n<div class=\"wp-block-atomic-blocks-ab-column ab-block-layout-column\"><div class=\"ab-block-layout-column-inner\">\n\n<h2 class=\"wp-block-heading\">Oc\u00e9ance FM<\/h2>\n\n\n<p>Le 4\/12\/2019<\/p>\n\n\n<p>D\u00e9couvrez le podcast de l&rsquo;interview sur <a href=\"https:\/\/www.oceanefm.com\/news\/bar-a-coudre-les-epinglees-16090\" target=\"_blank\" rel=\"noreferrer noopener\" aria-label=\"Les \u00c9pingl\u00e9es (s\u2019ouvre dans un nouvel onglet)\">Les \u00c9pingl\u00e9es<\/a><\/p>\n\n<\/div><\/div>\n\n<\/div><\/div>\n\n\n\n<div class=\"wp-block-atomic-blocks-ab-columns ab-layout-columns-2 ab-2-col-equal\"><div class=\"ab-layout-column-wrap ab-block-layout-column-gap-2 ab-is-responsive-column\">\n\n<div class=\"wp-block-atomic-blocks-ab-column ab-block-layout-column\"><div class=\"ab-block-layout-column-inner\">\n\n<figure class=\"wp-block-image is-resized\"><img loading=\"lazy\" decoding=\"async\" src=\"https:\/\/lesepinglees.fr\/wp-content\/uploads\/2019\/12\/K9A8400-1024x768.jpg\" alt=\"Radio France bleu\" class=\"wp-image-3063\" width=\"512\" height=\"384\"><figcaption>Les \u00c9pingl\u00e9es &#8211; Ad\u00e8le &amp; M\u00e9lanie<\/figcaption><\/figure>\n\n<\/div><\/div>\n\n\n<div class=\"wp-block-atomic-blocks-ab-column ab-block-layout-column\"><div class=\"ab-block-layout-column-inner\">\n\n<h2 class=\"wp-block-heading\">France Bleu Breizh Izel<\/h2>\n\n\n<p>Le 2\/12\/2019<\/p>\n\n\n<p>D\u00e9couvrez le podcast de l&rsquo;interview sur <a href=\"https:\/\/www.francebleu.fr\/emissions\/ils-sont-fous-ces-bretons\/breizh-izel\/melanie-tomasi-le-premier-bar-a-coudre-du-morbihan\" target=\"_blank\" rel=\"noreferrer noopener\" aria-label=\" (s\u2019ouvre dans un nouvel onglet)\">Les \u00c9pingl\u00e9es<\/a><\/p>\n\n<\/div><\/div>\n\n<\/div><\/div>\n\n\n\n<div class=\"wp-block-atomic-blocks-ab-columns ab-layout-columns-2 ab-2-col-equal\"><div class=\"ab-layout-column-wrap ab-block-layout-column-gap-2 ab-is-responsive-column\">\n\n<div class=\"wp-block-atomic-blocks-ab-column ab-block-layout-column\"><div class=\"ab-block-layout-column-inner\">\n\n<figure class=\"wp-block-image is-resized\"><img loading=\"lazy\" decoding=\"async\" src=\"https:\/\/lesepinglees.fr\/wp-content\/uploads\/2019\/12\/ce-lundi-le-bar-a-coudre-les-epinglees-d-adele-et-melanie_4797474.jpg\" alt=\"Ce lundi le bar a coudre les \u00e9pingl\u00e9es d'Ad\u00e8le et M\u00e9lanie\" class=\"wp-image-3078\" width=\"500\" height=\"295\"><figcaption> Ce lundi, le bar \u00e0 coudre Les \u00c9pingl\u00e9es, d\u2019Ad\u00e8le et M\u00e9lanie, l\u00e8vera le rideau, au p\u00f4le Technellys \u00e0 Lanester <\/figcaption><\/figure>\n\n<\/div><\/div>\n\n\n<div class=\"wp-block-atomic-blocks-ab-column ab-block-layout-column\"><div class=\"ab-block-layout-column-inner\">\n\n<h2 class=\"wp-block-heading\">T\u00e9l\u00e9gramme<\/h2>\n\n\n<p>Le 12\/09\/2019<\/p>\n\n\n<p> D\u00e9couvrez l&rsquo;article sur <a href=\"https:\/\/www.letelegramme.fr\/morbihan\/lorient\/les-epinglees-un-bar-a-coudre-comme-une-salle-de-sport-12-09-2019-12381423.php\" target=\"_blank\" rel=\"noreferrer noopener\" aria-label=\"Les \u00c9pingl\u00e9es (s\u2019ouvre dans un nouvel onglet)\">Les \u00c9pingl\u00e9es<\/a> <\/p>\n\n<\/div><\/div>\n\n<\/div><\/div>\n\n\n\n<div class=\"wp-block-atomic-blocks-ab-columns ab-layout-columns-2 ab-2-col-equal\"><div class=\"ab-layout-column-wrap ab-block-layout-column-gap-2 ab-is-responsive-column\">\n\n<div class=\"wp-block-atomic-blocks-ab-column ab-block-layout-column\"><div class=\"ab-block-layout-column-inner\">\n\n<figure class=\"wp-block-image is-resized\"><img loading=\"lazy\" decoding=\"async\" src=\"https:\/\/lesepinglees.fr\/wp-content\/uploads\/2019\/09\/d89ec63b78ee56fbb28f03a1612be06a-lanester-elles-ouvrent-le-premier-bar-coudre-du-morbihan_2-1024x575.jpg\" alt=\"Ad\u00e8le et M\u00e9lanie, les fondatrices des Epingl\u00e9es : bar \u00e0 coudre et atelier de couture\" class=\"wp-image-130\" width=\"512\" height=\"288\"><figcaption>Ad\u00e8le et M\u00e9lanie dans les locaux du bar \u00e0 coudre, \u00e0 Lanester<\/figcaption><\/figure>\n\n<\/div><\/div>\n\n\n<div class=\"wp-block-atomic-blocks-ab-column ab-block-layout-column\"><div class=\"ab-block-layout-column-inner\">\n\n<h2 class=\"wp-block-heading\">Ouest France<\/h2>\n\n\n<p>Le 10\/09\/2019<\/p>\n\n\n<p>D\u00e9couvrez l&rsquo;article sur <a href=\"https:\/\/www.ouest-france.fr\/bretagne\/lanester-56600\/lanester-elles-ouvrent-le-premier-bar-coudre-du-morbihan-6513818\" target=\"_blank\" rel=\"noreferrer noopener\" aria-label=\"Les \u00c9pingl\u00e9es (s\u2019ouvre dans un nouvel onglet)\">Les \u00c9pingl\u00e9es<\/a><\/p>\n\n<\/div><\/div>\n\n<\/div><\/div>\n\n\n\n<p><\/p>\n","protected":false},"excerpt":{"rendered":"<p>Retrouvez ici tous les articles de presse, podcast ou reportage TV. Tout est ici ! France 3 Le 21\/02\/2020 D\u00e9couvrez le reportage de France 3<\/p>\n","protected":false},"author":1,"featured_media":0,"parent":0,"menu_order":0,"comment_status":"closed","ping_status":"closed","template":"","meta":{"footnotes":""},"class_list":["post-113","page","type-page","status-publish","hentry"],"yoast_head":"<!-- This site is optimized with the Yoast SEO plugin v27.4 - https:\/\/yoast.com\/product\/yoast-seo-wordpress\/ -->\n<title>On parle des Epingl\u00e9es - Cours de couture dans le Morbihan<\/title>\n<meta name=\"robots\" content=\"index, follow, max-snippet:-1, max-image-preview:large, max-video-preview:-1\" \/>\n<link rel=\"canonical\" href=\"https:\/\/lesepinglees.fr\/index.php\/on-parle-des-epinglees\/\" \/>\n<meta property=\"og:locale\" content=\"fr_FR\" \/>\n<meta property=\"og:type\" content=\"article\" \/>\n<meta property=\"og:title\" content=\"On parle des Epingl\u00e9es - Cours de couture dans le Morbihan\" \/>\n<meta property=\"og:description\" content=\"Retrouvez ici tous les articles de presse, podcast ou reportage TV. Tout est ici ! France 3 Le 21\/02\/2020 D\u00e9couvrez le reportage de France 3\" \/>\n<meta property=\"og:url\" content=\"https:\/\/lesepinglees.fr\/index.php\/on-parle-des-epinglees\/\" \/>\n<meta property=\"og:site_name\" content=\"Cours de couture dans le Morbihan\" \/>\n<meta property=\"og:image\" content=\"https:\/\/lesepinglees.fr\/wp-content\/uploads\/2019\/12\/NXYC8326-1024x1024.jpg\" \/>\n<meta name=\"twitter:card\" content=\"summary_large_image\" \/>\n<meta name=\"twitter:label1\" content=\"Dur\u00e9e de lecture estim\u00e9e\" \/>\n\t<meta name=\"twitter:data1\" content=\"2 minutes\" \/>\n<script type=\"application\/ld+json\" class=\"yoast-schema-graph\">{\"@context\":\"https:\\\/\\\/schema.org\",\"@graph\":[{\"@type\":\"WebPage\",\"@id\":\"https:\\\/\\\/lesepinglees.fr\\\/index.php\\\/on-parle-des-epinglees\\\/\",\"url\":\"https:\\\/\\\/lesepinglees.fr\\\/index.php\\\/on-parle-des-epinglees\\\/\",\"name\":\"On parle des Epingl\u00e9es - Cours de couture dans le Morbihan\",\"isPartOf\":{\"@id\":\"https:\\\/\\\/lesepinglees.fr\\\/#website\"},\"primaryImageOfPage\":{\"@id\":\"https:\\\/\\\/lesepinglees.fr\\\/index.php\\\/on-parle-des-epinglees\\\/#primaryimage\"},\"image\":{\"@id\":\"https:\\\/\\\/lesepinglees.fr\\\/index.php\\\/on-parle-des-epinglees\\\/#primaryimage\"},\"thumbnailUrl\":\"https:\\\/\\\/lesepinglees.fr\\\/wp-content\\\/uploads\\\/2019\\\/12\\\/NXYC8326-1024x1024.jpg\",\"datePublished\":\"2022-02-28T10:08:24+00:00\",\"breadcrumb\":{\"@id\":\"https:\\\/\\\/lesepinglees.fr\\\/index.php\\\/on-parle-des-epinglees\\\/#breadcrumb\"},\"inLanguage\":\"fr-FR\",\"potentialAction\":[{\"@type\":\"ReadAction\",\"target\":[\"https:\\\/\\\/lesepinglees.fr\\\/index.php\\\/on-parle-des-epinglees\\\/\"]}]},{\"@type\":\"ImageObject\",\"inLanguage\":\"fr-FR\",\"@id\":\"https:\\\/\\\/lesepinglees.fr\\\/index.php\\\/on-parle-des-epinglees\\\/#primaryimage\",\"url\":\"https:\\\/\\\/lesepinglees.fr\\\/wp-content\\\/uploads\\\/2019\\\/12\\\/NXYC8326-1024x1024.jpg\",\"contentUrl\":\"https:\\\/\\\/lesepinglees.fr\\\/wp-content\\\/uploads\\\/2019\\\/12\\\/NXYC8326-1024x1024.jpg\"},{\"@type\":\"BreadcrumbList\",\"@id\":\"https:\\\/\\\/lesepinglees.fr\\\/index.php\\\/on-parle-des-epinglees\\\/#breadcrumb\",\"itemListElement\":[{\"@type\":\"ListItem\",\"position\":1,\"name\":\"Accueil\",\"item\":\"https:\\\/\\\/lesepinglees.fr\\\/\"},{\"@type\":\"ListItem\",\"position\":2,\"name\":\"On parle des Epingl\u00e9es\"}]},{\"@type\":\"WebSite\",\"@id\":\"https:\\\/\\\/lesepinglees.fr\\\/#website\",\"url\":\"https:\\\/\\\/lesepinglees.fr\\\/\",\"name\":\"Cours de couture dans le Morbihan\",\"description\":\"Coudre sans mod\u00e9ration\",\"publisher\":{\"@id\":\"https:\\\/\\\/lesepinglees.fr\\\/#organization\"},\"potentialAction\":[{\"@type\":\"SearchAction\",\"target\":{\"@type\":\"EntryPoint\",\"urlTemplate\":\"https:\\\/\\\/lesepinglees.fr\\\/?s={search_term_string}\"},\"query-input\":{\"@type\":\"PropertyValueSpecification\",\"valueRequired\":true,\"valueName\":\"search_term_string\"}}],\"inLanguage\":\"fr-FR\"},{\"@type\":\"Organization\",\"@id\":\"https:\\\/\\\/lesepinglees.fr\\\/#organization\",\"name\":\"Cours de couture dans le Morbihan\",\"url\":\"https:\\\/\\\/lesepinglees.fr\\\/\",\"logo\":{\"@type\":\"ImageObject\",\"inLanguage\":\"fr-FR\",\"@id\":\"https:\\\/\\\/lesepinglees.fr\\\/#\\\/schema\\\/logo\\\/image\\\/\",\"url\":\"https:\\\/\\\/lesepinglees.fr\\\/wp-content\\\/uploads\\\/2022\\\/08\\\/cropped-cropped-Logo-Les-Epinglees-2.png\",\"contentUrl\":\"https:\\\/\\\/lesepinglees.fr\\\/wp-content\\\/uploads\\\/2022\\\/08\\\/cropped-cropped-Logo-Les-Epinglees-2.png\",\"width\":931,\"height\":333,\"caption\":\"Cours de couture dans le Morbihan\"},\"image\":{\"@id\":\"https:\\\/\\\/lesepinglees.fr\\\/#\\\/schema\\\/logo\\\/image\\\/\"}}]}<\/script>\n<!-- \/ Yoast SEO plugin. -->","yoast_head_json":{"title":"On parle des Epingl\u00e9es - Cours de couture dans le Morbihan","robots":{"index":"index","follow":"follow","max-snippet":"max-snippet:-1","max-image-preview":"max-image-preview:large","max-video-preview":"max-video-preview:-1"},"canonical":"https:\/\/lesepinglees.fr\/index.php\/on-parle-des-epinglees\/","og_locale":"fr_FR","og_type":"article","og_title":"On parle des Epingl\u00e9es - Cours de couture dans le Morbihan","og_description":"Retrouvez ici tous les articles de presse, podcast ou reportage TV. Tout est ici ! France 3 Le 21\/02\/2020 D\u00e9couvrez le reportage de France 3","og_url":"https:\/\/lesepinglees.fr\/index.php\/on-parle-des-epinglees\/","og_site_name":"Cours de couture dans le Morbihan","og_image":[{"url":"https:\/\/lesepinglees.fr\/wp-content\/uploads\/2019\/12\/NXYC8326-1024x1024.jpg","type":"","width":"","height":""}],"twitter_card":"summary_large_image","twitter_misc":{"Dur\u00e9e de lecture estim\u00e9e":"2 minutes"},"schema":{"@context":"https:\/\/schema.org","@graph":[{"@type":"WebPage","@id":"https:\/\/lesepinglees.fr\/index.php\/on-parle-des-epinglees\/","url":"https:\/\/lesepinglees.fr\/index.php\/on-parle-des-epinglees\/","name":"On parle des Epingl\u00e9es - Cours de couture dans le Morbihan","isPartOf":{"@id":"https:\/\/lesepinglees.fr\/#website"},"primaryImageOfPage":{"@id":"https:\/\/lesepinglees.fr\/index.php\/on-parle-des-epinglees\/#primaryimage"},"image":{"@id":"https:\/\/lesepinglees.fr\/index.php\/on-parle-des-epinglees\/#primaryimage"},"thumbnailUrl":"https:\/\/lesepinglees.fr\/wp-content\/uploads\/2019\/12\/NXYC8326-1024x1024.jpg","datePublished":"2022-02-28T10:08:24+00:00","breadcrumb":{"@id":"https:\/\/lesepinglees.fr\/index.php\/on-parle-des-epinglees\/#breadcrumb"},"inLanguage":"fr-FR","potentialAction":[{"@type":"ReadAction","target":["https:\/\/lesepinglees.fr\/index.php\/on-parle-des-epinglees\/"]}]},{"@type":"ImageObject","inLanguage":"fr-FR","@id":"https:\/\/lesepinglees.fr\/index.php\/on-parle-des-epinglees\/#primaryimage","url":"https:\/\/lesepinglees.fr\/wp-content\/uploads\/2019\/12\/NXYC8326-1024x1024.jpg","contentUrl":"https:\/\/lesepinglees.fr\/wp-content\/uploads\/2019\/12\/NXYC8326-1024x1024.jpg"},{"@type":"BreadcrumbList","@id":"https:\/\/lesepinglees.fr\/index.php\/on-parle-des-epinglees\/#breadcrumb","itemListElement":[{"@type":"ListItem","position":1,"name":"Accueil","item":"https:\/\/lesepinglees.fr\/"},{"@type":"ListItem","position":2,"name":"On parle des Epingl\u00e9es"}]},{"@type":"WebSite","@id":"https:\/\/lesepinglees.fr\/#website","url":"https:\/\/lesepinglees.fr\/","name":"Cours de couture dans le Morbihan","description":"Coudre sans mod\u00e9ration","publisher":{"@id":"https:\/\/lesepinglees.fr\/#organization"},"potentialAction":[{"@type":"SearchAction","target":{"@type":"EntryPoint","urlTemplate":"https:\/\/lesepinglees.fr\/?s={search_term_string}"},"query-input":{"@type":"PropertyValueSpecification","valueRequired":true,"valueName":"search_term_string"}}],"inLanguage":"fr-FR"},{"@type":"Organization","@id":"https:\/\/lesepinglees.fr\/#organization","name":"Cours de couture dans le Morbihan","url":"https:\/\/lesepinglees.fr\/","logo":{"@type":"ImageObject","inLanguage":"fr-FR","@id":"https:\/\/lesepinglees.fr\/#\/schema\/logo\/image\/","url":"https:\/\/lesepinglees.fr\/wp-content\/uploads\/2022\/08\/cropped-cropped-Logo-Les-Epinglees-2.png","contentUrl":"https:\/\/lesepinglees.fr\/wp-content\/uploads\/2022\/08\/cropped-cropped-Logo-Les-Epinglees-2.png","width":931,"height":333,"caption":"Cours de couture dans le Morbihan"},"image":{"@id":"https:\/\/lesepinglees.fr\/#\/schema\/logo\/image\/"}}]}},"_links":{"self":[{"href":"https:\/\/lesepinglees.fr\/index.php\/wp-json\/wp\/v2\/pages\/113","targetHints":{"allow":["GET"]}}],"collection":[{"href":"https:\/\/lesepinglees.fr\/index.php\/wp-json\/wp\/v2\/pages"}],"about":[{"href":"https:\/\/lesepinglees.fr\/index.php\/wp-json\/wp\/v2\/types\/page"}],"author":[{"embeddable":true,"href":"https:\/\/lesepinglees.fr\/index.php\/wp-json\/wp\/v2\/users\/1"}],"replies":[{"embeddable":true,"href":"https:\/\/lesepinglees.fr\/index.php\/wp-json\/wp\/v2\/comments?post=113"}],"version-history":[{"count":1,"href":"https:\/\/lesepinglees.fr\/index.php\/wp-json\/wp\/v2\/pages\/113\/revisions"}],"predecessor-version":[{"id":674,"href":"https:\/\/lesepinglees.fr\/index.php\/wp-json\/wp\/v2\/pages\/113\/revisions\/674"}],"wp:attachment":[{"href":"https:\/\/lesepinglees.fr\/index.php\/wp-json\/wp\/v2\/media?parent=113"}],"curies":[{"name":"wp","href":"https:\/\/api.w.org\/{rel}","templated":true}]}}