{"id":1033,"date":"2024-01-26T15:55:03","date_gmt":"2024-01-26T14:55:03","guid":{"rendered":"https:\/\/lesepinglees.fr\/?page_id=1033"},"modified":"2026-04-03T19:33:25","modified_gmt":"2026-04-03T17:33:25","slug":"stages","status":"publish","type":"page","link":"https:\/\/lesepinglees.fr\/index.php\/stages\/","title":{"rendered":"Stages couture"},"content":{"rendered":"\n<p><\/p>\n\n\n\n<div class=\"wp-block-cover\"><img loading=\"lazy\" decoding=\"async\" width=\"1903\" height=\"749\" class=\"wp-block-cover__image-background wp-image-629\" alt=\"\" src=\"https:\/\/lesepinglees.fr\/wp-content\/uploads\/2022\/08\/cropped-K9A8279-bleu.jpg\" data-object-fit=\"cover\" srcset=\"https:\/\/lesepinglees.fr\/wp-content\/uploads\/2022\/08\/cropped-K9A8279-bleu.jpg 1903w, https:\/\/lesepinglees.fr\/wp-content\/uploads\/2022\/08\/cropped-K9A8279-bleu-300x118.jpg 300w, https:\/\/lesepinglees.fr\/wp-content\/uploads\/2022\/08\/cropped-K9A8279-bleu-1024x403.jpg 1024w, https:\/\/lesepinglees.fr\/wp-content\/uploads\/2022\/08\/cropped-K9A8279-bleu-768x302.jpg 768w, https:\/\/lesepinglees.fr\/wp-content\/uploads\/2022\/08\/cropped-K9A8279-bleu-1536x605.jpg 1536w\" sizes=\"auto, (max-width: 1903px) 100vw, 1903px\" \/><span aria-hidden=\"true\" class=\"wp-block-cover__background has-background-dim\"><\/span><div class=\"wp-block-cover__inner-container is-layout-flow wp-block-cover-is-layout-flow\">\n<p class=\"has-text-align-center has-large-font-size\" style=\"text-transform:uppercase\"><strong><strong>STAge couture<\/strong><\/strong><\/p>\n\n\n\n<p class=\"has-text-align-center has-large-font-size\" style=\"text-transform:uppercase\"><strong><strong>enfant &#8211; ado<\/strong><\/strong>&#8211; <strong><strong>duo avec un adulte<\/strong><\/strong><\/p>\n<\/div><\/div>\n\n\n\n<p class=\"has-text-align-center has-medium-font-size\" style=\"letter-spacing:5px;text-transform:uppercase\"><strong><span>collectif &#8211; <strong><strong>limit\u00e9 \u00e0 4 personnes<\/strong><\/strong><\/span><\/strong> &#8211; <strong><span>6h &#8211; vacances<\/span><\/strong><\/p>\n\n\n\n<p><\/p>\n\n\n\n<div class=\"wp-block-group\"><div class=\"wp-block-group__inner-container is-layout-flow wp-block-group-is-layout-flow\">\n<p>\u27a1\ufe0f Stage pour enfant et ado \u00e0 partir de 8 ans<\/p>\n\n\n\n<p>\u27a1\ufe0f Stage pour adulte en duo avec un enfant<\/p>\n\n\n\n<p>\u27a1\ufe0f Pr\u00e9requis : Aucun. D\u00e9butant accept\u00e9 !<\/p>\n\n\n\n<p>\u27a1\ufe0f L&rsquo;atelier se fait sur 3 sessions de 2h (soit 6h de couture)<\/p>\n\n\n\n<p>\u27a1\ufe0f Venir avec sa machine \u00e0 coudre. Une machine peut \u00eatre pr\u00eat\u00e9e si vous n&rsquo;en avez pas.<\/p>\n\n\n\n<p>\u27a1\ufe0f Programme libre \u00e0 d\u00e9terminer ensemble avant le stage<\/p>\n\n\n\n<p>\u27a1\ufe0f Voici quelques id\u00e9es de cr\u00e9ations pour les d\u00e9butants ou les jeunes :<\/p>\n\n\n\n<ul class=\"wp-block-list\">\n<li>Pochon<\/li>\n\n\n\n<li>Tote bag<\/li>\n\n\n\n<li>Sac cabas avec anse<\/li>\n\n\n\n<li>Prot\u00e8ge carnet<\/li>\n\n\n\n<li>Trousse<\/li>\n\n\n\n<li>Pied au sec (pour la piscine)<\/li>\n\n\n\n<li>Doudou<\/li>\n\n\n\n<li>V\u00eatement de son choix et r\u00e9alisable en 3 sessions (on en discute ensemble avant le stage)<\/li>\n\n\n\n<li>Etc&#8230; (\u00e0 voir ensemble ce que l&rsquo;enfant \u00e0 envie de faire)<\/li>\n<\/ul>\n\n\n\n<p><strong><em>Stage couture<\/em><\/strong><\/p>\n<\/div><\/div>\n\n\n\n<p>Pas de date pour le moment<\/p>\n\n\n\n<p>Prochain stage : vacances de la Toussaint 2026 et Vacances de Printemps 2027<\/p>\n\n\n\n<div class=\"wp-block-group\"><div class=\"wp-block-group__inner-container is-layout-flow wp-block-group-is-layout-flow\">\n\n\n<p><em>Inscription possible d\u00e8s maintenant. Place ultra limit\u00e9e<\/em><\/p>\n\n\n\n<p><\/p>\n\n\n\n<div class=\"wp-block-columns is-layout-flex wp-container-core-columns-is-layout-9d6595d7 wp-block-columns-is-layout-flex\">\n<div class=\"wp-block-column is-layout-flow wp-block-column-is-layout-flow\">\n<div class=\"wp-block-buttons is-content-justification-center is-layout-flex wp-container-core-buttons-is-layout-16018d1d wp-block-buttons-is-layout-flex\">\n<div class=\"wp-block-button\"><a class=\"wp-block-button__link has-white-color has-text-color has-background wp-element-button\" href=\"https:\/\/lesepinglees.fr\/index.php\/tarif\/\" style=\"border-radius:0px;background-color:#eb695b\">VOIR LES TARIFS<\/a><\/div>\n<\/div>\n<\/div>\n<\/div>\n\n\n\n<p><\/p>\n\n\n\n<div class=\"wp-block-columns is-layout-flex wp-container-core-columns-is-layout-9d6595d7 wp-block-columns-is-layout-flex\">\n<div class=\"wp-block-column is-layout-flow wp-block-column-is-layout-flow\"><\/div>\n<\/div>\n\n\n\n<p>Ce stage se passe sur Hennebont, dans l&rsquo;atelier <strong>bien lumineux<\/strong> des Epingl\u00e9es avec ses grandes tables tr\u00e8s pratique pour travailler. Des <strong>machines \u00e0 coudre <\/strong>et tout le petit mat\u00e9riel de couture sont \u00e9galement disponible.<\/p>\n\n\n\n<p>La r\u00e9servation des cours se fait par <strong>mail <\/strong>ou par <strong>t\u00e9l\u00e9phone<\/strong>. Ensemble, on <strong>discute <\/strong>en amont de ce que souhaite l&rsquo;enfant ou le jeune<strong> <\/strong>! Des id\u00e9es sont disponible sur la page des <strong><a href=\"https:\/\/lesepinglees.fr\/index.php\/cours-enfant-ado\/\">P&rsquo;tit chef<\/a><\/strong> pour les plus jeunes.<\/p>\n\n\n\n<div style=\"height:100px\" aria-hidden=\"true\" class=\"wp-block-spacer\"><\/div>\n\n\n\n<div class=\"wp-block-columns is-layout-flex wp-container-core-columns-is-layout-9d6595d7 wp-block-columns-is-layout-flex\"><\/div>\n\n\n\n<div style=\"height:64px\" aria-hidden=\"true\" class=\"wp-block-spacer\"><\/div>\n<\/div><\/div>\n","protected":false},"excerpt":{"rendered":"<p>collectif &#8211; limit\u00e9 \u00e0 4 personnes &#8211; 6h &#8211; vacances \u27a1\ufe0f Stage pour enfant et ado \u00e0 partir de 8 ans \u27a1\ufe0f Stage pour adulte en duo avec un enfant \u27a1\ufe0f Pr\u00e9requis : Aucun. D\u00e9butant accept\u00e9 ! \u27a1\ufe0f L&rsquo;atelier se fait sur 3 sessions de 2h (soit 6h de couture) \u27a1\ufe0f Venir avec sa machine &hellip; <\/p>\n","protected":false},"author":1,"featured_media":0,"parent":0,"menu_order":0,"comment_status":"closed","ping_status":"closed","template":"","meta":{"footnotes":""},"class_list":["post-1033","page","type-page","status-publish","hentry"],"yoast_head":"<!-- This site is optimized with the Yoast SEO plugin v27.4 - https:\/\/yoast.com\/product\/yoast-seo-wordpress\/ -->\n<title>Stages couture - Cours de couture dans le Morbihan<\/title>\n<meta name=\"robots\" content=\"index, follow, max-snippet:-1, max-image-preview:large, max-video-preview:-1\" \/>\n<link rel=\"canonical\" href=\"https:\/\/lesepinglees.fr\/index.php\/stages\/\" \/>\n<meta property=\"og:locale\" content=\"fr_FR\" \/>\n<meta property=\"og:type\" content=\"article\" \/>\n<meta property=\"og:title\" content=\"Stages couture - Cours de couture dans le Morbihan\" \/>\n<meta property=\"og:description\" content=\"collectif &#8211; limit\u00e9 \u00e0 4 personnes &#8211; 6h &#8211; vacances \u27a1\ufe0f Stage pour enfant et ado \u00e0 partir de 8 ans \u27a1\ufe0f Stage pour adulte en duo avec un enfant \u27a1\ufe0f Pr\u00e9requis : Aucun. D\u00e9butant accept\u00e9 ! \u27a1\ufe0f L&rsquo;atelier se fait sur 3 sessions de 2h (soit 6h de couture) \u27a1\ufe0f Venir avec sa machine &hellip;\" \/>\n<meta property=\"og:url\" content=\"https:\/\/lesepinglees.fr\/index.php\/stages\/\" \/>\n<meta property=\"og:site_name\" content=\"Cours de couture dans le Morbihan\" \/>\n<meta property=\"article:modified_time\" content=\"2026-04-03T17:33:25+00:00\" \/>\n<meta property=\"og:image\" content=\"http:\/\/lesepinglees.fr\/wp-content\/uploads\/2022\/08\/cropped-K9A8279-bleu.jpg\" \/>\n<meta name=\"twitter:card\" content=\"summary_large_image\" \/>\n<meta name=\"twitter:label1\" content=\"Dur\u00e9e de lecture estim\u00e9e\" \/>\n\t<meta name=\"twitter:data1\" content=\"2 minutes\" \/>\n<script type=\"application\/ld+json\" class=\"yoast-schema-graph\">{\"@context\":\"https:\\\/\\\/schema.org\",\"@graph\":[{\"@type\":\"WebPage\",\"@id\":\"https:\\\/\\\/lesepinglees.fr\\\/index.php\\\/stages\\\/\",\"url\":\"https:\\\/\\\/lesepinglees.fr\\\/index.php\\\/stages\\\/\",\"name\":\"Stages couture - Cours de couture dans le Morbihan\",\"isPartOf\":{\"@id\":\"https:\\\/\\\/lesepinglees.fr\\\/#website\"},\"primaryImageOfPage\":{\"@id\":\"https:\\\/\\\/lesepinglees.fr\\\/index.php\\\/stages\\\/#primaryimage\"},\"image\":{\"@id\":\"https:\\\/\\\/lesepinglees.fr\\\/index.php\\\/stages\\\/#primaryimage\"},\"thumbnailUrl\":\"http:\\\/\\\/lesepinglees.fr\\\/wp-content\\\/uploads\\\/2022\\\/08\\\/cropped-K9A8279-bleu.jpg\",\"datePublished\":\"2024-01-26T14:55:03+00:00\",\"dateModified\":\"2026-04-03T17:33:25+00:00\",\"breadcrumb\":{\"@id\":\"https:\\\/\\\/lesepinglees.fr\\\/index.php\\\/stages\\\/#breadcrumb\"},\"inLanguage\":\"fr-FR\",\"potentialAction\":[{\"@type\":\"ReadAction\",\"target\":[\"https:\\\/\\\/lesepinglees.fr\\\/index.php\\\/stages\\\/\"]}]},{\"@type\":\"ImageObject\",\"inLanguage\":\"fr-FR\",\"@id\":\"https:\\\/\\\/lesepinglees.fr\\\/index.php\\\/stages\\\/#primaryimage\",\"url\":\"http:\\\/\\\/lesepinglees.fr\\\/wp-content\\\/uploads\\\/2022\\\/08\\\/cropped-K9A8279-bleu.jpg\",\"contentUrl\":\"http:\\\/\\\/lesepinglees.fr\\\/wp-content\\\/uploads\\\/2022\\\/08\\\/cropped-K9A8279-bleu.jpg\"},{\"@type\":\"BreadcrumbList\",\"@id\":\"https:\\\/\\\/lesepinglees.fr\\\/index.php\\\/stages\\\/#breadcrumb\",\"itemListElement\":[{\"@type\":\"ListItem\",\"position\":1,\"name\":\"Accueil\",\"item\":\"https:\\\/\\\/lesepinglees.fr\\\/\"},{\"@type\":\"ListItem\",\"position\":2,\"name\":\"Stages couture\"}]},{\"@type\":\"WebSite\",\"@id\":\"https:\\\/\\\/lesepinglees.fr\\\/#website\",\"url\":\"https:\\\/\\\/lesepinglees.fr\\\/\",\"name\":\"Cours de couture dans le Morbihan\",\"description\":\"Coudre sans mod\u00e9ration\",\"publisher\":{\"@id\":\"https:\\\/\\\/lesepinglees.fr\\\/#organization\"},\"potentialAction\":[{\"@type\":\"SearchAction\",\"target\":{\"@type\":\"EntryPoint\",\"urlTemplate\":\"https:\\\/\\\/lesepinglees.fr\\\/?s={search_term_string}\"},\"query-input\":{\"@type\":\"PropertyValueSpecification\",\"valueRequired\":true,\"valueName\":\"search_term_string\"}}],\"inLanguage\":\"fr-FR\"},{\"@type\":\"Organization\",\"@id\":\"https:\\\/\\\/lesepinglees.fr\\\/#organization\",\"name\":\"Cours de couture dans le Morbihan\",\"url\":\"https:\\\/\\\/lesepinglees.fr\\\/\",\"logo\":{\"@type\":\"ImageObject\",\"inLanguage\":\"fr-FR\",\"@id\":\"https:\\\/\\\/lesepinglees.fr\\\/#\\\/schema\\\/logo\\\/image\\\/\",\"url\":\"https:\\\/\\\/lesepinglees.fr\\\/wp-content\\\/uploads\\\/2022\\\/08\\\/cropped-cropped-Logo-Les-Epinglees-2.png\",\"contentUrl\":\"https:\\\/\\\/lesepinglees.fr\\\/wp-content\\\/uploads\\\/2022\\\/08\\\/cropped-cropped-Logo-Les-Epinglees-2.png\",\"width\":931,\"height\":333,\"caption\":\"Cours de couture dans le Morbihan\"},\"image\":{\"@id\":\"https:\\\/\\\/lesepinglees.fr\\\/#\\\/schema\\\/logo\\\/image\\\/\"}}]}<\/script>\n<!-- \/ Yoast SEO plugin. -->","yoast_head_json":{"title":"Stages couture - Cours de couture dans le Morbihan","robots":{"index":"index","follow":"follow","max-snippet":"max-snippet:-1","max-image-preview":"max-image-preview:large","max-video-preview":"max-video-preview:-1"},"canonical":"https:\/\/lesepinglees.fr\/index.php\/stages\/","og_locale":"fr_FR","og_type":"article","og_title":"Stages couture - Cours de couture dans le Morbihan","og_description":"collectif &#8211; limit\u00e9 \u00e0 4 personnes &#8211; 6h &#8211; vacances \u27a1\ufe0f Stage pour enfant et ado \u00e0 partir de 8 ans \u27a1\ufe0f Stage pour adulte en duo avec un enfant \u27a1\ufe0f Pr\u00e9requis : Aucun. D\u00e9butant accept\u00e9 ! \u27a1\ufe0f L&rsquo;atelier se fait sur 3 sessions de 2h (soit 6h de couture) \u27a1\ufe0f Venir avec sa machine &hellip;","og_url":"https:\/\/lesepinglees.fr\/index.php\/stages\/","og_site_name":"Cours de couture dans le Morbihan","article_modified_time":"2026-04-03T17:33:25+00:00","og_image":[{"url":"http:\/\/lesepinglees.fr\/wp-content\/uploads\/2022\/08\/cropped-K9A8279-bleu.jpg","type":"","width":"","height":""}],"twitter_card":"summary_large_image","twitter_misc":{"Dur\u00e9e de lecture estim\u00e9e":"2 minutes"},"schema":{"@context":"https:\/\/schema.org","@graph":[{"@type":"WebPage","@id":"https:\/\/lesepinglees.fr\/index.php\/stages\/","url":"https:\/\/lesepinglees.fr\/index.php\/stages\/","name":"Stages couture - Cours de couture dans le Morbihan","isPartOf":{"@id":"https:\/\/lesepinglees.fr\/#website"},"primaryImageOfPage":{"@id":"https:\/\/lesepinglees.fr\/index.php\/stages\/#primaryimage"},"image":{"@id":"https:\/\/lesepinglees.fr\/index.php\/stages\/#primaryimage"},"thumbnailUrl":"http:\/\/lesepinglees.fr\/wp-content\/uploads\/2022\/08\/cropped-K9A8279-bleu.jpg","datePublished":"2024-01-26T14:55:03+00:00","dateModified":"2026-04-03T17:33:25+00:00","breadcrumb":{"@id":"https:\/\/lesepinglees.fr\/index.php\/stages\/#breadcrumb"},"inLanguage":"fr-FR","potentialAction":[{"@type":"ReadAction","target":["https:\/\/lesepinglees.fr\/index.php\/stages\/"]}]},{"@type":"ImageObject","inLanguage":"fr-FR","@id":"https:\/\/lesepinglees.fr\/index.php\/stages\/#primaryimage","url":"http:\/\/lesepinglees.fr\/wp-content\/uploads\/2022\/08\/cropped-K9A8279-bleu.jpg","contentUrl":"http:\/\/lesepinglees.fr\/wp-content\/uploads\/2022\/08\/cropped-K9A8279-bleu.jpg"},{"@type":"BreadcrumbList","@id":"https:\/\/lesepinglees.fr\/index.php\/stages\/#breadcrumb","itemListElement":[{"@type":"ListItem","position":1,"name":"Accueil","item":"https:\/\/lesepinglees.fr\/"},{"@type":"ListItem","position":2,"name":"Stages couture"}]},{"@type":"WebSite","@id":"https:\/\/lesepinglees.fr\/#website","url":"https:\/\/lesepinglees.fr\/","name":"Cours de couture dans le Morbihan","description":"Coudre sans mod\u00e9ration","publisher":{"@id":"https:\/\/lesepinglees.fr\/#organization"},"potentialAction":[{"@type":"SearchAction","target":{"@type":"EntryPoint","urlTemplate":"https:\/\/lesepinglees.fr\/?s={search_term_string}"},"query-input":{"@type":"PropertyValueSpecification","valueRequired":true,"valueName":"search_term_string"}}],"inLanguage":"fr-FR"},{"@type":"Organization","@id":"https:\/\/lesepinglees.fr\/#organization","name":"Cours de couture dans le Morbihan","url":"https:\/\/lesepinglees.fr\/","logo":{"@type":"ImageObject","inLanguage":"fr-FR","@id":"https:\/\/lesepinglees.fr\/#\/schema\/logo\/image\/","url":"https:\/\/lesepinglees.fr\/wp-content\/uploads\/2022\/08\/cropped-cropped-Logo-Les-Epinglees-2.png","contentUrl":"https:\/\/lesepinglees.fr\/wp-content\/uploads\/2022\/08\/cropped-cropped-Logo-Les-Epinglees-2.png","width":931,"height":333,"caption":"Cours de couture dans le Morbihan"},"image":{"@id":"https:\/\/lesepinglees.fr\/#\/schema\/logo\/image\/"}}]}},"_links":{"self":[{"href":"https:\/\/lesepinglees.fr\/index.php\/wp-json\/wp\/v2\/pages\/1033","targetHints":{"allow":["GET"]}}],"collection":[{"href":"https:\/\/lesepinglees.fr\/index.php\/wp-json\/wp\/v2\/pages"}],"about":[{"href":"https:\/\/lesepinglees.fr\/index.php\/wp-json\/wp\/v2\/types\/page"}],"author":[{"embeddable":true,"href":"https:\/\/lesepinglees.fr\/index.php\/wp-json\/wp\/v2\/users\/1"}],"replies":[{"embeddable":true,"href":"https:\/\/lesepinglees.fr\/index.php\/wp-json\/wp\/v2\/comments?post=1033"}],"version-history":[{"count":25,"href":"https:\/\/lesepinglees.fr\/index.php\/wp-json\/wp\/v2\/pages\/1033\/revisions"}],"predecessor-version":[{"id":1426,"href":"https:\/\/lesepinglees.fr\/index.php\/wp-json\/wp\/v2\/pages\/1033\/revisions\/1426"}],"wp:attachment":[{"href":"https:\/\/lesepinglees.fr\/index.php\/wp-json\/wp\/v2\/media?parent=1033"}],"curies":[{"name":"wp","href":"https:\/\/api.w.org\/{rel}","templated":true}]}}