{"id":1025,"date":"2024-01-26T15:50:24","date_gmt":"2024-01-26T14:50:24","guid":{"rendered":"https:\/\/lesepinglees.fr\/?page_id=1025"},"modified":"2024-06-12T11:42:39","modified_gmt":"2024-06-12T09:42:39","slug":"cours-de-couture","status":"publish","type":"page","link":"https:\/\/lesepinglees.fr\/index.php\/cours-de-couture\/","title":{"rendered":"Cours de couture"},"content":{"rendered":"\n<p><strong>Cours collectif<\/strong><\/p>\n\n\n\n<ul class=\"wp-block-list\">\n<li><a href=\"https:\/\/lesepinglees.fr\/index.php\/cours-le-cinq-etoiles\/\">Cours \u00ab\u00a0Le cinq \u00e9toiles\u00a0\u00bb<\/a><\/li>\n\n\n\n<li><a href=\"https:\/\/lesepinglees.fr\/index.php\/cours-en-association\/\">Cours en association<\/a><\/li>\n<\/ul>\n\n\n\n<p><strong>Cours individuel<\/strong><\/p>\n\n\n\n<ul class=\"wp-block-list\">\n<li><a href=\"https:\/\/lesepinglees.fr\/index.php\/cours-particulier-le-tete-a-tete\/\">Cours \u00ab\u00a0Le t\u00eate \u00e0 t\u00eate\u00a0\u00bb<\/a><\/li>\n\n\n\n<li><a href=\"https:\/\/lesepinglees.fr\/index.php\/cours-la-decouverte\/\">Cours \u00ab\u00a0La D\u00e9couverte\u00a0\u00bb &#8211; Machine \u00e0 coudre<\/a><\/li>\n\n\n\n<li><a href=\"https:\/\/lesepinglees.fr\/index.php\/cours-la-decouverte-surjeteuse\/\">Cours \u00ab\u00a0La D\u00e9couverte\u00a0\u00bb &#8211; Surjeteuse<\/a><\/li>\n\n\n\n<li><a href=\"https:\/\/lesepinglees.fr\/index.php\/cours-la-decouverte-piqueuse-plate\/\">Cours \u00ab\u00a0La D\u00e9couverte\u00a0\u00bb &#8211; Piqueuse plate<\/a><\/li>\n<\/ul>\n\n\n\n<p><strong>Cours enfant\/ado<\/strong><\/p>\n\n\n\n<ul class=\"wp-block-list\">\n<li><a href=\"https:\/\/lesepinglees.fr\/index.php\/cours-enfant-ado\/\">Cours \u00ab\u00a0Le p&rsquo;tit chef\u00a0\u00bb<\/a><\/li>\n\n\n\n<li><a href=\"https:\/\/lesepinglees.fr\/index.php\/le-quatre-mains\/\">Cours \u00ab\u00a0A quatre mains\u00a0\u00bb<\/a><\/li>\n<\/ul>\n","protected":false},"excerpt":{"rendered":"<p>Cours collectif Cours individuel Cours enfant\/ado<\/p>\n","protected":false},"author":1,"featured_media":0,"parent":0,"menu_order":0,"comment_status":"closed","ping_status":"closed","template":"","meta":{"footnotes":""},"class_list":["post-1025","page","type-page","status-publish","hentry"],"yoast_head":"<!-- This site is optimized with the Yoast SEO plugin v27.4 - https:\/\/yoast.com\/product\/yoast-seo-wordpress\/ -->\n<title>Cours de couture - Cours de couture dans le Morbihan<\/title>\n<meta name=\"robots\" content=\"index, follow, max-snippet:-1, max-image-preview:large, max-video-preview:-1\" \/>\n<link rel=\"canonical\" href=\"https:\/\/lesepinglees.fr\/index.php\/cours-de-couture\/\" \/>\n<meta property=\"og:locale\" content=\"fr_FR\" \/>\n<meta property=\"og:type\" content=\"article\" \/>\n<meta property=\"og:title\" content=\"Cours de couture - Cours de couture dans le Morbihan\" \/>\n<meta property=\"og:description\" content=\"Cours collectif Cours individuel Cours enfant\/ado\" \/>\n<meta property=\"og:url\" content=\"https:\/\/lesepinglees.fr\/index.php\/cours-de-couture\/\" \/>\n<meta property=\"og:site_name\" content=\"Cours de couture dans le Morbihan\" \/>\n<meta property=\"article:modified_time\" content=\"2024-06-12T09:42:39+00:00\" \/>\n<meta name=\"twitter:card\" content=\"summary_large_image\" \/>\n<meta name=\"twitter:label1\" content=\"Dur\u00e9e de lecture estim\u00e9e\" \/>\n\t<meta name=\"twitter:data1\" content=\"1 minute\" \/>\n<script type=\"application\/ld+json\" class=\"yoast-schema-graph\">{\"@context\":\"https:\\\/\\\/schema.org\",\"@graph\":[{\"@type\":\"WebPage\",\"@id\":\"https:\\\/\\\/lesepinglees.fr\\\/index.php\\\/cours-de-couture\\\/\",\"url\":\"https:\\\/\\\/lesepinglees.fr\\\/index.php\\\/cours-de-couture\\\/\",\"name\":\"Cours de couture - Cours de couture dans le Morbihan\",\"isPartOf\":{\"@id\":\"https:\\\/\\\/lesepinglees.fr\\\/#website\"},\"datePublished\":\"2024-01-26T14:50:24+00:00\",\"dateModified\":\"2024-06-12T09:42:39+00:00\",\"breadcrumb\":{\"@id\":\"https:\\\/\\\/lesepinglees.fr\\\/index.php\\\/cours-de-couture\\\/#breadcrumb\"},\"inLanguage\":\"fr-FR\",\"potentialAction\":[{\"@type\":\"ReadAction\",\"target\":[\"https:\\\/\\\/lesepinglees.fr\\\/index.php\\\/cours-de-couture\\\/\"]}]},{\"@type\":\"BreadcrumbList\",\"@id\":\"https:\\\/\\\/lesepinglees.fr\\\/index.php\\\/cours-de-couture\\\/#breadcrumb\",\"itemListElement\":[{\"@type\":\"ListItem\",\"position\":1,\"name\":\"Accueil\",\"item\":\"https:\\\/\\\/lesepinglees.fr\\\/\"},{\"@type\":\"ListItem\",\"position\":2,\"name\":\"Cours de couture\"}]},{\"@type\":\"WebSite\",\"@id\":\"https:\\\/\\\/lesepinglees.fr\\\/#website\",\"url\":\"https:\\\/\\\/lesepinglees.fr\\\/\",\"name\":\"Cours de couture dans le Morbihan\",\"description\":\"Coudre sans mod\u00e9ration\",\"publisher\":{\"@id\":\"https:\\\/\\\/lesepinglees.fr\\\/#organization\"},\"potentialAction\":[{\"@type\":\"SearchAction\",\"target\":{\"@type\":\"EntryPoint\",\"urlTemplate\":\"https:\\\/\\\/lesepinglees.fr\\\/?s={search_term_string}\"},\"query-input\":{\"@type\":\"PropertyValueSpecification\",\"valueRequired\":true,\"valueName\":\"search_term_string\"}}],\"inLanguage\":\"fr-FR\"},{\"@type\":\"Organization\",\"@id\":\"https:\\\/\\\/lesepinglees.fr\\\/#organization\",\"name\":\"Cours de couture dans le Morbihan\",\"url\":\"https:\\\/\\\/lesepinglees.fr\\\/\",\"logo\":{\"@type\":\"ImageObject\",\"inLanguage\":\"fr-FR\",\"@id\":\"https:\\\/\\\/lesepinglees.fr\\\/#\\\/schema\\\/logo\\\/image\\\/\",\"url\":\"https:\\\/\\\/lesepinglees.fr\\\/wp-content\\\/uploads\\\/2022\\\/08\\\/cropped-cropped-Logo-Les-Epinglees-2.png\",\"contentUrl\":\"https:\\\/\\\/lesepinglees.fr\\\/wp-content\\\/uploads\\\/2022\\\/08\\\/cropped-cropped-Logo-Les-Epinglees-2.png\",\"width\":931,\"height\":333,\"caption\":\"Cours de couture dans le Morbihan\"},\"image\":{\"@id\":\"https:\\\/\\\/lesepinglees.fr\\\/#\\\/schema\\\/logo\\\/image\\\/\"}}]}<\/script>\n<!-- \/ Yoast SEO plugin. -->","yoast_head_json":{"title":"Cours de couture - Cours de couture dans le Morbihan","robots":{"index":"index","follow":"follow","max-snippet":"max-snippet:-1","max-image-preview":"max-image-preview:large","max-video-preview":"max-video-preview:-1"},"canonical":"https:\/\/lesepinglees.fr\/index.php\/cours-de-couture\/","og_locale":"fr_FR","og_type":"article","og_title":"Cours de couture - Cours de couture dans le Morbihan","og_description":"Cours collectif Cours individuel Cours enfant\/ado","og_url":"https:\/\/lesepinglees.fr\/index.php\/cours-de-couture\/","og_site_name":"Cours de couture dans le Morbihan","article_modified_time":"2024-06-12T09:42:39+00:00","twitter_card":"summary_large_image","twitter_misc":{"Dur\u00e9e de lecture estim\u00e9e":"1 minute"},"schema":{"@context":"https:\/\/schema.org","@graph":[{"@type":"WebPage","@id":"https:\/\/lesepinglees.fr\/index.php\/cours-de-couture\/","url":"https:\/\/lesepinglees.fr\/index.php\/cours-de-couture\/","name":"Cours de couture - Cours de couture dans le Morbihan","isPartOf":{"@id":"https:\/\/lesepinglees.fr\/#website"},"datePublished":"2024-01-26T14:50:24+00:00","dateModified":"2024-06-12T09:42:39+00:00","breadcrumb":{"@id":"https:\/\/lesepinglees.fr\/index.php\/cours-de-couture\/#breadcrumb"},"inLanguage":"fr-FR","potentialAction":[{"@type":"ReadAction","target":["https:\/\/lesepinglees.fr\/index.php\/cours-de-couture\/"]}]},{"@type":"BreadcrumbList","@id":"https:\/\/lesepinglees.fr\/index.php\/cours-de-couture\/#breadcrumb","itemListElement":[{"@type":"ListItem","position":1,"name":"Accueil","item":"https:\/\/lesepinglees.fr\/"},{"@type":"ListItem","position":2,"name":"Cours de couture"}]},{"@type":"WebSite","@id":"https:\/\/lesepinglees.fr\/#website","url":"https:\/\/lesepinglees.fr\/","name":"Cours de couture dans le Morbihan","description":"Coudre sans mod\u00e9ration","publisher":{"@id":"https:\/\/lesepinglees.fr\/#organization"},"potentialAction":[{"@type":"SearchAction","target":{"@type":"EntryPoint","urlTemplate":"https:\/\/lesepinglees.fr\/?s={search_term_string}"},"query-input":{"@type":"PropertyValueSpecification","valueRequired":true,"valueName":"search_term_string"}}],"inLanguage":"fr-FR"},{"@type":"Organization","@id":"https:\/\/lesepinglees.fr\/#organization","name":"Cours de couture dans le Morbihan","url":"https:\/\/lesepinglees.fr\/","logo":{"@type":"ImageObject","inLanguage":"fr-FR","@id":"https:\/\/lesepinglees.fr\/#\/schema\/logo\/image\/","url":"https:\/\/lesepinglees.fr\/wp-content\/uploads\/2022\/08\/cropped-cropped-Logo-Les-Epinglees-2.png","contentUrl":"https:\/\/lesepinglees.fr\/wp-content\/uploads\/2022\/08\/cropped-cropped-Logo-Les-Epinglees-2.png","width":931,"height":333,"caption":"Cours de couture dans le Morbihan"},"image":{"@id":"https:\/\/lesepinglees.fr\/#\/schema\/logo\/image\/"}}]}},"_links":{"self":[{"href":"https:\/\/lesepinglees.fr\/index.php\/wp-json\/wp\/v2\/pages\/1025","targetHints":{"allow":["GET"]}}],"collection":[{"href":"https:\/\/lesepinglees.fr\/index.php\/wp-json\/wp\/v2\/pages"}],"about":[{"href":"https:\/\/lesepinglees.fr\/index.php\/wp-json\/wp\/v2\/types\/page"}],"author":[{"embeddable":true,"href":"https:\/\/lesepinglees.fr\/index.php\/wp-json\/wp\/v2\/users\/1"}],"replies":[{"embeddable":true,"href":"https:\/\/lesepinglees.fr\/index.php\/wp-json\/wp\/v2\/comments?post=1025"}],"version-history":[{"count":3,"href":"https:\/\/lesepinglees.fr\/index.php\/wp-json\/wp\/v2\/pages\/1025\/revisions"}],"predecessor-version":[{"id":1087,"href":"https:\/\/lesepinglees.fr\/index.php\/wp-json\/wp\/v2\/pages\/1025\/revisions\/1087"}],"wp:attachment":[{"href":"https:\/\/lesepinglees.fr\/index.php\/wp-json\/wp\/v2\/media?parent=1025"}],"curies":[{"name":"wp","href":"https:\/\/api.w.org\/{rel}","templated":true}]}}